{"id":829,"date":"2025-07-24T07:02:38","date_gmt":"2025-07-24T07:02:38","guid":{"rendered":"https:\/\/tengyaart.com\/?post_type=product&#038;p=829"},"modified":"2025-07-24T07:02:39","modified_gmt":"2025-07-24T07:02:39","slug":"corteza-de-arbol-de-fibra-de-estrellas-de-mar-3d-arte-de-la-pared","status":"publish","type":"product","link":"https:\/\/tengyaart.com\/es\/corteza-de-arbol-de-fibra-de-estrellas-de-mar-3d-arte-de-la-pared\/","title":{"rendered":"Estrella de mar de fibra de corteza de \u00e1rbol 3D Wall Art"},"content":{"rendered":"<div class=\"elementor-element elementor-element-3cc90c64 elementor-widget elementor-widget-heading\" data-id=\"3cc90c64\" data-element_type=\"widget\" data-widget_type=\"heading.default\">\n<div class=\"elementor-widget-container\">\n<h2 class=\"elementor-heading-title elementor-size-default\">Descripci\u00f3n del producto<\/h2>\n<\/div>\n<\/div>\n<div class=\"elementor-element elementor-element-eeac772 elementor-widget elementor-widget-woocommerce-product-content\" data-id=\"eeac772\" data-element_type=\"widget\" data-widget_type=\"woocommerce-product-content.default\">\n<div class=\"elementor-widget-container\">\n<p><strong>Atractivo visual distintivo<\/strong><br \/>\nUtilizando materiales naturales como n\u00facleo, los dise\u00f1os innovadores aportan un lenguaje est\u00e9tico \u00fanico a las obras de arte, ayudando a que su proyecto destaque en un entorno de dise\u00f1o ferozmente competitivo.<br \/>\n<strong>Artesan\u00eda garantizada<\/strong><br \/>\nCada pieza se fabrica bajo estrictas normas de control de calidad para garantizar la uniformidad del acabado, la durabilidad y la idoneidad para su instalaci\u00f3n a largo plazo tanto en espacios comerciales como residenciales.<br \/>\n<strong>Potenciaci\u00f3n del dise\u00f1o<\/strong><br \/>\nLa obra, impregnada de expresivas texturas naturales, ofrece a dise\u00f1adores de interiores y arquitectos una convincente herramienta visual para elevar la narrativa espacial y crear impactantes puntos focales.<br \/>\n<strong>Potencial de personalizaci\u00f3n<\/strong><br \/>\n(Si procede) Las opciones personalizadas -incluidas dimensiones, paletas de tonos y combinaciones de texturas- est\u00e1n disponibles previa consulta para adaptarse a requisitos de dise\u00f1o espec\u00edficos o necesidades de proyectos a gran escala.<\/p>\n<h2>Especificaci\u00f3n del producto<\/h2>\n<p><strong>Dimensiones:<\/strong>56 cm (alto) \u00d7 56 cm (ancho) \u00d7 3 cm (fondo)<br \/>\n<strong>Material:<\/strong>\u00a0Corteza y papel<br \/>\nMarco: Marco de PS (poliestireno)<br \/>\nCubierta de cristal: No<br \/>\nPeso:2,5 kg<\/p>\n<\/div>\n<\/div>","protected":false},"excerpt":{"rendered":"<p>Con materiales naturales como n\u00facleo y una exquisita artesan\u00eda, se crean cuatro im\u00e1genes de estrellas de mar de gran realismo utilizando papel de corteza de \u00e1rbol hecho a mano como fondo. La textura natural del papel est\u00e1 dise\u00f1ada para imitar la textura de la arenisca, complementando los colores de las estrellas de mar y creando un ambiente sencillo pero natural.<\/p>","protected":false},"featured_media":799,"comment_status":"open","ping_status":"closed","template":"","meta":[],"product_brand":[],"product_cat":[33,37],"product_tag":[],"class_list":{"0":"post-829","1":"product","2":"type-product","3":"status-publish","4":"has-post-thumbnail","6":"product_cat-finished-wall-art","7":"product_cat-bark-paper-wall-art","8":"pa_size-m4080w-4080h","9":"pa_style-animals","11":"first","12":"instock","13":"shipping-taxable","14":"product-type-simple"},"_links":{"self":[{"href":"https:\/\/tengyaart.com\/es\/wp-json\/wp\/v2\/product\/829","targetHints":{"allow":["GET"]}}],"collection":[{"href":"https:\/\/tengyaart.com\/es\/wp-json\/wp\/v2\/product"}],"about":[{"href":"https:\/\/tengyaart.com\/es\/wp-json\/wp\/v2\/types\/product"}],"replies":[{"embeddable":true,"href":"https:\/\/tengyaart.com\/es\/wp-json\/wp\/v2\/comments?post=829"}],"wp:featuredmedia":[{"embeddable":true,"href":"https:\/\/tengyaart.com\/es\/wp-json\/wp\/v2\/media\/799"}],"wp:attachment":[{"href":"https:\/\/tengyaart.com\/es\/wp-json\/wp\/v2\/media?parent=829"}],"wp:term":[{"taxonomy":"product_brand","embeddable":true,"href":"https:\/\/tengyaart.com\/es\/wp-json\/wp\/v2\/product_brand?post=829"},{"taxonomy":"product_cat","embeddable":true,"href":"https:\/\/tengyaart.com\/es\/wp-json\/wp\/v2\/product_cat?post=829"},{"taxonomy":"product_tag","embeddable":true,"href":"https:\/\/tengyaart.com\/es\/wp-json\/wp\/v2\/product_tag?post=829"}],"curies":[{"name":"wp","href":"https:\/\/api.w.org\/{rel}","templated":true}]}}