{"id":824,"date":"2025-07-24T03:49:13","date_gmt":"2025-07-24T03:49:13","guid":{"rendered":"https:\/\/tengyaart.com\/?post_type=product&#038;p=824"},"modified":"2025-07-24T03:49:55","modified_gmt":"2025-07-24T03:49:55","slug":"hoja-de-ginkgo-textura-geometrica-papel-arte-pintura-decorativa","status":"publish","type":"product","link":"https:\/\/tengyaart.com\/es\/hoja-de-ginkgo-textura-geometrica-papel-arte-pintura-decorativa\/","title":{"rendered":"Ginkgo Hoja Textura Geom\u00e9trica Papel Pintado"},"content":{"rendered":"<div class=\"elementor-element elementor-element-3cc90c64 elementor-widget elementor-widget-heading\" data-id=\"3cc90c64\" data-element_type=\"widget\" data-widget_type=\"heading.default\">\n<div class=\"elementor-widget-container\">\n<h2 class=\"elementor-heading-title elementor-size-default\">Descripci\u00f3n del producto<\/h2>\n<\/div>\n<\/div>\n<div class=\"elementor-element elementor-element-eeac772 elementor-widget elementor-widget-woocommerce-product-content\" data-id=\"eeac772\" data-element_type=\"widget\" data-widget_type=\"woocommerce-product-content.default\">\n<div class=\"elementor-widget-container\">\n<p><strong>Atractivo visual distintivo<\/strong><br \/>\nLa inteligente combinaci\u00f3n de la forma de la hoja de ginkgo y las l\u00edneas geom\u00e9tricas presenta un patr\u00f3n muy r\u00edtmico y repetitivo. Dotado de una est\u00e9tica moderna y minimalista, el cuadro es id\u00f3neo para decorar espacios dom\u00e9sticos de estilo moderno.<br \/>\n<strong>Artesan\u00eda garantizada<\/strong><br \/>\nCada pieza se fabrica bajo estrictas normas de control de calidad para garantizar la uniformidad del acabado, la durabilidad y la idoneidad para su instalaci\u00f3n a largo plazo tanto en espacios comerciales como residenciales.<br \/>\n<strong>Potenciaci\u00f3n del dise\u00f1o<\/strong><br \/>\nLa obra, impregnada de expresivas texturas naturales, ofrece a dise\u00f1adores de interiores y arquitectos una convincente herramienta visual para elevar la narrativa espacial y crear impactantes puntos focales.<br \/>\n<strong>Potencial de personalizaci\u00f3n<\/strong><br \/>\n(Si procede) Las opciones personalizadas -incluidas dimensiones, paletas de tonos y combinaciones de texturas- est\u00e1n disponibles previa consulta para adaptarse a requisitos de dise\u00f1o espec\u00edficos o necesidades de proyectos a gran escala.<\/p>\n<h2>Especificaci\u00f3n del producto<\/h2>\n<p><strong>Dimensiones:80<\/strong>cm (alto) \u00d780 cm (ancho) \u00d7 3 cm (fondo)<br \/>\n<strong>Material:<\/strong>\u00a0Papel<br \/>\nMarco: Marco de PS (poliestireno)<br \/>\nCubierta de cristal: Incluida (cristal protector transparente)<br \/>\nPeso:2,25 kg<\/p>\n<\/div>\n<\/div>","protected":false},"excerpt":{"rendered":"<p>Utilizando el papel como material, incorporando elementos de hojas de ginkgo en texturas geom\u00e9tricas, tejiendo a mano y creando exquisitos y elegantes cuadros decorativos, a\u00f1adiendo una atm\u00f3sfera art\u00edstica al espacio.<\/p>","protected":false},"featured_media":788,"comment_status":"open","ping_status":"closed","template":"","meta":[],"product_brand":[],"product_cat":[33,36],"product_tag":[],"class_list":{"0":"post-824","1":"product","2":"type-product","3":"status-publish","4":"has-post-thumbnail","6":"product_cat-finished-wall-art","7":"product_cat-paper-wall-art","8":"pa_size-m4080w-4080h","9":"pa_style-line","10":"pa_style-woven-stacked-patchwork","12":"first","13":"instock","14":"shipping-taxable","15":"product-type-simple"},"_links":{"self":[{"href":"https:\/\/tengyaart.com\/es\/wp-json\/wp\/v2\/product\/824","targetHints":{"allow":["GET"]}}],"collection":[{"href":"https:\/\/tengyaart.com\/es\/wp-json\/wp\/v2\/product"}],"about":[{"href":"https:\/\/tengyaart.com\/es\/wp-json\/wp\/v2\/types\/product"}],"replies":[{"embeddable":true,"href":"https:\/\/tengyaart.com\/es\/wp-json\/wp\/v2\/comments?post=824"}],"wp:featuredmedia":[{"embeddable":true,"href":"https:\/\/tengyaart.com\/es\/wp-json\/wp\/v2\/media\/788"}],"wp:attachment":[{"href":"https:\/\/tengyaart.com\/es\/wp-json\/wp\/v2\/media?parent=824"}],"wp:term":[{"taxonomy":"product_brand","embeddable":true,"href":"https:\/\/tengyaart.com\/es\/wp-json\/wp\/v2\/product_brand?post=824"},{"taxonomy":"product_cat","embeddable":true,"href":"https:\/\/tengyaart.com\/es\/wp-json\/wp\/v2\/product_cat?post=824"},{"taxonomy":"product_tag","embeddable":true,"href":"https:\/\/tengyaart.com\/es\/wp-json\/wp\/v2\/product_tag?post=824"}],"curies":[{"name":"wp","href":"https:\/\/api.w.org\/{rel}","templated":true}]}}