{"id":771,"date":"2025-07-24T03:00:21","date_gmt":"2025-07-24T03:00:21","guid":{"rendered":"https:\/\/tengyaart.com\/?post_type=product&#038;p=771"},"modified":"2025-07-25T00:29:02","modified_gmt":"2025-07-25T00:29:02","slug":"artesania-de-papel-tejido-a-mano-arte-de-la-pared","status":"publish","type":"product","link":"https:\/\/tengyaart.com\/es\/artesania-de-papel-tejido-a-mano-arte-de-la-pared\/","title":{"rendered":"Paper Craft Arte de pared tejido a mano"},"content":{"rendered":"<div class=\"elementor-element elementor-element-3cc90c64 elementor-widget elementor-widget-heading\" data-id=\"3cc90c64\" data-element_type=\"widget\" data-widget_type=\"heading.default\">\n<div class=\"elementor-widget-container\">\n<h2 class=\"elementor-heading-title elementor-size-default\">Descripci\u00f3n del producto<\/h2>\n<\/div>\n<\/div>\n<div class=\"elementor-element elementor-element-eeac772 elementor-widget elementor-widget-woocommerce-product-content\" data-id=\"eeac772\" data-element_type=\"widget\" data-widget_type=\"woocommerce-product-content.default\">\n<div class=\"elementor-widget-container\">\n<p><strong>Atractivo visual distintivo<\/strong><br \/>\nCentrada en los materiales naturales y el dise\u00f1o en espiral, la textura de papel en espiral aporta un lenguaje est\u00e9tico \u00fanico a la obra de arte, ayudando a que su proyecto destaque en un entorno de dise\u00f1o ferozmente competitivo.<br \/>\n<strong>Artesan\u00eda garantizada<\/strong><br \/>\nCada pieza se fabrica bajo estrictas normas de control de calidad para garantizar la uniformidad del acabado, la durabilidad y la idoneidad para su instalaci\u00f3n a largo plazo tanto en espacios comerciales como residenciales.<br \/>\n<strong>Potenciaci\u00f3n del dise\u00f1o<\/strong><br \/>\nLa obra, impregnada de expresivas texturas naturales, ofrece a dise\u00f1adores de interiores y arquitectos una convincente herramienta visual para elevar la narrativa espacial y crear impactantes puntos focales.<br \/>\n<strong>Potencial de personalizaci\u00f3n<\/strong><br \/>\n(Si procede) Las opciones personalizadas -incluidas dimensiones, paletas de tonos y combinaciones de texturas- est\u00e1n disponibles previa consulta para adaptarse a requisitos de dise\u00f1o espec\u00edficos o necesidades de proyectos a gran escala.<\/p>\n<h2>Especificaci\u00f3n del producto<\/h2>\n<p><strong>Dimensiones:<\/strong>53 cm (alto) \u00d7 53 cm (ancho) \u00d7 34,4 cm (fondo)<br \/>\n<strong>Material:<\/strong>\u00a0Papel<br \/>\nMarco: Marco de PS (poliestireno)<br \/>\nCubierta de cristal: Incluida (cristal protector transparente)<br \/>\nPeso:3,2 kg<\/p>\n<\/div>\n<\/div>","protected":false},"excerpt":{"rendered":"<p>La decoraci\u00f3n de pared abstracta en forma de caracol, elaborada con materiales art\u00edsticos de papel y con un dise\u00f1o hueco, a\u00f1ade un ambiente art\u00edstico y una sensaci\u00f3n de elegancia al espacio.<\/p>","protected":false},"featured_media":774,"comment_status":"open","ping_status":"closed","template":"","meta":[],"product_brand":[],"product_cat":[33,36],"product_tag":[],"class_list":{"0":"post-771","1":"product","2":"type-product","3":"status-publish","4":"has-post-thumbnail","6":"product_cat-finished-wall-art","7":"product_cat-paper-wall-art","8":"pa_size-m4080w-4080h","9":"pa_style-animals","10":"pa_style-woven-stacked-patchwork","12":"first","13":"instock","14":"shipping-taxable","15":"product-type-simple"},"_links":{"self":[{"href":"https:\/\/tengyaart.com\/es\/wp-json\/wp\/v2\/product\/771","targetHints":{"allow":["GET"]}}],"collection":[{"href":"https:\/\/tengyaart.com\/es\/wp-json\/wp\/v2\/product"}],"about":[{"href":"https:\/\/tengyaart.com\/es\/wp-json\/wp\/v2\/types\/product"}],"replies":[{"embeddable":true,"href":"https:\/\/tengyaart.com\/es\/wp-json\/wp\/v2\/comments?post=771"}],"wp:featuredmedia":[{"embeddable":true,"href":"https:\/\/tengyaart.com\/es\/wp-json\/wp\/v2\/media\/774"}],"wp:attachment":[{"href":"https:\/\/tengyaart.com\/es\/wp-json\/wp\/v2\/media?parent=771"}],"wp:term":[{"taxonomy":"product_brand","embeddable":true,"href":"https:\/\/tengyaart.com\/es\/wp-json\/wp\/v2\/product_brand?post=771"},{"taxonomy":"product_cat","embeddable":true,"href":"https:\/\/tengyaart.com\/es\/wp-json\/wp\/v2\/product_cat?post=771"},{"taxonomy":"product_tag","embeddable":true,"href":"https:\/\/tengyaart.com\/es\/wp-json\/wp\/v2\/product_tag?post=771"}],"curies":[{"name":"wp","href":"https:\/\/api.w.org\/{rel}","templated":true}]}}