{"id":740,"date":"2025-07-17T08:31:06","date_gmt":"2025-07-17T08:31:06","guid":{"rendered":"https:\/\/tengyaart.com\/?post_type=product&#038;p=740"},"modified":"2025-07-17T08:31:07","modified_gmt":"2025-07-17T08:31:07","slug":"geometric-weaving-texture-paper-wall-art","status":"publish","type":"product","link":"https:\/\/tengyaart.com\/es\/geometric-weaving-texture-paper-wall-art\/","title":{"rendered":"Geometric Weaving Texture Papel Pintado"},"content":{"rendered":"<p><strong>Atractivo visual distintivo<\/strong><br \/>\nLa cl\u00e1sica y elegante combinaci\u00f3n de negro, blanco y marr\u00f3n resalta la profundidad del negro, la pureza del blanco y la sencillez del marr\u00f3n. Esta obra de arte aporta un lenguaje est\u00e9tico \u00fanico que ayuda a que su proyecto destaque en un entorno de dise\u00f1o ferozmente competitivo.<br \/>\n<strong>Artesan\u00eda garantizada<\/strong><br \/>\nCada pieza se fabrica bajo estrictas normas de control de calidad para garantizar la uniformidad del acabado, la durabilidad y la idoneidad para su instalaci\u00f3n a largo plazo tanto en espacios comerciales como residenciales.<br \/>\n<strong>Potenciaci\u00f3n del dise\u00f1o<\/strong><br \/>\nLa obra, impregnada de expresivas texturas naturales, ofrece a dise\u00f1adores de interiores y arquitectos una convincente herramienta visual para elevar la narrativa espacial y crear impactantes puntos focales.<br \/>\n<strong>Potencial de personalizaci\u00f3n<\/strong><br \/>\n(Si procede) Las opciones personalizadas -incluidas dimensiones, paletas de tonos y combinaciones de texturas- est\u00e1n disponibles previa consulta para adaptarse a requisitos de dise\u00f1o espec\u00edficos o necesidades de proyectos a gran escala.<\/p>\n<h2>Especificaci\u00f3n del producto<\/h2>\n<p><strong>Dimensiones:<\/strong> 55,9 cm (alto) \u00d7 55,9 cm (ancho) \u00d7 3 cm (fondo)<br \/>\n<strong>Material:<\/strong> Corteza y papel<br \/>\n<strong>Marco:<\/strong> Marco de PS (poliestireno)<br \/>\n<strong>Tapa de cristal:<\/strong> Incluido (cristal protector transparente)<br \/>\n<strong>Peso:<\/strong>3,05 kg<\/p>","protected":false},"excerpt":{"rendered":"<p>Este cuadro decorativo combina ingeniosamente el arte del papel y los elementos de tejido, presentando una belleza visual con patrones geom\u00e9tricos \u00fanicos. La cl\u00e1sica combinaci\u00f3n de colores negro, blanco y marr\u00f3n aporta una atm\u00f3sfera art\u00edstica \u00fanica al espacio dom\u00e9stico.<\/p>","protected":false},"featured_media":720,"comment_status":"open","ping_status":"closed","template":"","meta":[],"product_brand":[],"product_cat":[33,38],"product_tag":[],"class_list":{"0":"post-740","1":"product","2":"type-product","3":"status-publish","4":"has-post-thumbnail","6":"product_cat-finished-wall-art","7":"product_cat-mixed-material-wall-art","8":"pa_size-m4080w-4080h","9":"pa_style-woven-stacked-patchwork","11":"first","12":"instock","13":"shipping-taxable","14":"product-type-simple"},"_links":{"self":[{"href":"https:\/\/tengyaart.com\/es\/wp-json\/wp\/v2\/product\/740","targetHints":{"allow":["GET"]}}],"collection":[{"href":"https:\/\/tengyaart.com\/es\/wp-json\/wp\/v2\/product"}],"about":[{"href":"https:\/\/tengyaart.com\/es\/wp-json\/wp\/v2\/types\/product"}],"replies":[{"embeddable":true,"href":"https:\/\/tengyaart.com\/es\/wp-json\/wp\/v2\/comments?post=740"}],"wp:featuredmedia":[{"embeddable":true,"href":"https:\/\/tengyaart.com\/es\/wp-json\/wp\/v2\/media\/720"}],"wp:attachment":[{"href":"https:\/\/tengyaart.com\/es\/wp-json\/wp\/v2\/media?parent=740"}],"wp:term":[{"taxonomy":"product_brand","embeddable":true,"href":"https:\/\/tengyaart.com\/es\/wp-json\/wp\/v2\/product_brand?post=740"},{"taxonomy":"product_cat","embeddable":true,"href":"https:\/\/tengyaart.com\/es\/wp-json\/wp\/v2\/product_cat?post=740"},{"taxonomy":"product_tag","embeddable":true,"href":"https:\/\/tengyaart.com\/es\/wp-json\/wp\/v2\/product_tag?post=740"}],"curies":[{"name":"wp","href":"https:\/\/api.w.org\/{rel}","templated":true}]}}