{"id":738,"date":"2025-07-17T07:41:11","date_gmt":"2025-07-17T07:41:11","guid":{"rendered":"https:\/\/tengyaart.com\/?post_type=product&#038;p=738"},"modified":"2025-07-17T07:41:12","modified_gmt":"2025-07-17T07:41:12","slug":"tejido-moderno-textura-arte-de-la-pared","status":"publish","type":"product","link":"https:\/\/tengyaart.com\/es\/tejido-moderno-textura-arte-de-la-pared\/","title":{"rendered":"Textura de tejido moderno"},"content":{"rendered":"<p><strong>Atractivo visual distintivo<\/strong><br \/>\nLa combinaci\u00f3n de materiales naturales y t\u00e9cnicas de tejido artesanal crea un lenguaje est\u00e9tico \u00fanico que ayuda a que su proyecto destaque en un entorno de dise\u00f1o ferozmente competitivo.<br \/>\n<strong>Artesan\u00eda garantizada<\/strong><br \/>\nCada pieza se fabrica bajo estrictas normas de control de calidad para garantizar la uniformidad del acabado, la durabilidad y la idoneidad para su instalaci\u00f3n a largo plazo tanto en espacios comerciales como residenciales.<br \/>\n<strong>Potenciaci\u00f3n del dise\u00f1o<\/strong><br \/>\nLa obra, impregnada de expresivas texturas naturales, ofrece a dise\u00f1adores de interiores y arquitectos una convincente herramienta visual para elevar la narrativa espacial y crear impactantes puntos focales.<br \/>\n<strong>Potencial de personalizaci\u00f3n<\/strong><br \/>\n(Si procede) Las opciones personalizadas -incluidas dimensiones, paletas de tonos y combinaciones de texturas- est\u00e1n disponibles previa consulta para adaptarse a requisitos de dise\u00f1o espec\u00edficos o necesidades de proyectos a gran escala.<\/p>\n<h2>Especificaci\u00f3n del producto<\/h2>\n<ul>\n<li><strong>Dimensiones:<\/strong>80 cm (alto) \u00d780 cm (ancho) \u00d7 3 cm (fondo)<\/li>\n<li><strong>Material:<\/strong> Corteza y papel<\/li>\n<li><strong>Marco:<\/strong> Marco de PS (poliestireno)<\/li>\n<li><strong>Tapa de cristal:<\/strong> Incluido (cristal protector transparente)<\/li>\n<li><strong>Peso:<\/strong>3,2 kg<\/li>\n<\/ul>","protected":false},"excerpt":{"rendered":"<p>Usando una artesan\u00eda \u00fanica para construir patrones geom\u00e9tricos abstractos con texturas en capas, mezclando tonos naturales con sentido art\u00edstico y adapt\u00e1ndose a la decoraci\u00f3n espacial.<\/p>","protected":false},"featured_media":728,"comment_status":"open","ping_status":"closed","template":"","meta":[],"product_brand":[],"product_cat":[33,38],"product_tag":[],"class_list":{"0":"post-738","1":"product","2":"type-product","3":"status-publish","4":"has-post-thumbnail","6":"product_cat-finished-wall-art","7":"product_cat-mixed-material-wall-art","8":"pa_size-l80w-80h","9":"pa_style-woven-stacked-patchwork","11":"first","12":"instock","13":"shipping-taxable","14":"product-type-simple"},"_links":{"self":[{"href":"https:\/\/tengyaart.com\/es\/wp-json\/wp\/v2\/product\/738","targetHints":{"allow":["GET"]}}],"collection":[{"href":"https:\/\/tengyaart.com\/es\/wp-json\/wp\/v2\/product"}],"about":[{"href":"https:\/\/tengyaart.com\/es\/wp-json\/wp\/v2\/types\/product"}],"replies":[{"embeddable":true,"href":"https:\/\/tengyaart.com\/es\/wp-json\/wp\/v2\/comments?post=738"}],"wp:featuredmedia":[{"embeddable":true,"href":"https:\/\/tengyaart.com\/es\/wp-json\/wp\/v2\/media\/728"}],"wp:attachment":[{"href":"https:\/\/tengyaart.com\/es\/wp-json\/wp\/v2\/media?parent=738"}],"wp:term":[{"taxonomy":"product_brand","embeddable":true,"href":"https:\/\/tengyaart.com\/es\/wp-json\/wp\/v2\/product_brand?post=738"},{"taxonomy":"product_cat","embeddable":true,"href":"https:\/\/tengyaart.com\/es\/wp-json\/wp\/v2\/product_cat?post=738"},{"taxonomy":"product_tag","embeddable":true,"href":"https:\/\/tengyaart.com\/es\/wp-json\/wp\/v2\/product_tag?post=738"}],"curies":[{"name":"wp","href":"https:\/\/api.w.org\/{rel}","templated":true}]}}