{"id":737,"date":"2025-07-17T06:17:41","date_gmt":"2025-07-17T06:17:41","guid":{"rendered":"https:\/\/tengyaart.com\/?post_type=product&#038;p=737"},"modified":"2025-07-17T06:17:41","modified_gmt":"2025-07-17T06:17:41","slug":"corteza-tejida-textura-geometrica-arte-de-la-pared","status":"publish","type":"product","link":"https:\/\/tengyaart.com\/es\/corteza-tejida-textura-geometrica-arte-de-la-pared\/","title":{"rendered":"Corteza - Arte de Pared Tejido Textura Geom\u00e9trica"},"content":{"rendered":"<p><strong>Atractivo visual distintivo<\/strong><br \/>\nEsta obra de arte, una rara combinaci\u00f3n de materiales naturales y din\u00e1micos juegos de sombras, aporta un lenguaje est\u00e9tico \u00fanico que ayuda a que sus proyectos destaquen en entornos de dise\u00f1o competitivos.<br \/>\n<strong>Artesan\u00eda garantizada<\/strong><br \/>\nCada pieza se fabrica bajo estrictas normas de control de calidad para garantizar la uniformidad del acabado, la durabilidad y la idoneidad para su instalaci\u00f3n a largo plazo tanto en espacios comerciales como residenciales.<br \/>\n<strong>Potenciaci\u00f3n del dise\u00f1o<\/strong><br \/>\nLa obra, impregnada de expresivas texturas naturales, ofrece a dise\u00f1adores de interiores y arquitectos una convincente herramienta visual para elevar la narrativa espacial y crear impactantes puntos focales.<br \/>\n<strong>Potencial de personalizaci\u00f3n<\/strong><br \/>\n(Si procede) Las opciones personalizadas -incluidas dimensiones, paletas de tonos y combinaciones de texturas- est\u00e1n disponibles previa consulta para adaptarse a requisitos de dise\u00f1o espec\u00edficos o necesidades de proyectos a gran escala.<\/p>\n<h2>Especificaciones del producto<\/h2>\n<ul>\n<li>Dimensiones: 40,6 cm (alto) \u00d740,6 cm (ancho) \u00d73 cm (fondo)<\/li>\n<li>Material: Corteza<\/li>\n<li>Marco: Marco de PS (poliestireno)<\/li>\n<li>Cubierta de cristal: Incluida (cristal protector transparente)<\/li>\n<li>Peso:1,8 kg<\/li>\n<\/ul>","protected":false},"excerpt":{"rendered":"<p>Este cuadro decorativo, cuidadosamente tejido con corteza de \u00e1rbol, aporta un marcado encanto visual con su singular textura geom\u00e9trica, lo que lo convierte en una elecci\u00f3n de gran calidad para a\u00f1adir una sensaci\u00f3n de arte espacial a sus clientes.<\/p>\n<p>&nbsp;<\/p>","protected":false},"featured_media":711,"comment_status":"open","ping_status":"closed","template":"","meta":[],"product_brand":[],"product_cat":[33,37],"product_tag":[],"class_list":{"0":"post-737","1":"product","2":"type-product","3":"status-publish","4":"has-post-thumbnail","6":"product_cat-finished-wall-art","7":"product_cat-bark-paper-wall-art","8":"pa_size-m4080w-4080h","9":"pa_style-woven-stacked-patchwork","11":"first","12":"instock","13":"shipping-taxable","14":"product-type-simple"},"_links":{"self":[{"href":"https:\/\/tengyaart.com\/es\/wp-json\/wp\/v2\/product\/737","targetHints":{"allow":["GET"]}}],"collection":[{"href":"https:\/\/tengyaart.com\/es\/wp-json\/wp\/v2\/product"}],"about":[{"href":"https:\/\/tengyaart.com\/es\/wp-json\/wp\/v2\/types\/product"}],"replies":[{"embeddable":true,"href":"https:\/\/tengyaart.com\/es\/wp-json\/wp\/v2\/comments?post=737"}],"wp:featuredmedia":[{"embeddable":true,"href":"https:\/\/tengyaart.com\/es\/wp-json\/wp\/v2\/media\/711"}],"wp:attachment":[{"href":"https:\/\/tengyaart.com\/es\/wp-json\/wp\/v2\/media?parent=737"}],"wp:term":[{"taxonomy":"product_brand","embeddable":true,"href":"https:\/\/tengyaart.com\/es\/wp-json\/wp\/v2\/product_brand?post=737"},{"taxonomy":"product_cat","embeddable":true,"href":"https:\/\/tengyaart.com\/es\/wp-json\/wp\/v2\/product_cat?post=737"},{"taxonomy":"product_tag","embeddable":true,"href":"https:\/\/tengyaart.com\/es\/wp-json\/wp\/v2\/product_tag?post=737"}],"curies":[{"name":"wp","href":"https:\/\/api.w.org\/{rel}","templated":true}]}}