{"id":735,"date":"2025-07-17T03:34:18","date_gmt":"2025-07-17T03:34:18","guid":{"rendered":"https:\/\/tengyaart.com\/?post_type=product&#038;p=735"},"modified":"2025-07-17T03:34:18","modified_gmt":"2025-07-17T03:34:18","slug":"tejido-de-corteza-hecho-a-mano","status":"publish","type":"product","link":"https:\/\/tengyaart.com\/es\/tejido-de-corteza-hecho-a-mano\/","title":{"rendered":"Tejido de corteza hecho a mano"},"content":{"rendered":"<p><strong>Atractivo visual distintivo<\/strong><br \/>\nEl sencillo marco de madera combina perfectamente con la obra de arte, no s\u00f3lo resaltando el concepto de protecci\u00f3n del medio ambiente, sino tambi\u00e9n a\u00f1adiendo una belleza r\u00fastica. El tama\u00f1o es de 30,5 \u00d7 30,5 \u00d7 3,1 cm. Tanto si se cuelga en el sal\u00f3n como en el estudio o el dormitorio, puede aportar un ambiente tranquilo y natural al espacio, por lo que es una excelente opci\u00f3n para realzar el estilo del hogar y mostrar el gusto personal.<br \/>\n<strong>Artesan\u00eda garantizada<\/strong><br \/>\nCada pieza se fabrica bajo estrictas normas de control de calidad para garantizar la uniformidad del acabado, la durabilidad y la idoneidad para su instalaci\u00f3n a largo plazo tanto en espacios comerciales como residenciales.<br \/>\n<strong>Potenciaci\u00f3n del dise\u00f1o<\/strong><br \/>\nLa obra, impregnada de expresivas texturas naturales, ofrece a dise\u00f1adores de interiores y arquitectos una convincente herramienta visual para elevar la narrativa espacial y crear impactantes puntos focales.<br \/>\n<strong>Potencial de personalizaci\u00f3n<\/strong><br \/>\n(Si procede) Las opciones personalizadas -incluidas dimensiones, paletas de tonos y combinaciones de texturas- est\u00e1n disponibles previa consulta para adaptarse a requisitos de dise\u00f1o espec\u00edficos o necesidades de proyectos a gran escala.<\/p>\n<h2>Especificaci\u00f3n del producto<\/h2>\n<p><strong>Dimensiones:<\/strong> 55,9 cm (alto) \u00d7 55,9 cm (ancho) \u00d7 4,3 cm (fondo)<br \/>\n<strong>Material:<\/strong> Corteza<br \/>\n<strong>Marco:<\/strong> Marco de PS (poliestireno)<br \/>\n<strong>Tapa de cristal:<\/strong> Incluido (cristal protector transparente)<br \/>\n<strong>Peso:<\/strong>3,2 kg<\/p>","protected":false},"excerpt":{"rendered":"<p>Este cuadro decorativo \u00fanico utiliza el regalo de la naturaleza -la corteza de \u00e1rbol- como material creativo, mostrando un encanto art\u00edstico \u00fanico. Hecho a mano, las texturas entrelazadas son como las venas del tiempo. El sencillo marco de madera combina perfectamente con la obra de arte, no s\u00f3lo resaltando el concepto de protecci\u00f3n del medio ambiente, sino tambi\u00e9n a\u00f1adiendo una belleza r\u00fastica.<\/p>","protected":false},"featured_media":703,"comment_status":"open","ping_status":"closed","template":"","meta":[],"product_brand":[],"product_cat":[33,37],"product_tag":[],"class_list":{"0":"post-735","1":"product","2":"type-product","3":"status-publish","4":"has-post-thumbnail","6":"product_cat-finished-wall-art","7":"product_cat-bark-paper-wall-art","8":"pa_size-s40w-40hcm","9":"pa_style-minimalist","10":"pa_style-woven-stacked-patchwork","12":"first","13":"instock","14":"shipping-taxable","15":"product-type-simple"},"_links":{"self":[{"href":"https:\/\/tengyaart.com\/es\/wp-json\/wp\/v2\/product\/735","targetHints":{"allow":["GET"]}}],"collection":[{"href":"https:\/\/tengyaart.com\/es\/wp-json\/wp\/v2\/product"}],"about":[{"href":"https:\/\/tengyaart.com\/es\/wp-json\/wp\/v2\/types\/product"}],"replies":[{"embeddable":true,"href":"https:\/\/tengyaart.com\/es\/wp-json\/wp\/v2\/comments?post=735"}],"wp:featuredmedia":[{"embeddable":true,"href":"https:\/\/tengyaart.com\/es\/wp-json\/wp\/v2\/media\/703"}],"wp:attachment":[{"href":"https:\/\/tengyaart.com\/es\/wp-json\/wp\/v2\/media?parent=735"}],"wp:term":[{"taxonomy":"product_brand","embeddable":true,"href":"https:\/\/tengyaart.com\/es\/wp-json\/wp\/v2\/product_brand?post=735"},{"taxonomy":"product_cat","embeddable":true,"href":"https:\/\/tengyaart.com\/es\/wp-json\/wp\/v2\/product_cat?post=735"},{"taxonomy":"product_tag","embeddable":true,"href":"https:\/\/tengyaart.com\/es\/wp-json\/wp\/v2\/product_tag?post=735"}],"curies":[{"name":"wp","href":"https:\/\/api.w.org\/{rel}","templated":true}]}}