{"id":734,"date":"2025-07-17T03:20:15","date_gmt":"2025-07-17T03:20:15","guid":{"rendered":"https:\/\/tengyaart.com\/?post_type=product&#038;p=734"},"modified":"2025-07-17T03:20:16","modified_gmt":"2025-07-17T03:20:16","slug":"linea-de-papel-lplicing-textura-circular-centro-arte-mural","status":"publish","type":"product","link":"https:\/\/tengyaart.com\/es\/linea-de-papel-lplicing-textura-circular-centro-arte-mural\/","title":{"rendered":"L\u00ednea de papel Lplicing Textura Centro Circular Arte de Pared"},"content":{"rendered":"<p><strong>Atractivo visual distintivo<\/strong><br \/>\nEsta obra de arte, una rara combinaci\u00f3n de materiales naturales y din\u00e1micos juegos de sombras, aporta un lenguaje est\u00e9tico \u00fanico que ayuda a que sus proyectos destaquen en entornos de dise\u00f1o competitivos.<br \/>\n<strong>Artesan\u00eda garantizada<\/strong><br \/>\nCada pieza se fabrica bajo estrictas normas de control de calidad para garantizar la uniformidad del acabado, la durabilidad y la idoneidad para su instalaci\u00f3n a largo plazo tanto en espacios comerciales como residenciales.<br \/>\n<strong>Potenciaci\u00f3n del dise\u00f1o<\/strong><br \/>\nLa obra, impregnada de expresivas texturas naturales, ofrece a dise\u00f1adores de interiores y arquitectos una convincente herramienta visual para elevar la narrativa espacial y crear impactantes puntos focales.<br \/>\n<strong>Potencial de personalizaci\u00f3n<\/strong><br \/>\n(Si procede) Las opciones personalizadas -incluidas dimensiones, paletas de tonos y combinaciones de texturas- est\u00e1n disponibles previa consulta para adaptarse a requisitos de dise\u00f1o espec\u00edficos o necesidades de proyectos a gran escala.<\/p>\n<h2>Especificaci\u00f3n del producto<\/h2>\n<p><strong>Dimensiones:<\/strong> 50,8 cm (alto) \u00d7 50,8 cm (ancho) \u00d7 3 cm (fondo)<br \/>\n<strong>Material:<\/strong> Papel<br \/>\n<strong>Marco:<\/strong> Marco de PS (poliestireno)<br \/>\n<strong>Tapa de cristal:<\/strong> Ninguno<br \/>\n<strong>Peso:<\/strong>2,15 kg<\/p>","protected":false},"excerpt":{"rendered":"<p>Combinando la sencillez natural con el ingenio art\u00edstico, este cuadro decorativo circular presenta una combinaci\u00f3n de l\u00edneas y texturas. Las l\u00edneas de material de papel natural tejido a mano crean un ritmo \u00fanico en la composici\u00f3n circular. El entrelazado de texturas de tejido profundas y superficiales, combinado con un marco sencillo, es adecuado para estilos modernos, wabi sabi y otros estilos de hogar diversos, inyectando una atm\u00f3sfera art\u00edstica natural al espacio. Es una elecci\u00f3n \u00fanica para iluminar las paredes e interpretar el gusto.<\/p>\n<p>&nbsp;<\/p>\n<p>&nbsp;<\/p>","protected":false},"featured_media":699,"comment_status":"open","ping_status":"closed","template":"","meta":[],"product_brand":[],"product_cat":[33,36],"product_tag":[],"class_list":{"0":"post-734","1":"product","2":"type-product","3":"status-publish","4":"has-post-thumbnail","6":"product_cat-finished-wall-art","7":"product_cat-paper-wall-art","8":"pa_size-m4080w-4080h","9":"pa_style-line","10":"pa_style-woven-stacked-patchwork","12":"first","13":"instock","14":"shipping-taxable","15":"product-type-simple"},"_links":{"self":[{"href":"https:\/\/tengyaart.com\/es\/wp-json\/wp\/v2\/product\/734","targetHints":{"allow":["GET"]}}],"collection":[{"href":"https:\/\/tengyaart.com\/es\/wp-json\/wp\/v2\/product"}],"about":[{"href":"https:\/\/tengyaart.com\/es\/wp-json\/wp\/v2\/types\/product"}],"replies":[{"embeddable":true,"href":"https:\/\/tengyaart.com\/es\/wp-json\/wp\/v2\/comments?post=734"}],"wp:featuredmedia":[{"embeddable":true,"href":"https:\/\/tengyaart.com\/es\/wp-json\/wp\/v2\/media\/699"}],"wp:attachment":[{"href":"https:\/\/tengyaart.com\/es\/wp-json\/wp\/v2\/media?parent=734"}],"wp:term":[{"taxonomy":"product_brand","embeddable":true,"href":"https:\/\/tengyaart.com\/es\/wp-json\/wp\/v2\/product_brand?post=734"},{"taxonomy":"product_cat","embeddable":true,"href":"https:\/\/tengyaart.com\/es\/wp-json\/wp\/v2\/product_cat?post=734"},{"taxonomy":"product_tag","embeddable":true,"href":"https:\/\/tengyaart.com\/es\/wp-json\/wp\/v2\/product_tag?post=734"}],"curies":[{"name":"wp","href":"https:\/\/api.w.org\/{rel}","templated":true}]}}