{"id":732,"date":"2025-07-17T02:59:23","date_gmt":"2025-07-17T02:59:23","guid":{"rendered":"https:\/\/tengyaart.com\/?post_type=product&#038;p=732"},"modified":"2025-07-17T03:08:43","modified_gmt":"2025-07-17T03:08:43","slug":"arte-de-tejer-corteza-de-arbol-arte-de-pared-en-forma-de-falda","status":"publish","type":"product","link":"https:\/\/tengyaart.com\/es\/arte-de-tejer-corteza-de-arbol-arte-de-pared-en-forma-de-falda\/","title":{"rendered":"Tejido de corteza de \u00e1rbol Arte de pared en forma de falda"},"content":{"rendered":"<p><strong>Atractivo visual distintivo<\/strong><br \/>\nEsta obra de arte, una rara combinaci\u00f3n de materiales naturales y din\u00e1micos juegos de sombras, aporta un lenguaje est\u00e9tico \u00fanico que ayuda a que sus proyectos destaquen en entornos de dise\u00f1o competitivos.<br \/>\n<strong>Artesan\u00eda garantizada<\/strong><br \/>\nCada pieza se fabrica bajo estrictas normas de control de calidad para garantizar la uniformidad del acabado, la durabilidad y la idoneidad para su instalaci\u00f3n a largo plazo tanto en espacios comerciales como residenciales.<br \/>\n<strong>Potenciaci\u00f3n del dise\u00f1o<\/strong><br \/>\nLa obra, impregnada de expresivas texturas naturales, ofrece a dise\u00f1adores de interiores y arquitectos una convincente herramienta visual para elevar la narrativa espacial y crear impactantes puntos focales.<br \/>\n<strong>Potencial de personalizaci\u00f3n<\/strong><br \/>\n(Si procede) Las opciones personalizadas -incluidas dimensiones, paletas de tonos y combinaciones de texturas- est\u00e1n disponibles previa consulta para adaptarse a requisitos de dise\u00f1o espec\u00edficos o necesidades de proyectos a gran escala.<\/p>\n<h2>Especificaci\u00f3n del producto<\/h2>\n<ul>\n<li>Dimensiones: 55,9 cm (alto) \u00d7 55,9 cm (ancho) \u00d7 4,3 cm (fondo)<\/li>\n<li>Material: Corteza<\/li>\n<li>Marco: Marco de PS (poliestireno)<\/li>\n<li>Cubierta de cristal: Incluida (cristal protector transparente)<\/li>\n<li>Peso:3,2 kg<\/li>\n<\/ul>","protected":false},"excerpt":{"rendered":"<p>Decoraci\u00f3n de pared de arte tejida a mano, presentando formas de falda con material de corteza natural, integrando textura original y creatividad art\u00edstica, a\u00f1adiendo un ambiente decorativo \u00fanico al espacio, adecuado para hogares de nicho, estudios de arte y otras escenas.<\/p>","protected":false},"featured_media":733,"comment_status":"open","ping_status":"closed","template":"","meta":[],"product_brand":[],"product_cat":[37,33],"product_tag":[],"class_list":{"0":"post-732","1":"product","2":"type-product","3":"status-publish","4":"has-post-thumbnail","6":"product_cat-bark-paper-wall-art","7":"product_cat-finished-wall-art","8":"pa_size-l80w-80h","9":"pa_style-woven-stacked-patchwork","11":"first","12":"instock","13":"shipping-taxable","14":"product-type-simple"},"_links":{"self":[{"href":"https:\/\/tengyaart.com\/es\/wp-json\/wp\/v2\/product\/732","targetHints":{"allow":["GET"]}}],"collection":[{"href":"https:\/\/tengyaart.com\/es\/wp-json\/wp\/v2\/product"}],"about":[{"href":"https:\/\/tengyaart.com\/es\/wp-json\/wp\/v2\/types\/product"}],"replies":[{"embeddable":true,"href":"https:\/\/tengyaart.com\/es\/wp-json\/wp\/v2\/comments?post=732"}],"wp:featuredmedia":[{"embeddable":true,"href":"https:\/\/tengyaart.com\/es\/wp-json\/wp\/v2\/media\/733"}],"wp:attachment":[{"href":"https:\/\/tengyaart.com\/es\/wp-json\/wp\/v2\/media?parent=732"}],"wp:term":[{"taxonomy":"product_brand","embeddable":true,"href":"https:\/\/tengyaart.com\/es\/wp-json\/wp\/v2\/product_brand?post=732"},{"taxonomy":"product_cat","embeddable":true,"href":"https:\/\/tengyaart.com\/es\/wp-json\/wp\/v2\/product_cat?post=732"},{"taxonomy":"product_tag","embeddable":true,"href":"https:\/\/tengyaart.com\/es\/wp-json\/wp\/v2\/product_tag?post=732"}],"curies":[{"name":"wp","href":"https:\/\/api.w.org\/{rel}","templated":true}]}}