{"id":672,"date":"2025-07-15T08:13:53","date_gmt":"2025-07-15T08:13:53","guid":{"rendered":"https:\/\/tengyaart.com\/?post_type=product&#038;p=672"},"modified":"2025-07-16T09:13:00","modified_gmt":"2025-07-16T09:13:00","slug":"papel-de-corteza-natural-tejido-a-mano","status":"publish","type":"product","link":"https:\/\/tengyaart.com\/es\/papel-de-corteza-natural-tejido-a-mano\/","title":{"rendered":"Arte mural tejido a mano con corteza natural y papel"},"content":{"rendered":"<p><strong>Atractivo visual distintivo<\/strong><br \/>\nEsta obra de arte, una rara combinaci\u00f3n de materiales naturales y din\u00e1micos juegos de sombras, aporta un lenguaje est\u00e9tico \u00fanico que ayuda a que sus proyectos destaquen en entornos de dise\u00f1o competitivos.<br \/>\n<strong>Artesan\u00eda garantizada<\/strong><br \/>\nCada pieza se fabrica bajo estrictas normas de control de calidad para garantizar la uniformidad del acabado, la durabilidad y la idoneidad para su instalaci\u00f3n a largo plazo tanto en espacios comerciales como residenciales.<br \/>\n<strong>Potenciaci\u00f3n del dise\u00f1o<\/strong><br \/>\nLa obra, impregnada de expresivas texturas naturales, ofrece a dise\u00f1adores de interiores y arquitectos una convincente herramienta visual para elevar la narrativa espacial y crear impactantes puntos focales.<br \/>\n<strong>Potencial de personalizaci\u00f3n<\/strong><br \/>\n(Si procede) Las opciones personalizadas -incluidas dimensiones, paletas de tonos y combinaciones de texturas- est\u00e1n disponibles previa consulta para adaptarse a requisitos de dise\u00f1o espec\u00edficos o necesidades de proyectos a gran escala.<\/p>\n<h2>Especificaci\u00f3n del producto<\/h2>\n<ul>\n<li data-start=\"92\" data-end=\"144\"><strong data-start=\"92\" data-end=\"106\">Dimensiones<\/strong>: 61 cm (alto) \u00d7 61 cm (ancho) \u00d7 4,3 cm (fondo)<\/li>\n<li data-start=\"147\" data-end=\"177\"><strong data-start=\"147\" data-end=\"159\">Material<\/strong>: Papel y corteza hechos a mano<\/li>\n<li data-start=\"180\" data-end=\"215\"><strong data-start=\"180\" data-end=\"189\">Marco<\/strong>: Marco de PS (poliestireno)<\/li>\n<li data-start=\"218\" data-end=\"268\"><strong data-start=\"218\" data-end=\"233\">Tapa de cristal<\/strong>: Incluido (cristal protector transparente)<\/li>\n<li data-start=\"218\" data-end=\"268\"><strong>Peso:<\/strong>4 kg<\/li>\n<\/ul>","protected":false},"excerpt":{"rendered":"<p>El cuadro de arte mural de corteza tejida a mano y papel de corteza blanco hecho a mano choca materiales \u00e1speros y delicados, creando un punto focal del espacio de estilo moderno primitivo.<\/p>","protected":false},"featured_media":679,"comment_status":"open","ping_status":"closed","template":"","meta":[],"product_brand":[],"product_cat":[33,38],"product_tag":[],"class_list":{"0":"post-672","1":"product","2":"type-product","3":"status-publish","4":"has-post-thumbnail","6":"product_cat-finished-wall-art","7":"product_cat-mixed-material-wall-art","8":"pa_size-m4080w-4080h","9":"pa_style-woven-stacked-patchwork","11":"first","12":"instock","13":"shipping-taxable","14":"product-type-simple"},"_links":{"self":[{"href":"https:\/\/tengyaart.com\/es\/wp-json\/wp\/v2\/product\/672","targetHints":{"allow":["GET"]}}],"collection":[{"href":"https:\/\/tengyaart.com\/es\/wp-json\/wp\/v2\/product"}],"about":[{"href":"https:\/\/tengyaart.com\/es\/wp-json\/wp\/v2\/types\/product"}],"replies":[{"embeddable":true,"href":"https:\/\/tengyaart.com\/es\/wp-json\/wp\/v2\/comments?post=672"}],"wp:featuredmedia":[{"embeddable":true,"href":"https:\/\/tengyaart.com\/es\/wp-json\/wp\/v2\/media\/679"}],"wp:attachment":[{"href":"https:\/\/tengyaart.com\/es\/wp-json\/wp\/v2\/media?parent=672"}],"wp:term":[{"taxonomy":"product_brand","embeddable":true,"href":"https:\/\/tengyaart.com\/es\/wp-json\/wp\/v2\/product_brand?post=672"},{"taxonomy":"product_cat","embeddable":true,"href":"https:\/\/tengyaart.com\/es\/wp-json\/wp\/v2\/product_cat?post=672"},{"taxonomy":"product_tag","embeddable":true,"href":"https:\/\/tengyaart.com\/es\/wp-json\/wp\/v2\/product_tag?post=672"}],"curies":[{"name":"wp","href":"https:\/\/api.w.org\/{rel}","templated":true}]}}