{"id":286,"date":"2025-06-15T17:08:05","date_gmt":"2025-06-15T17:08:05","guid":{"rendered":"https:\/\/tengyaart.com\/?post_type=product&#038;p=286"},"modified":"2025-07-21T02:11:44","modified_gmt":"2025-07-21T02:11:44","slug":"liston-de-corteza-ensamblado-a-mano-nucleo-de-arte-mural","status":"publish","type":"product","link":"https:\/\/tengyaart.com\/es\/liston-de-corteza-ensamblado-a-mano-nucleo-de-arte-mural\/","title":{"rendered":"N\u00facleo de arte mural de corteza de \u00e1rbol montado a mano"},"content":{"rendered":"<p><strong data-start=\"129\" data-end=\"154\">Est\u00e9tica distintiva<\/strong><br data-start=\"154\" data-end=\"157\" \/>Ofrecemos obras de arte decorativas poco comunes que fusionan materiales naturales con luces y sombras din\u00e1micas, dise\u00f1adas para que sus proyectos destaquen con una est\u00e9tica refinada inspirada en la naturaleza.<\/p>\n<p><strong data-start=\"335\" data-end=\"365\">Sostenible y respetuoso con el medio ambiente<\/strong><br data-start=\"365\" data-end=\"368\" \/>Elaborados a partir de corteza natural renovable y procesados mediante m\u00e9todos responsables con el medio ambiente, nuestros productos se ajustan a los objetivos de contrataci\u00f3n sostenible y refuerzan el compromiso de su marca con el dise\u00f1o responsable.<\/p>\n<p><strong data-start=\"580\" data-end=\"606\">Artesan\u00eda fiable<\/strong><br data-start=\"606\" data-end=\"609\" \/>Cada pieza se fabrica a mano y se somete a un riguroso control de calidad para garantizar un arte constante y una integridad estructural duradera.<\/p>\n<p><strong data-start=\"743\" data-end=\"765\">Potenciaci\u00f3n del dise\u00f1o<\/strong><br data-start=\"765\" data-end=\"768\" \/>Nuestras obras de arte basadas en la corteza proporcionan a los dise\u00f1adores de interiores y arquitectos elementos naturales expresivos que a\u00f1aden profundidad narrativa e inter\u00e9s visual a cualquier espacio.<\/p>\n<p><strong data-start=\"927\" data-end=\"954\">Potencial de personalizaci\u00f3n<\/strong><br data-start=\"954\" data-end=\"957\" \/>(Si procede) Ofrecemos soluciones a medida -incluidos ajustes de tama\u00f1o, tono y textura- para satisfacer necesidades espec\u00edficas en proyectos arquitect\u00f3nicos o comerciales.<\/p>\n<h3 data-start=\"1120\" data-end=\"1143\"><strong data-start=\"1124\" data-end=\"1143\">Detalles del Producto - Wall Art Core<\/strong><\/h3>\n<ul data-start=\"1145\" data-end=\"1308\">\n<li data-start=\"1145\" data-end=\"1203\">\n<p data-start=\"1147\" data-end=\"1203\"><strong data-start=\"1147\" data-end=\"1161\">Dimensiones<\/strong> <em data-start=\"1162\" data-end=\"1178\">(personalizable)<\/em>: 52 cm (alto) \u00d7 52 cm (ancho)<\/p>\n<\/li>\n<li data-start=\"1204\" data-end=\"1234\">\n<p data-start=\"1206\" data-end=\"1234\"><strong data-start=\"1206\" data-end=\"1218\">Material<\/strong>: Corteza natural<\/p>\n<\/li>\n<li data-start=\"1235\" data-end=\"1308\">\n<p data-start=\"1237\" data-end=\"1308\"><strong data-start=\"1237\" data-end=\"1246\">Marco<\/strong>: No incluido (dise\u00f1o sin marco; personalizable a petici\u00f3n)<\/p>\n<\/li>\n<\/ul>\n<p class=\"p1\">Ideal para salones, dormitorios, galer\u00edas o interiores de hosteler\u00eda, este arte mural no es s\u00f3lo decoraci\u00f3n: es un di\u00e1logo entre la sombra y la forma.<\/p>","protected":false},"excerpt":{"rendered":"<p class=\"p1\">Fabricada con corteza natural 100%, esta pieza sostenible y respetuosa con el medio ambiente se golpea y une a mano para formar intrincados patrones que conservan la textura de la fibra cruda y la calidez de la artesan\u00eda. Arraigada en las t\u00e9cnicas tradicionales y el patrimonio cultural, aporta una sensaci\u00f3n \u00fanica de vitalidad natural y elegancia art\u00edstica a los interiores, elevando el valor narrativo y art\u00edstico de los proyectos y productos de gama alta.<\/p>","protected":false},"featured_media":541,"comment_status":"open","ping_status":"closed","template":"","meta":[],"product_brand":[],"product_cat":[40,34],"product_tag":[],"class_list":{"0":"post-286","1":"product","2":"type-product","3":"status-publish","4":"has-post-thumbnail","6":"product_cat-bark-paper-art-core","7":"product_cat-art-core-unframed","8":"pa_size-m4080w-4080h","9":"pa_style-woven-stacked-patchwork","11":"first","12":"instock","13":"shipping-taxable","14":"product-type-simple"},"_links":{"self":[{"href":"https:\/\/tengyaart.com\/es\/wp-json\/wp\/v2\/product\/286","targetHints":{"allow":["GET"]}}],"collection":[{"href":"https:\/\/tengyaart.com\/es\/wp-json\/wp\/v2\/product"}],"about":[{"href":"https:\/\/tengyaart.com\/es\/wp-json\/wp\/v2\/types\/product"}],"replies":[{"embeddable":true,"href":"https:\/\/tengyaart.com\/es\/wp-json\/wp\/v2\/comments?post=286"}],"wp:featuredmedia":[{"embeddable":true,"href":"https:\/\/tengyaart.com\/es\/wp-json\/wp\/v2\/media\/541"}],"wp:attachment":[{"href":"https:\/\/tengyaart.com\/es\/wp-json\/wp\/v2\/media?parent=286"}],"wp:term":[{"taxonomy":"product_brand","embeddable":true,"href":"https:\/\/tengyaart.com\/es\/wp-json\/wp\/v2\/product_brand?post=286"},{"taxonomy":"product_cat","embeddable":true,"href":"https:\/\/tengyaart.com\/es\/wp-json\/wp\/v2\/product_cat?post=286"},{"taxonomy":"product_tag","embeddable":true,"href":"https:\/\/tengyaart.com\/es\/wp-json\/wp\/v2\/product_tag?post=286"}],"curies":[{"name":"wp","href":"https:\/\/api.w.org\/{rel}","templated":true}]}}