{"id":285,"date":"2025-06-15T17:07:21","date_gmt":"2025-06-15T17:07:21","guid":{"rendered":"https:\/\/tengyaart.com\/?post_type=product&#038;p=285"},"modified":"2025-07-16T08:56:26","modified_gmt":"2025-07-16T08:56:26","slug":"textura-lineal-tejida-nucleo-de-papel","status":"publish","type":"product","link":"https:\/\/tengyaart.com\/es\/textura-lineal-tejida-nucleo-de-papel\/","title":{"rendered":"Textura lineal tejida N\u00facleo de papel"},"content":{"rendered":"<p data-start=\"121\" data-end=\"327\"><strong data-start=\"121\" data-end=\"146\">Est\u00e9tica distintiva<\/strong><br data-start=\"146\" data-end=\"149\" \/>Ofrecemos obras de arte decorativas de pared poco comunes que fusionan materiales naturales con din\u00e1micos efectos de luz y sombra, ayudando a que sus proyectos de dise\u00f1o destaquen por su refinada belleza inspirada en la naturaleza.<\/p>\n<p data-start=\"329\" data-end=\"540\"><strong data-start=\"329\" data-end=\"360\">Sostenibilidad y conciencia ecol\u00f3gica<\/strong><br data-start=\"360\" data-end=\"363\" \/>Fabricados con materiales naturales renovables mediante t\u00e9cnicas respetuosas con el medio ambiente, nuestros productos apoyan el abastecimiento sostenible y elevan la credibilidad medioambiental de su marca.<\/p>\n<p data-start=\"542\" data-end=\"702\"><strong data-start=\"542\" data-end=\"568\">Artesan\u00eda fiable<\/strong><br data-start=\"568\" data-end=\"571\" \/>Cada pieza est\u00e1 hecha a mano y se somete a un estricto control de calidad para garantizar una larga duraci\u00f3n y una ejecuci\u00f3n art\u00edstica coherente.<\/p>\n<p data-start=\"704\" data-end=\"912\"><strong data-start=\"704\" data-end=\"726\">Potenciaci\u00f3n del dise\u00f1o<\/strong><br data-start=\"726\" data-end=\"729\" \/>Con texturas naturales expresivas y profundidad visual, nuestras obras de arte ofrecen a los dise\u00f1adores de interiores y arquitectos una forma convincente de mejorar la narraci\u00f3n espacial y elevar las narrativas de dise\u00f1o.<\/p>\n<p data-start=\"914\" data-end=\"1122\"><strong data-start=\"914\" data-end=\"941\">Potencial de personalizaci\u00f3n<\/strong><br data-start=\"941\" data-end=\"944\" \/>(Personalizaci\u00f3n disponible) Aceptamos solicitudes basadas en proyectos para adaptar dimensiones, tonos o combinaciones de texturas a necesidades espec\u00edficas en entornos comerciales o residenciales.<\/p>\n<h3 data-start=\"1129\" data-end=\"1152\"><strong data-start=\"1133\" data-end=\"1152\">Detalles del producto<\/strong><\/h3>\n<ul data-start=\"1154\" data-end=\"1298\">\n<li data-start=\"1154\" data-end=\"1212\">\n<p data-start=\"1156\" data-end=\"1212\"><strong data-start=\"1156\" data-end=\"1170\">Dimensiones<\/strong> <em data-start=\"1171\" data-end=\"1187\">(personalizable)<\/em>: 72 cm (alto) \u00d7 72 cm (ancho)<\/p>\n<\/li>\n<li data-start=\"1213\" data-end=\"1245\">\n<p data-start=\"1215\" data-end=\"1245\"><strong data-start=\"1215\" data-end=\"1227\">Material<\/strong>: Papel hecho a mano<\/p>\n<\/li>\n<li data-start=\"1246\" data-end=\"1298\">\n<p data-start=\"1248\" data-end=\"1298\"><strong data-start=\"1248\" data-end=\"1257\">Marco<\/strong>: No incluido (presentaci\u00f3n sin marco)<\/p>\n<\/li>\n<\/ul>\n<p class=\"p1\">Ideal para salones, dormitorios, galer\u00edas o interiores de hosteler\u00eda, este arte mural no es s\u00f3lo decoraci\u00f3n: es un di\u00e1logo entre la sombra y la forma.<\/p>","protected":false},"excerpt":{"rendered":"<p class=\"p1\">Creada con t\u00e9cnicas tradicionales de fabricaci\u00f3n de papel de corteza, esta obra de arte sostenible presenta dise\u00f1os lineales collageados a mano que conservan la textura de la fibra natural y la calidez de la artesan\u00eda. Arraigada en el patrimonio cultural, aporta una sensaci\u00f3n distintiva de vitalidad natural y sofisticaci\u00f3n art\u00edstica a los interiores, mejorando significativamente el valor narrativo y art\u00edstico de cualquier proyecto o producto de gama alta.<\/p>","protected":false},"featured_media":538,"comment_status":"open","ping_status":"closed","template":"","meta":[],"product_brand":[],"product_cat":[39,34],"product_tag":[],"class_list":{"0":"post-285","1":"product","2":"type-product","3":"status-publish","4":"has-post-thumbnail","6":"product_cat-paper-art-core","7":"product_cat-art-core-unframed","8":"pa_size-m4080w-4080h","9":"pa_style-line","10":"pa_style-minimalist","12":"first","13":"instock","14":"shipping-taxable","15":"product-type-simple"},"_links":{"self":[{"href":"https:\/\/tengyaart.com\/es\/wp-json\/wp\/v2\/product\/285","targetHints":{"allow":["GET"]}}],"collection":[{"href":"https:\/\/tengyaart.com\/es\/wp-json\/wp\/v2\/product"}],"about":[{"href":"https:\/\/tengyaart.com\/es\/wp-json\/wp\/v2\/types\/product"}],"replies":[{"embeddable":true,"href":"https:\/\/tengyaart.com\/es\/wp-json\/wp\/v2\/comments?post=285"}],"wp:featuredmedia":[{"embeddable":true,"href":"https:\/\/tengyaart.com\/es\/wp-json\/wp\/v2\/media\/538"}],"wp:attachment":[{"href":"https:\/\/tengyaart.com\/es\/wp-json\/wp\/v2\/media?parent=285"}],"wp:term":[{"taxonomy":"product_brand","embeddable":true,"href":"https:\/\/tengyaart.com\/es\/wp-json\/wp\/v2\/product_brand?post=285"},{"taxonomy":"product_cat","embeddable":true,"href":"https:\/\/tengyaart.com\/es\/wp-json\/wp\/v2\/product_cat?post=285"},{"taxonomy":"product_tag","embeddable":true,"href":"https:\/\/tengyaart.com\/es\/wp-json\/wp\/v2\/product_tag?post=285"}],"curies":[{"name":"wp","href":"https:\/\/api.w.org\/{rel}","templated":true}]}}