{"id":283,"date":"2025-06-15T17:05:13","date_gmt":"2025-06-15T17:05:13","guid":{"rendered":"https:\/\/tengyaart.com\/?post_type=product&#038;p=283"},"modified":"2025-07-16T08:50:32","modified_gmt":"2025-07-16T08:50:32","slug":"caja-de-sombra-con-tiras-de-papel-de-cuero","status":"publish","type":"product","link":"https:\/\/tengyaart.com\/es\/caja-de-sombra-con-tiras-de-papel-de-cuero\/","title":{"rendered":"Caja de sombra de cuero y papel"},"content":{"rendered":"<p><strong data-start=\"83\" data-end=\"115\">Composici\u00f3n natural del material<\/strong><br data-start=\"115\" data-end=\"118\" \/>Cada pieza est\u00e1 hecha a mano con fibra de corteza de \u00e1rbol, que muestra la textura cruda y la riqueza tonal de los materiales naturales. La composici\u00f3n lineal y la disposici\u00f3n de las fibras interact\u00faan con la luz ambiental para producir sutiles efectos de sombra que aportan profundidad org\u00e1nica y ritmo visual a cualquier espacio.<\/p>\n<p><strong data-start=\"396\" data-end=\"419\">Calidad artesanal<\/strong><br data-start=\"419\" data-end=\"422\" \/>Todas las obras de arte se crean mediante meticulosos procesos manuales, desde la selecci\u00f3n y el machacado de las fibras hasta el collage y el montaje precisos. Un estricto control de calidad en cada fase garantiza la coherencia en el aspecto y la durabilidad de todas las instalaciones.<\/p>\n<p><strong data-start=\"665\" data-end=\"696\">Impacto art\u00edstico y espacial<\/strong><br data-start=\"696\" data-end=\"699\" \/>Dise\u00f1adas como algo m\u00e1s que decoraci\u00f3n de pared, estas piezas act\u00faan como expresivos elementos de dise\u00f1o que introducen calidez, textura y movimiento en los interiores modernos. Las sombras cambiantes evolucionan con la luz natural a lo largo del d\u00eda, evocando un di\u00e1logo entre la naturaleza y el espacio.<\/p>\n<p><strong data-start=\"961\" data-end=\"998\">Posibilidades de dise\u00f1o personalizables<\/strong><br data-start=\"998\" data-end=\"1001\" \/>Ofrecemos opciones de personalizaci\u00f3n en cuanto a dimensiones, tonos y disposici\u00f3n de texturas, ideales para satisfacer los requisitos est\u00e9ticos y espaciales \u00fanicos de proyectos de hosteler\u00eda, casas piloto o proyectos de interiorismo.<\/p>\n<p><strong data-start=\"1208\" data-end=\"1235\">Construcci\u00f3n protectora<\/strong><br data-start=\"1235\" data-end=\"1238\" \/>Enmarcada con pl\u00e1stico PS duradero y acabada con cristal protector transparente, la estructura de doble capa no s\u00f3lo realza la profundidad visual, sino que tambi\u00e9n garantiza una conservaci\u00f3n duradera en entornos comerciales y residenciales.<\/p>\n<h2 data-start=\"577\" data-end=\"598\"><strong data-start=\"577\" data-end=\"596\">Detalles del producto<\/strong><\/h2>\n<ul data-start=\"599\" data-end=\"799\">\n<li data-start=\"599\" data-end=\"674\">\n<p data-start=\"601\" data-end=\"674\"><strong data-start=\"601\" data-end=\"615\">Dimensiones<\/strong> <em data-start=\"616\" data-end=\"632\">(personalizable)<\/em>: 60,9 cm (alto) \u00d7 60,9 cm (ancho) \u00d7 4,3 cm (fondo)<\/p>\n<\/li>\n<li data-start=\"675\" data-end=\"706\">\n<p data-start=\"677\" data-end=\"706\"><strong data-start=\"677\" data-end=\"692\">Superficie art\u00edstica<\/strong>: Fibra de corteza<\/p>\n<\/li>\n<li data-start=\"707\" data-end=\"755\">\n<p data-start=\"709\" data-end=\"755\"><strong data-start=\"709\" data-end=\"718\">Marco<\/strong> <em data-start=\"719\" data-end=\"735\">(personalizable)<\/em>: Marco de pl\u00e1stico PS<\/p>\n<\/li>\n<li data-start=\"756\" data-end=\"799\">\n<p data-start=\"758\" data-end=\"799\"><strong data-start=\"758\" data-end=\"775\">Cubierta de superficie<\/strong>: Cristal protector transparente<\/p>\n<\/li>\n<\/ul>","protected":false},"excerpt":{"rendered":"<p class=\"p1\">Las fibras naturales de corteza, cuidadosamente seleccionadas, se transforman mediante t\u00e9cnicas tradicionales de fabricaci\u00f3n de papel y un meticuloso trabajo artesanal: martillado y collage para crear ricas texturas y profundidad cultural. El montaje de doble capa captura la luz y la sombra fluidas, haci\u00e9ndose eco de los ritmos de la naturaleza y el paso del tiempo, aportando vitalidad atemporal y elegancia art\u00edstica a los interiores modernos.<\/p>","protected":false},"featured_media":527,"comment_status":"open","ping_status":"closed","template":"","meta":[],"product_brand":[],"product_cat":[38,33],"product_tag":[],"class_list":{"0":"post-283","1":"product","2":"type-product","3":"status-publish","4":"has-post-thumbnail","6":"product_cat-mixed-material-wall-art","7":"product_cat-finished-wall-art","8":"pa_size-m4080w-4080h","9":"pa_style-line","10":"pa_style-woven-stacked-patchwork","12":"first","13":"instock","14":"shipping-taxable","15":"product-type-simple"},"_links":{"self":[{"href":"https:\/\/tengyaart.com\/es\/wp-json\/wp\/v2\/product\/283","targetHints":{"allow":["GET"]}}],"collection":[{"href":"https:\/\/tengyaart.com\/es\/wp-json\/wp\/v2\/product"}],"about":[{"href":"https:\/\/tengyaart.com\/es\/wp-json\/wp\/v2\/types\/product"}],"replies":[{"embeddable":true,"href":"https:\/\/tengyaart.com\/es\/wp-json\/wp\/v2\/comments?post=283"}],"wp:featuredmedia":[{"embeddable":true,"href":"https:\/\/tengyaart.com\/es\/wp-json\/wp\/v2\/media\/527"}],"wp:attachment":[{"href":"https:\/\/tengyaart.com\/es\/wp-json\/wp\/v2\/media?parent=283"}],"wp:term":[{"taxonomy":"product_brand","embeddable":true,"href":"https:\/\/tengyaart.com\/es\/wp-json\/wp\/v2\/product_brand?post=283"},{"taxonomy":"product_cat","embeddable":true,"href":"https:\/\/tengyaart.com\/es\/wp-json\/wp\/v2\/product_cat?post=283"},{"taxonomy":"product_tag","embeddable":true,"href":"https:\/\/tengyaart.com\/es\/wp-json\/wp\/v2\/product_tag?post=283"}],"curies":[{"name":"wp","href":"https:\/\/api.w.org\/{rel}","templated":true}]}}