{"id":274,"date":"2025-06-15T16:34:51","date_gmt":"2025-06-15T16:34:51","guid":{"rendered":"https:\/\/tengyaart.com\/?post_type=product&#038;p=274"},"modified":"2025-08-31T09:16:47","modified_gmt":"2025-08-31T09:16:47","slug":"caja-de-sombra-de-corteza-ensamblada-a-mano-wall-art","status":"publish","type":"product","link":"https:\/\/tengyaart.com\/es\/caja-de-sombra-de-corteza-ensamblada-a-mano-wall-art\/","title":{"rendered":"Caja de sombra para pared de corteza de \u00e1rbol montada a mano"},"content":{"rendered":"<p><strong data-start=\"123\" data-end=\"148\">Est\u00e9tica distintiva<\/strong><br data-start=\"148\" data-end=\"151\" \/>Ofrecemos obras de arte decorativas para pared poco comunes que combinan materiales naturales con din\u00e1micos juegos de luces y sombras, dise\u00f1adas para que sus proyectos destaquen por su car\u00e1cter refinado inspirado en la naturaleza.<\/p>\n<p><strong data-start=\"342\" data-end=\"371\">Sostenible y responsable<\/strong><br data-start=\"371\" data-end=\"374\" \/>Elaborados a partir de fibras de corteza natural renovable y procesados con m\u00e9todos ecol\u00f3gicos, nuestros productos se ajustan a los objetivos de abastecimiento sostenible y respaldan los valores medioambientales de su marca.<\/p>\n<p><strong data-start=\"560\" data-end=\"586\">Artesan\u00eda fiable<\/strong><br data-start=\"586\" data-end=\"589\" \/>Cada pieza se crea bajo estrictas normas de control de calidad para garantizar una mano de obra consistente, integridad visual y durabilidad a largo plazo tanto para aplicaciones comerciales como residenciales.<\/p>\n<p><strong data-start=\"778\" data-end=\"806\">Expresi\u00f3n basada en el dise\u00f1o<\/strong><br data-start=\"806\" data-end=\"809\" \/>Estas obras de arte ofrecen texturas naturales expresivas que permiten a interioristas y arquitectos a\u00f1adir profundidad, narrativa e intriga visual a los espacios modernos.<\/p>\n<p><strong data-start=\"969\" data-end=\"994\">Opciones de personalizaci\u00f3n<\/strong><br data-start=\"994\" data-end=\"997\" \/>(Personalizaci\u00f3n disponible) Aceptamos solicitudes de personalizaci\u00f3n basadas en proyectos, incluidos el tama\u00f1o, los ajustes tonales y las combinaciones de materiales para satisfacer especificaciones de dise\u00f1o \u00fanicas.<\/p>\n<h3 data-start=\"1177\" data-end=\"1207\"><strong data-start=\"1181\" data-end=\"1207\">Especificaciones del producto<\/strong><\/h3>\n<ul data-start=\"1209\" data-end=\"1423\">\n<li data-start=\"1209\" data-end=\"1284\">\n<p data-start=\"1211\" data-end=\"1284\"><strong data-start=\"1211\" data-end=\"1225\">Dimensiones<\/strong> <em data-start=\"1226\" data-end=\"1242\">(personalizable)<\/em>: 60,9 cm (alto) \u00d7 60,9 cm (ancho) \u00d7 4,3 cm (fondo)<\/p>\n<\/li>\n<li data-start=\"1285\" data-end=\"1325\">\n<p data-start=\"1287\" data-end=\"1325\"><strong data-start=\"1287\" data-end=\"1303\">N\u00facleo art\u00edstico<\/strong>: Fibra de corteza natural<\/p>\n<\/li>\n<li data-start=\"1326\" data-end=\"1385\">\n<p data-start=\"1328\" data-end=\"1385\"><strong data-start=\"1328\" data-end=\"1337\">Marco<\/strong> <em data-start=\"1338\" data-end=\"1354\">(personalizable)<\/em>: Marco de sombra de pl\u00e1stico PS<\/p>\n<\/li>\n<li data-start=\"1386\" data-end=\"1423\">\n<p data-start=\"1388\" data-end=\"1423\"><strong data-start=\"1388\" data-end=\"1399\">Superficie<\/strong>: Cristal protector transparente<\/p>\n<\/li>\n<\/ul>\n<p class=\"p1\">Ideal para salones, dormitorios, galer\u00edas o interiores de hosteler\u00eda, este arte mural no es s\u00f3lo decoraci\u00f3n: es un di\u00e1logo entre la sombra y la forma.<\/p>","protected":false},"excerpt":{"rendered":"<p class=\"p1\">Fabricado con fibras de corteza natural seleccionadas y hecho a mano mediante meticulosas t\u00e9cnicas de machacado y collage. El montaje de doble capa captura la luz y la sombra cambiantes, infundiendo a cualquier espacio una sensaci\u00f3n \u00fanica de vitalidad natural y elegancia art\u00edstica.<\/p>","protected":false},"featured_media":1606,"comment_status":"open","ping_status":"closed","template":"","meta":[],"product_brand":[],"product_cat":[37,33],"product_tag":[],"class_list":{"0":"post-274","1":"product","2":"type-product","3":"status-publish","4":"has-post-thumbnail","6":"product_cat-bark-paper-wall-art","7":"product_cat-finished-wall-art","8":"pa_size-m4080w-4080h","9":"pa_style-line","11":"first","12":"instock","13":"shipping-taxable","14":"product-type-simple"},"_links":{"self":[{"href":"https:\/\/tengyaart.com\/es\/wp-json\/wp\/v2\/product\/274","targetHints":{"allow":["GET"]}}],"collection":[{"href":"https:\/\/tengyaart.com\/es\/wp-json\/wp\/v2\/product"}],"about":[{"href":"https:\/\/tengyaart.com\/es\/wp-json\/wp\/v2\/types\/product"}],"replies":[{"embeddable":true,"href":"https:\/\/tengyaart.com\/es\/wp-json\/wp\/v2\/comments?post=274"}],"wp:featuredmedia":[{"embeddable":true,"href":"https:\/\/tengyaart.com\/es\/wp-json\/wp\/v2\/media\/1606"}],"wp:attachment":[{"href":"https:\/\/tengyaart.com\/es\/wp-json\/wp\/v2\/media?parent=274"}],"wp:term":[{"taxonomy":"product_brand","embeddable":true,"href":"https:\/\/tengyaart.com\/es\/wp-json\/wp\/v2\/product_brand?post=274"},{"taxonomy":"product_cat","embeddable":true,"href":"https:\/\/tengyaart.com\/es\/wp-json\/wp\/v2\/product_cat?post=274"},{"taxonomy":"product_tag","embeddable":true,"href":"https:\/\/tengyaart.com\/es\/wp-json\/wp\/v2\/product_tag?post=274"}],"curies":[{"name":"wp","href":"https:\/\/api.w.org\/{rel}","templated":true}]}}