{"id":240,"date":"2025-06-14T10:12:28","date_gmt":"2025-06-14T10:12:28","guid":{"rendered":"https:\/\/tengyaart.com\/?post_type=product&#038;p=240"},"modified":"2025-07-16T08:20:18","modified_gmt":"2025-07-16T08:20:18","slug":"papel-artesanal-decoracion-de-pared-collage-de-linea-caja-de-sombra","status":"publish","type":"product","link":"https:\/\/tengyaart.com\/es\/papel-artesanal-decoracion-de-pared-collage-de-linea-caja-de-sombra\/","title":{"rendered":"Decoraci\u00f3n de pared artesanal de papel - Line Collage Shadow Box"},"content":{"rendered":"<p><strong data-start=\"153\" data-end=\"182\">Atractivo visual distintivo<\/strong><br data-start=\"182\" data-end=\"185\" \/>Esta obra de arte, una rara combinaci\u00f3n de materiales naturales y din\u00e1micos juegos de sombras, aporta un lenguaje est\u00e9tico \u00fanico que ayuda a que sus proyectos destaquen en entornos de dise\u00f1o competitivos.<\/p>\n<p><strong data-start=\"375\" data-end=\"400\">Artesan\u00eda garantizada<\/strong><br data-start=\"400\" data-end=\"403\" \/>Cada pieza se fabrica bajo estrictas normas de control de calidad para garantizar la uniformidad del acabado, la durabilidad y la idoneidad para su instalaci\u00f3n a largo plazo tanto en espacios comerciales como residenciales.<\/p>\n<p><strong data-start=\"600\" data-end=\"622\">Potenciaci\u00f3n del dise\u00f1o<\/strong><br data-start=\"622\" data-end=\"625\" \/>La obra, impregnada de expresivas texturas naturales, ofrece a dise\u00f1adores de interiores y arquitectos una convincente herramienta visual para elevar la narrativa espacial y crear impactantes puntos focales.<\/p>\n<p><strong data-start=\"810\" data-end=\"837\">Potencial de personalizaci\u00f3n<\/strong><br data-start=\"837\" data-end=\"840\" \/>(Si procede) Las opciones personalizadas -incluidas dimensiones, paletas de tonos y combinaciones de texturas- est\u00e1n disponibles previa consulta para adaptarse a requisitos de dise\u00f1o espec\u00edficos o necesidades de proyectos a gran escala.<\/p>\n<h3>Par\u00e1metros<\/h3>\n<ul>\n<li data-start=\"92\" data-end=\"144\"><strong data-start=\"92\" data-end=\"106\">Dimensiones<\/strong>: 53 cm (alto) \u00d7 53 cm (ancho) \u00d7 4,4 cm (fondo)<\/li>\n<li data-start=\"147\" data-end=\"177\"><strong data-start=\"147\" data-end=\"159\">Material<\/strong>: Papel hecho a mano<\/li>\n<li data-start=\"180\" data-end=\"215\"><strong data-start=\"180\" data-end=\"189\">Marco<\/strong>: Marco de PS (poliestireno)<\/li>\n<li data-start=\"218\" data-end=\"268\"><strong data-start=\"218\" data-end=\"233\">Tapa de cristal<\/strong>: Incluido (cristal protector transparente)<\/li>\n<\/ul>","protected":false},"excerpt":{"rendered":"<p class=\"Made from sustainably sourced paper mulberry bark using traditional handmade papermaking techniques, this piece features a textured, artisanal finish. Each composition is hand-collaged to preserve the natural feel of the paper. A three-dimensional floating structure creates dynamic shadows under lighting, enhancing its visual appeal. Ideal for high-end commercial interiors, it balances artistic expression, long-term durability, and minimal maintenance.p1\">Fabricada con corteza de morera de papel procedente de fuentes sostenibles mediante t\u00e9cnicas tradicionales de fabricaci\u00f3n de papel a mano, esta pieza presenta un acabado texturizado y artesanal. Cada composici\u00f3n se compacta a mano para preservar el tacto natural del papel. Una estructura flotante tridimensional crea sombras din\u00e1micas bajo la luz, realzando su atractivo visual. Ideal para interiores comerciales de alta gama, equilibra la expresi\u00f3n art\u00edstica, la durabilidad a largo plazo y un mantenimiento m\u00ednimo.<\/p>","protected":false},"featured_media":245,"comment_status":"open","ping_status":"closed","template":"","meta":[],"product_brand":[],"product_cat":[36,33],"product_tag":[],"class_list":{"0":"post-240","1":"product","2":"type-product","3":"status-publish","4":"has-post-thumbnail","6":"product_cat-paper-wall-art","7":"product_cat-finished-wall-art","8":"pa_size-m4080w-4080h","9":"pa_style-line","11":"first","12":"instock","13":"shipping-taxable","14":"product-type-simple"},"_links":{"self":[{"href":"https:\/\/tengyaart.com\/es\/wp-json\/wp\/v2\/product\/240","targetHints":{"allow":["GET"]}}],"collection":[{"href":"https:\/\/tengyaart.com\/es\/wp-json\/wp\/v2\/product"}],"about":[{"href":"https:\/\/tengyaart.com\/es\/wp-json\/wp\/v2\/types\/product"}],"replies":[{"embeddable":true,"href":"https:\/\/tengyaart.com\/es\/wp-json\/wp\/v2\/comments?post=240"}],"wp:featuredmedia":[{"embeddable":true,"href":"https:\/\/tengyaart.com\/es\/wp-json\/wp\/v2\/media\/245"}],"wp:attachment":[{"href":"https:\/\/tengyaart.com\/es\/wp-json\/wp\/v2\/media?parent=240"}],"wp:term":[{"taxonomy":"product_brand","embeddable":true,"href":"https:\/\/tengyaart.com\/es\/wp-json\/wp\/v2\/product_brand?post=240"},{"taxonomy":"product_cat","embeddable":true,"href":"https:\/\/tengyaart.com\/es\/wp-json\/wp\/v2\/product_cat?post=240"},{"taxonomy":"product_tag","embeddable":true,"href":"https:\/\/tengyaart.com\/es\/wp-json\/wp\/v2\/product_tag?post=240"}],"curies":[{"name":"wp","href":"https:\/\/api.w.org\/{rel}","templated":true}]}}