{"id":1846,"date":"2025-09-04T07:46:24","date_gmt":"2025-09-04T07:46:24","guid":{"rendered":"https:\/\/tengyaart.com\/?post_type=product&#038;p=1846"},"modified":"2025-09-04T07:46:25","modified_gmt":"2025-09-04T07:46:25","slug":"obra-de-arte-3d-tejido-circular-sin-marco","status":"publish","type":"product","link":"https:\/\/tengyaart.com\/es\/obra-de-arte-3d-tejido-circular-sin-marco\/","title":{"rendered":"Obra de Arte 3D Tejido Circular sin marco"},"content":{"rendered":"<p><strong>Atractivo visual distintivo<\/strong><br \/>\nTomando los materiales naturales como n\u00facleo, respetuosos con el medio ambiente y renovables, los dise\u00f1os innovadores aportan un lenguaje est\u00e9tico \u00fanico a las obras de arte, ayudando a que su proyecto destaque en un entorno de dise\u00f1o ferozmente competitivo.<br \/>\n<strong>Artesan\u00eda garantizada<\/strong><br \/>\nCada pieza se fabrica bajo estrictas normas de control de calidad para garantizar la uniformidad del acabado, la durabilidad y la idoneidad para su instalaci\u00f3n a largo plazo tanto en espacios comerciales como residenciales.<br \/>\n<strong>Potenciaci\u00f3n del dise\u00f1o<\/strong><br \/>\nLa obra, impregnada de expresivas texturas naturales, ofrece a dise\u00f1adores de interiores y arquitectos una convincente herramienta visual para elevar la narrativa espacial y crear impactantes puntos focales.<br \/>\n<strong>Potencial de personalizaci\u00f3n<\/strong><br \/>\n(Si procede) Las opciones personalizadas -incluidas dimensiones, paletas de tonos y combinaciones de texturas- est\u00e1n disponibles previa consulta para adaptarse a requisitos de dise\u00f1o espec\u00edficos o necesidades de proyectos a gran escala.<\/p>\n<h2>Especificaci\u00f3n del producto<\/h2>\n<p><strong>Dimensiones:7<\/strong>2 cm (alto) \u00d7 72 cm (ancho)<br \/>\n<strong>Material:<\/strong> Papel<br \/>\n<strong>Peso:<\/strong><\/p>","protected":false},"excerpt":{"rendered":"<p>El intrincado entrelazado de l\u00edneas blancas crea un patr\u00f3n visualmente llamativo, y el dise\u00f1o escalonado de c\u00edrculos a\u00f1ade profundidad visual. Muy adecuado para entusiastas del arte y dise\u00f1adores de interiores que buscan una pieza llamativa para a\u00f1adir elementos art\u00edsticos t\u00e1ctiles modernos a su espacio. Le permite elegir libremente el m\u00e9todo de exposici\u00f3n o el marco que se adapte a su est\u00e9tica personal, lo que la convierte en un complemento vers\u00e1til para cualquier habitaci\u00f3n.<\/p>","protected":false},"featured_media":1833,"comment_status":"open","ping_status":"closed","template":"","meta":[],"product_brand":[],"product_cat":[34,39],"product_tag":[],"class_list":{"0":"post-1846","1":"product","2":"type-product","3":"status-publish","4":"has-post-thumbnail","6":"product_cat-art-core-unframed","7":"product_cat-paper-art-core","8":"pa_size-m4080w-4080h","9":"pa_style-line","10":"pa_style-woven-stacked-patchwork","12":"first","13":"instock","14":"shipping-taxable","15":"product-type-simple"},"_links":{"self":[{"href":"https:\/\/tengyaart.com\/es\/wp-json\/wp\/v2\/product\/1846","targetHints":{"allow":["GET"]}}],"collection":[{"href":"https:\/\/tengyaart.com\/es\/wp-json\/wp\/v2\/product"}],"about":[{"href":"https:\/\/tengyaart.com\/es\/wp-json\/wp\/v2\/types\/product"}],"replies":[{"embeddable":true,"href":"https:\/\/tengyaart.com\/es\/wp-json\/wp\/v2\/comments?post=1846"}],"wp:featuredmedia":[{"embeddable":true,"href":"https:\/\/tengyaart.com\/es\/wp-json\/wp\/v2\/media\/1833"}],"wp:attachment":[{"href":"https:\/\/tengyaart.com\/es\/wp-json\/wp\/v2\/media?parent=1846"}],"wp:term":[{"taxonomy":"product_brand","embeddable":true,"href":"https:\/\/tengyaart.com\/es\/wp-json\/wp\/v2\/product_brand?post=1846"},{"taxonomy":"product_cat","embeddable":true,"href":"https:\/\/tengyaart.com\/es\/wp-json\/wp\/v2\/product_cat?post=1846"},{"taxonomy":"product_tag","embeddable":true,"href":"https:\/\/tengyaart.com\/es\/wp-json\/wp\/v2\/product_tag?post=1846"}],"curies":[{"name":"wp","href":"https:\/\/api.w.org\/{rel}","templated":true}]}}