{"id":1845,"date":"2025-09-04T07:38:50","date_gmt":"2025-09-04T07:38:50","guid":{"rendered":"https:\/\/tengyaart.com\/?post_type=product&#038;p=1845"},"modified":"2025-09-04T07:38:50","modified_gmt":"2025-09-04T07:38:50","slug":"macrame-bohemio-de-papel-para-colgar-en-la-pared","status":"publish","type":"product","link":"https:\/\/tengyaart.com\/es\/macrame-bohemio-de-papel-para-colgar-en-la-pared\/","title":{"rendered":"Colgante de papel bohemio en macram\u00e9"},"content":{"rendered":"<p><strong>Atractivo visual distintivo<\/strong><br \/>\nTomando los materiales naturales como n\u00facleo, respetuosos con el medio ambiente y renovables, los dise\u00f1os innovadores aportan un lenguaje est\u00e9tico \u00fanico a las obras de arte, ayudando a que su proyecto destaque en un entorno de dise\u00f1o ferozmente competitivo.<br \/>\n<strong>Artesan\u00eda garantizada<\/strong><br \/>\nCada pieza se fabrica bajo estrictas normas de control de calidad para garantizar la uniformidad del acabado, la durabilidad y la idoneidad para su instalaci\u00f3n a largo plazo tanto en espacios comerciales como residenciales.<br \/>\n<strong>Potenciaci\u00f3n del dise\u00f1o<\/strong><br \/>\nLa obra, impregnada de expresivas texturas naturales, ofrece a dise\u00f1adores de interiores y arquitectos una convincente herramienta visual para elevar la narrativa espacial y crear impactantes puntos focales.<br \/>\n<strong>Potencial de personalizaci\u00f3n<\/strong><br \/>\n(Si procede) Las opciones personalizadas -incluidas dimensiones, paletas de tonos y combinaciones de texturas- est\u00e1n disponibles previa consulta para adaptarse a requisitos de dise\u00f1o espec\u00edficos o necesidades de proyectos a gran escala.<\/p>\n<h2>Especificaci\u00f3n del producto<\/h2>\n<p><strong>Material:<\/strong> Papel<\/p>","protected":false},"excerpt":{"rendered":"<div class=\"flex justify-center flex-1 w-full overflow-y-auto messageListContainer-iOL2wV\">\n<div class=\"flex flex-col flex-1 gap-12 w-full max-w-848 messageList-L4JW6j\">\n<div class=\"group flex w-full flex-col\" data-testid=\"receive-message-foundation\" data-message-id=\"19155660100501762\">\n<div class=\"flex w-full\">\n<div class=\"w-full h-fit show-scroll-bar\" data-testid=\"receive-message-box\" data-plugin-identifier=\"Symbol(default-receive-message-box)\">\n<div class=\"container-ZYIsnH flow-markdown-body theme-samantha-Nbr9UN\" dir=\"ltr\" data-testid=\"message_text_content\" data-show-indicator=\"false\">\n<div class=\"auto-hide-last-sibling-br paragraph-JOTKXA paragraph-element br-paragraph-space\"><span data-slate-node=\"text\"><span class=\"\" data-slate-leaf=\"true\" data-sent-id=\"BP99aGpnZe\" data-para-id=\"0\">Eleva la decoraci\u00f3n de tu hogar con este encantador colgante de pared de macram\u00e9 bohemio.<\/span><\/span><span data-slate-node=\"text\"><span class=\"\" data-slate-leaf=\"true\" data-sent-id=\"VQaag6WY9V\" data-para-id=\"0\"> H\u00e1bilmente elaborado, presenta un intrincado dise\u00f1o en forma de celos\u00eda en la parte superior, que crea un delicado dise\u00f1o inspirado en un coraz\u00f3n, complementado con flecos en cascada que a\u00f1aden un toque de fluidez y movimiento.<\/span><\/span><span data-slate-node=\"text\" data-slate-fragment=\"JTVCJTdCJTIydHlwZSUyMiUzQSUyMnBhcmFncmFwaCUyMiUyQyUyMmNoaWxkcmVuJTIyJTNBJTVCJTdCJTIyaWQlMjIlM0ElMjJCUDk5YUdwblplJTIyJTJDJTIycGFyYUlkeCUyMiUzQTAlMkMlMjJzcmMlMjIlM0ElMjJFbGV2YXRlJTIweW91ciUyMGhvbWUlMjBkZWNvciUyMHdpdGglMjB0aGlzJTIwY2hhcm1pbmclMjBib2hlbWlhbiUyMG1hY3JhbWUlMjB3YWxsJTIwaGFuZ2luZy4lMjIlMkMlMjJkc3QlMjIlM0ElMjIlRTglQkYlOTklRTYlQUMlQkUlRTglQkYlQjclRTQlQkElQkElRTclOUElODQlRTYlQjMlQTIlRTglQTUlQkYlRTclQjElQjMlRTQlQkElOUElRTklQTMlOEUlRTYlQTAlQkMlRTclOUElODRtYWNyYW1lJUU1JUEzJTgxJUU2JThDJTgyJUU1JThGJUFGJUU0JUJCJUE1JUU2JThGJTkwJUU1JThEJTg3JUU2JTgyJUE4JUU3JTlBJTg0JUU1JUFFJUI2JUU1JUIxJTg1JUU4JUEzJTg1JUU5JUE1JUIwJUUzJTgwJTgyJTIyJTJDJTIybWV0YWRhdGElMjIlM0ElMjIlMjIlMkMlMjJtYXRjaGVzJTIyJTNBbnVsbCUyQyUyMnRyYW5zbGF0ZWRCeSUyMiUzQW51bGwlMkMlMjJtZXRhRGF0YSUyMiUzQSU1QiU1RCUyQyUyMnRleHQlMjIlM0ElMjJFbGV2YXRlJTIweW91ciUyMGhvbWUlMjBkZWNvciUyMHdpdGglMjB0aGlzJTIwY2hhcm1pbmclMjBib2hlbWlhbiUyMG1hY3JhbWUlMjB3YWxsJTIwaGFuZ2luZy4lMjIlN0QlMkMlN0IlMjJpZCUyMiUzQSUyMlZRYWFnNldZOVYlMjIlMkMlMjJwYXJhSWR4JTIyJTNBMCUyQyUyMnNyYyUyMiUzQSUyMiUyMFNraWxsZnVsbHklMjBjcmFmdGVkJTJDJTIwaXQlMjBmZWF0dXJlcyUyMGFuJTIwaW50cmljYXRlJTIwbGF0dGljZSUyMC0lMjBsaWtlJTIwcGF0dGVybiUyMGF0JTIwdGhlJTIwdG9wJTJDJTIwY3JlYXRpbmclMjBhJTIwZGVsaWNhdGUlMjBoZWFydCUyMC0lMjBpbnNwaXJlZCUyMGRlc2lnbiUyQyUyMGNvbXBsZW1lbnRlZCUyMGJ5JTIwY2FzY2FkaW5nJTIwZnJpbmdlcyUyMHRoYXQlMjBhZGQlMjBhJTIwdG91Y2glMjBvZiUyMGZsdWlkaXR5JTIwYW5kJTIwbW92ZW1lbnQuJTIyJTJDJTIyZHN0JTIyJTNBJTIyJUU1JUFFJTgzJUU1JTg4JUI2JUU0JUJEJTlDJUU1JUI3JUE3JUU1JUE2JTk5JUVGJUJDJThDJUU5JUExJUI2JUU5JTgzJUE4JUU2JTlDJTg5JUU0JUI4JTgwJUU0JUI4JUFBJUU1JUE0JThEJUU2JTlEJTgyJUU3JTlBJTg0JUU2JUEwJUJDJUU1JUFEJTkwJUU3JThBJUI2JUU1JTlCJUJFJUU2JUExJTg4JUVGJUJDJThDJUU1JTg4JTlCJUU5JTgwJUEwJUU0JUJBJTg2JUU0JUI4JTgwJUU0JUI4JUFBJUU3JUIyJUJFJUU4JTg3JUI0JUU3JTlBJTg0JUU1JUJGJTgzJUU1JUJEJUEyJUU4JUFFJUJFJUU4JUFFJUExJUVGJUJDJThDJUU4JUJFJTg1JUU0JUJCJUE1JUU3JUJBJUE3JUU4JTgxJTk0JUU3JTlBJTg0JUU2JTlEJUExJUU3JUJBJUI5JUVGJUJDJThDJUU1JUEyJTlFJUU2JUI3JUJCJUU0JUJBJTg2JUU2JUI1JTgxJUU1JThBJUE4JUU2JTgwJUE3JUU1JTkyJThDJUU4JUJGJTkwJUU1JThBJUE4JUU2JTg0JTlGJUUzJTgwJTgyJTIyJTJDJTIybWV0YWRhdGElMjIlM0ElMjIlMjIlMkMlMjJtYXRjaGVzJTIyJTNBbnVsbCUyQyUyMnRyYW5zbGF0ZWRCeSUyMiUzQW51bGwlMkMlMjJtZXRhRGF0YSUyMiUzQSU1QiU1RCUyQyUyMnRleHQlMjIlM0ElMjIlMjBTa2lsbGZ1bGx5JTIwY3JhZnRlZCUyQyUyMGl0JTIwZmVhdHVyZXMlMjBhbiUyMGludHJpY2F0ZSUyMGxhdHRpY2UlMjAtJTIwbGlrZSUyMHBhdHRlcm4lMjBhdCUyMHRoZSUyMHRvcCUyQyUyMGNyZWF0aW5nJTIwYSUyMGRlbGljYXRlJTIwaGVhcnQlMjAtJTIwaW5zcGlyZWQlMjBkZXNpZ24lMkMlMjBjb21wbGVtZW50ZWQlMjBieSUyMGNhc2NhZGluZyUyMGZyaW5nZXMlMjB0aGF0JTIwYWRkJTIwYSUyMHRvdWNoJTIwb2YlMjBmbHVpZGl0eSUyMGFuZCUyMG1vdmVtZW50LiUyMiU3RCUyQyU3QiUyMmlkJTIyJTNBJTIyVnBnZ1pOOHByZSUyMiUyQyUyMnBhcmFJZHglMjIlM0EwJTJDJTIyc3JjJTIyJTNBJTIyJTIwSHVuZyUyMG9uJTIwYSUyMG5hdHVyYWwlMjB3b29kZW4lMjByb2QlMkMlMjBpdCdzJTIwdGhlJTIwcGVyZmVjdCUyMHBpZWNlJTIwZm9yJTIwdGhvc2UlMjB3aG8lMjB3YW50JTIwdG8lMjBicmluZyUyMGElMjBsYWlkJTIwLSUyMGJhY2slMkMlMjBib2hvJTIwLSUyMGNoaWMlMjB2aWJlJTIwdG8lMjBhbnklMjByb29tJTJDJTIwd2hldGhlciUyMGl0J3MlMjBhJTIwbGl2aW5nJTIwcm9vbSUyQyUyMGJlZHJvb20lMkMlMjBvciUyMGV2ZW4lMjBhJTIwY296eSUyMHJlYWRpbmclMjBub29rLiUyMiUyQyUyMmRzdCUyMiUzQSUyMiVFNiU4MiVBQyVFNiU4QyU4MiVFNSU5QyVBOCVFNSVBNCVBOSVFNyU4NCVCNiVFNiU5QyVBOCVFNiU5RCU4NiVFNCVCOCU4QSVFRiVCQyU4QyVFNSVBRiVCOSVFNCVCQSU4RSVFOSU4MiVBMyVFNCVCQSU5QiVFNiU4MyVCMyVFNyVCQiU5OSVFNCVCQiVCQiVFNCVCRCU5NSVFNiU4OCVCRiVFOSU5NyVCNCVFNSVCOCVBNiVFNiU5RCVBNSVFNiU4MiVBMCVFOSU5NyVCMiVFMyU4MCU4MSVFNiVCMyVBMiVFOCVBNSVCRiVFNyVCMSVCMyVFNCVCQSU5QSVFNiU5NyVCNiVFNSVCMCU5QSVFNiVCMCU5QiVFNSU5QiVCNCVFNyU5QSU4NCVFNCVCQSVCQSVFNiU5RCVBNSVFOCVBRiVCNCVFRiVCQyU4QyVFOCVCRiU5OSVFNiU5OCVBRiVFNCVCOCU4MCVFNCVCQiVCNiVFNSVBRSU4QyVFNyVCRSU4RSVFNyU5QSU4NCVFNCVCRCU5QyVFNSU5MyU4MSVFRiVCQyU4QyVFNiU5NyVBMCVFOCVBRSVCQSVFNiU5OCVBRiVFNSVBRSVBMiVFNSU4RSU4NSVFMyU4MCU4MSVFNSU4RCVBNyVFNSVBRSVBNCVFRiVCQyU4QyVFOCVCRiU5OCVFNiU5OCVBRiVFOCU4OCU5MiVFOSU4MCU4MiVFNyU5QSU4NCVFOSU5OCU4NSVFOCVBRiVCQiVFOCVBNyU5MiVFOCU5MCVCRCVFMyU4MCU4MiUyMiUyQyUyMm1ldGFkYXRhJTIyJTNBJTIyJTIyJTJDJTIybWF0Y2hlcyUyMiUzQW51bGwlMkMlMjJ0cmFuc2xhdGVkQnklMjIlM0FudWxsJTJDJTIybWV0YURhdGElMjIlM0ElNUIlNUQlMkMlMjJ0ZXh0JTIyJTNBJTIyJTIwSHVuZyUyMG9uJTIwYSUyMG5hdHVyYWwlMjB3b29kZW4lMjByb2QlMkMlMjBpdCdzJTIwdGhlJTIwcGVyZmVjdCUyMHBpZWNlJTIwZm9yJTIwdGhvc2UlMjB3aG8lMjB3YW50JTIwdG8lMjBicmluZyUyMGElMjBsYWlkJTIwLSUyMGJhY2slMkMlMjBib2hvJTIwLSUyMGNoaWMlMjB2aWJlJTIwdG8lMjBhbnklMjByb29tJTJDJTIwd2hldGhlciUyMGl0J3MlMjBhJTIwbGl2aW5nJTIwcm9vbSUyQyUyMGJlZHJvb20lMkMlMjBvciUyMGV2ZW4lMjBhJTIwY296eSUyMHJlYWRpbmclMjBub29rLiUyMiU3RCU1RCU3RCU1RA==\"><span class=\"\" data-slate-leaf=\"true\" data-sent-id=\"VpggZN8pre\" data-para-id=\"0\"> Colgada de una varilla de madera natural, es la pieza perfecta para quienes desean aportar un aire relajado y boho chic a cualquier habitaci\u00f3n, ya sea un sal\u00f3n, un dormitorio o incluso un acogedor rinc\u00f3n de lectura.<\/span><\/span><\/div>\n<\/div>\n<\/div>\n<\/div>\n<div class=\"flex flex-col justify-end h-40 w-full select-none opacity-100\" data-testid=\"message_action_bar\">\n<div class=\"flex flex-row w-full group\">\n<div class=\"bp5-overflow-list flex w-fit min-w-0 items-center gap-12 self-center\">\n<div class=\"btn-XFSoHB readMessageBtn-uqmJEc\" tabindex=\"0\" aria-describedby=\"jvz9wx9\" data-popupid=\"jvz9wx9\"><\/div>\n<\/div>\n<\/div>\n<\/div>\n<div class=\"suggest-message-list-wrapper-Hn7Sfr\" data-testid=\"suggest_message_list\">\n<div class=\"suggest-list-item suggest-message-LJeEWd\" data-testid=\"suggest_message_item\"><\/div>\n<\/div>\n<\/div>\n<div class=\"bottomAnchor-MVN9kR\"><\/div>\n<\/div>\n<\/div>","protected":false},"featured_media":1832,"comment_status":"open","ping_status":"closed","template":"","meta":[],"product_brand":[],"product_cat":[34,39],"product_tag":[],"class_list":{"0":"post-1845","1":"product","2":"type-product","3":"status-publish","4":"has-post-thumbnail","6":"product_cat-art-core-unframed","7":"product_cat-paper-art-core","8":"pa_style-woven-stacked-patchwork","10":"first","11":"instock","12":"shipping-taxable","13":"product-type-simple"},"_links":{"self":[{"href":"https:\/\/tengyaart.com\/es\/wp-json\/wp\/v2\/product\/1845","targetHints":{"allow":["GET"]}}],"collection":[{"href":"https:\/\/tengyaart.com\/es\/wp-json\/wp\/v2\/product"}],"about":[{"href":"https:\/\/tengyaart.com\/es\/wp-json\/wp\/v2\/types\/product"}],"replies":[{"embeddable":true,"href":"https:\/\/tengyaart.com\/es\/wp-json\/wp\/v2\/comments?post=1845"}],"wp:featuredmedia":[{"embeddable":true,"href":"https:\/\/tengyaart.com\/es\/wp-json\/wp\/v2\/media\/1832"}],"wp:attachment":[{"href":"https:\/\/tengyaart.com\/es\/wp-json\/wp\/v2\/media?parent=1845"}],"wp:term":[{"taxonomy":"product_brand","embeddable":true,"href":"https:\/\/tengyaart.com\/es\/wp-json\/wp\/v2\/product_brand?post=1845"},{"taxonomy":"product_cat","embeddable":true,"href":"https:\/\/tengyaart.com\/es\/wp-json\/wp\/v2\/product_cat?post=1845"},{"taxonomy":"product_tag","embeddable":true,"href":"https:\/\/tengyaart.com\/es\/wp-json\/wp\/v2\/product_tag?post=1845"}],"curies":[{"name":"wp","href":"https:\/\/api.w.org\/{rel}","templated":true}]}}