{"id":1844,"date":"2025-09-04T07:33:49","date_gmt":"2025-09-04T07:33:49","guid":{"rendered":"https:\/\/tengyaart.com\/?post_type=product&#038;p=1844"},"modified":"2025-09-04T07:33:50","modified_gmt":"2025-09-04T07:33:50","slug":"obra-de-arte-vintage-estilo-floral-tejido-sin-enmarcar","status":"publish","type":"product","link":"https:\/\/tengyaart.com\/es\/obra-de-arte-vintage-estilo-floral-tejido-sin-enmarcar\/","title":{"rendered":"Vintage Estilo Floral Tejido Obra de Arte sin marco"},"content":{"rendered":"<p><strong>Atractivo visual distintivo<\/strong><br \/>\nTomando los materiales naturales como n\u00facleo, respetuosos con el medio ambiente y renovables, los dise\u00f1os innovadores aportan un lenguaje est\u00e9tico \u00fanico a las obras de arte, ayudando a que su proyecto destaque en un entorno de dise\u00f1o ferozmente competitivo.<br \/>\n<strong>Artesan\u00eda garantizada<\/strong><br \/>\nCada pieza se fabrica bajo estrictas normas de control de calidad para garantizar la uniformidad del acabado, la durabilidad y la idoneidad para su instalaci\u00f3n a largo plazo tanto en espacios comerciales como residenciales.<br \/>\n<strong>Potenciaci\u00f3n del dise\u00f1o<\/strong><br \/>\nLa obra, impregnada de expresivas texturas naturales, ofrece a dise\u00f1adores de interiores y arquitectos una convincente herramienta visual para elevar la narrativa espacial y crear impactantes puntos focales.<br \/>\n<strong>Potencial de personalizaci\u00f3n<\/strong><br \/>\n(Si procede) Las opciones personalizadas -incluidas dimensiones, paletas de tonos y combinaciones de texturas- est\u00e1n disponibles previa consulta para adaptarse a requisitos de dise\u00f1o espec\u00edficos o necesidades de proyectos a gran escala.<\/p>\n<h2>Especificaci\u00f3n del producto<\/h2>\n<p><strong>Dimensiones:<\/strong>50 cm (alto) \u00d7 50 cm (ancho)<br \/>\n<strong>Material:<\/strong> Papel<br \/>\n<strong>Peso:<\/strong>39g<\/p>","protected":false},"excerpt":{"rendered":"<p><span data-slate-node=\"text\"><span class=\"\" data-slate-leaf=\"true\" data-sent-id=\"V5ooxxZX3B\" data-para-id=\"4\">A\u00f1ade un toque de elegancia r\u00fastica a tu hogar con este cuadro circular sin marco. Con un cautivador patr\u00f3n de rayos de sol en el centro, rodeado de un intrincado tejido estilo encaje, combina el encanto natural con una delicada artesan\u00eda.<\/span><\/span><span data-slate-node=\"text\" data-slate-fragment=\"JTVCJTdCJTIydHlwZSUyMiUzQSUyMnBhcmFncmFwaCUyMiUyQyUyMmNoaWxkcmVuJTIyJTNBJTVCJTdCJTIyaWQlMjIlM0ElMjJWNW9veHhaWDNCJTIyJTJDJTIycGFyYUlkeCUyMiUzQTQlMkMlMjJzcmMlMjIlM0ElMjJBZGQlMjBhJTIwdG91Y2glMjBvZiUyMHJ1c3RpYyUyMGVsZWdhbmNlJTIwdG8lMjB5b3VyJTIwaG9tZSUyMHdpdGglMjB0aGlzJTIwdW5mcmFtZWQlMjBjaXJjdWxhciUyMGFydCUyMHByaW50LiUyMEZlYXR1cmluZyUyMGElMjBjYXB0aXZhdGluZyUyMHN1bmJ1cnN0JTIwLSUyMGxpa2UlMjBwYXR0ZXJuJTIwYXQlMjBpdHMlMjBjZW50ZXIlMkMlMjBzdXJyb3VuZGVkJTIwYnklMjBpbnRyaWNhdGUlMjBsYWNlJTIwLSUyMHN0eWxlJTIwd2VhdmluZyUyQyUyMGl0JTIwY29tYmluZXMlMjBuYXR1cmFsJTIwY2hhcm0lMjB3aXRoJTIwZGVsaWNhdGUlMjBjcmFmdHNtYW5zaGlwLiUyMiUyQyUyMmRzdCUyMiUzQSUyMiVFOCVCRiU5OSVFNiVBQyVCRSVFNiU5NyVBMCVFNiVBMSU4NiVFNSU5QyU4NiVFNSVCRCVBMiVFOCU4OSVCQSVFNiU5QyVBRiVFNSU4RCVCMCVFOCU4QSVCMSVFNCVCOCVCQSVFNiU4MiVBOCVFNyU5QSU4NCVFNSVBRSVCNiVFNSVBMiU5RSVFNiVCNyVCQiVFNCVCOCU4MCVFNCVCOCU5RCVFOCVCNCVBOCVFNiU5QyVCNCVFNyU5QSU4NCVFNCVCQyU5OCVFOSU5QiU4NSVFMyU4MCU4MiVFNSU4NSVCNiVFNCVCOCVBRCVFNSVCRiU4MyVFNiU5QyU4OSVFOCVCRiVCNyVFNCVCQSVCQSVFNyU5QSU4NCVFNiU5NyVBRCVFNiU5NyVBNSVFNSU5QiVCRSVFNiVBMSU4OCVFRiVCQyU4QyVFNSU5MSVBOCVFNSU5QiVCNCVFNyU4RSVBRiVFNyVCQiU5NSVFNyU5RCU4MCVFNSVBNCU4RCVFNiU5RCU4MiVFNyU5QSU4NCVFOCU5NSVCRSVFNCVCOCU5RCVFOSVBMyU4RSVFNiVBMCVCQyVFNyVCQyU5NiVFNyVCQiU4NyVFRiVCQyU4QyVFNSVCMCU4NiVFOCU4NyVBQSVFNyU4NCVCNiVFOSVBRCU4NSVFNSU4QSU5QiVFNCVCOCU4RSVFNyVCMiVCRSVFOCU4NyVCNCVFNSVCNyVBNSVFOCU4OSVCQSVFNyU5QiVCOCVFNyVCQiU5MyVFNSU5MCU4OCVFMyU4MCU4MiUyMiUyQyUyMm1ldGFkYXRhJTIyJTNBJTIyJTIyJTJDJTIybWF0Y2hlcyUyMiUzQW51bGwlMkMlMjJ0cmFuc2xhdGVkQnklMjIlM0FudWxsJTJDJTIybWV0YURhdGElMjIlM0ElNUIlNUQlMkMlMjJ0ZXh0JTIyJTNBJTIyQWRkJTIwYSUyMHRvdWNoJTIwb2YlMjBydXN0aWMlMjBlbGVnYW5jZSUyMHRvJTIweW91ciUyMGhvbWUlMjB3aXRoJTIwdGhpcyUyMHVuZnJhbWVkJTIwY2lyY3VsYXIlMjBhcnQlMjBwcmludC4lMjBGZWF0dXJpbmclMjBhJTIwY2FwdGl2YXRpbmclMjBzdW5idXJzdCUyMC0lMjBsaWtlJTIwcGF0dGVybiUyMGF0JTIwaXRzJTIwY2VudGVyJTJDJTIwc3Vycm91bmRlZCUyMGJ5JTIwaW50cmljYXRlJTIwbGFjZSUyMC0lMjBzdHlsZSUyMHdlYXZpbmclMkMlMjBpdCUyMGNvbWJpbmVzJTIwbmF0dXJhbCUyMGNoYXJtJTIwd2l0aCUyMGRlbGljYXRlJTIwY3JhZnRzbWFuc2hpcC4lMjIlN0QlMkMlN0IlMjJpZCUyMiUzQSUyMnp5TExXV3hLbVYlMjIlMkMlMjJwYXJhSWR4JTIyJTNBNCUyQyUyMnNyYyUyMiUzQSUyMiUyMElkZWFsJTIwZm9yJTIwdGhvc2UlMjB3aG8lMjB3YW50JTIwdG8lMjBpbmZ1c2UlMjBhJTIwd2FybSUyQyUyMGVhcnRoeSUyMGFlc3RoZXRpYyUyMGludG8lMjB0aGVpciUyMHNwYWNlJTIwYW5kJTIwY3VzdG9taXplJTIwdGhlJTIwZnJhbWluZyUyMGFjY29yZGluZyUyMHRvJTIwdGhlaXIlMjBwZXJzb25hbCUyMHRhc3RlLiUyMCUyMiUyQyUyMmRzdCUyMiUzQSUyMiVFOSU5RCU5RSVFNSVCOCVCOCVFOSU4MCU4MiVFNSU5MCU4OCVFOSU4MiVBMyVFNCVCQSU5QiVFNiU4MyVCMyVFNSU5QyVBOCVFNCVCQiU5NiVFNCVCQiVBQyVFNyU5QSU4NCVFNyVBOSVCQSVFOSU5NyVCNCVFNCVCOCVBRCVFNiVCMyVBOCVFNSU4NSVBNSVFNiVCOCVBOSVFNiU5QSU5NiVFMyU4MCU4MSVFNiU5QyVCNCVFNSVBRSU5RSVFNyU5QSU4NCVFNyVCRSU4RSVFNSVBRCVBNiVFRiVCQyU4QyVFNSVCOSVCNiVFNiVBMCVCOSVFNiU4RCVBRSVFNCVCOCVBQSVFNCVCQSVCQSVFNSU5MyU4MSVFNSU5MSVCMyVFNSVBRSU5QSVFNSU4OCVCNiVFNiVBMSU4NiVFNiU5RSVCNiVFNyU5QSU4NCVFNCVCQSVCQSVFMyU4MCU4MiUyMiUyQyUyMm1ldGFkYXRhJTIyJTNBJTIyJTIyJTJDJTIybWF0Y2hlcyUyMiUzQW51bGwlMkMlMjJ0cmFuc2xhdGVkQnklMjIlM0FudWxsJTJDJTIybWV0YURhdGElMjIlM0ElNUIlNUQlMkMlMjJ0ZXh0JTIyJTNBJTIyJTIwSWRlYWwlMjBmb3IlMjB0aG9zZSUyMHdobyUyMHdhbnQlMjB0byUyMGluZnVzZSUyMGElMjB3YXJtJTJDJTIwZWFydGh5JTIwYWVzdGhldGljJTIwaW50byUyMHRoZWlyJTIwc3BhY2UlMjBhbmQlMjBjdXN0b21pemUlMjB0aGUlMjBmcmFtaW5nJTIwYWNjb3JkaW5nJTIwdG8lMjB0aGVpciUyMHBlcnNvbmFsJTIwdGFzdGUuJTIwJTIyJTdEJTVEJTdEJTVE\"><span class=\"\" data-slate-leaf=\"true\" data-sent-id=\"zyLLWWxKmV\" data-para-id=\"4\"> Ideal para quienes desean infundir una est\u00e9tica c\u00e1lida y terrosa a su espacio y personalizar el enmarcado seg\u00fan su gusto personal. <\/span><\/span><\/p>","protected":false},"featured_media":1830,"comment_status":"open","ping_status":"closed","template":"","meta":[],"product_brand":[],"product_cat":[34,39],"product_tag":[],"class_list":{"0":"post-1844","1":"product","2":"type-product","3":"status-publish","4":"has-post-thumbnail","6":"product_cat-art-core-unframed","7":"product_cat-paper-art-core","8":"pa_size-m4080w-4080h","9":"pa_style-line","10":"pa_style-woven-stacked-patchwork","12":"first","13":"instock","14":"shipping-taxable","15":"product-type-simple"},"_links":{"self":[{"href":"https:\/\/tengyaart.com\/es\/wp-json\/wp\/v2\/product\/1844","targetHints":{"allow":["GET"]}}],"collection":[{"href":"https:\/\/tengyaart.com\/es\/wp-json\/wp\/v2\/product"}],"about":[{"href":"https:\/\/tengyaart.com\/es\/wp-json\/wp\/v2\/types\/product"}],"replies":[{"embeddable":true,"href":"https:\/\/tengyaart.com\/es\/wp-json\/wp\/v2\/comments?post=1844"}],"wp:featuredmedia":[{"embeddable":true,"href":"https:\/\/tengyaart.com\/es\/wp-json\/wp\/v2\/media\/1830"}],"wp:attachment":[{"href":"https:\/\/tengyaart.com\/es\/wp-json\/wp\/v2\/media?parent=1844"}],"wp:term":[{"taxonomy":"product_brand","embeddable":true,"href":"https:\/\/tengyaart.com\/es\/wp-json\/wp\/v2\/product_brand?post=1844"},{"taxonomy":"product_cat","embeddable":true,"href":"https:\/\/tengyaart.com\/es\/wp-json\/wp\/v2\/product_cat?post=1844"},{"taxonomy":"product_tag","embeddable":true,"href":"https:\/\/tengyaart.com\/es\/wp-json\/wp\/v2\/product_tag?post=1844"}],"curies":[{"name":"wp","href":"https:\/\/api.w.org\/{rel}","templated":true}]}}