{"id":1843,"date":"2025-09-04T07:27:59","date_gmt":"2025-09-04T07:27:59","guid":{"rendered":"https:\/\/tengyaart.com\/?post_type=product&#038;p=1843"},"modified":"2025-09-04T07:27:59","modified_gmt":"2025-09-04T07:27:59","slug":"obra-de-arte-de-papel-3d-petalos-apilados-sin-marco","status":"publish","type":"product","link":"https:\/\/tengyaart.com\/es\/obra-de-arte-de-papel-3d-petalos-apilados-sin-marco\/","title":{"rendered":"Papel 3D P\u00e9talo Apilable Obra de arte sin marco"},"content":{"rendered":"<p><strong>Atractivo visual distintivo<\/strong><br \/>\nTomando los materiales naturales como n\u00facleo, respetuosos con el medio ambiente y renovables, los dise\u00f1os innovadores aportan un lenguaje est\u00e9tico \u00fanico a las obras de arte, ayudando a que su proyecto destaque en un entorno de dise\u00f1o ferozmente competitivo.<br \/>\n<strong>Artesan\u00eda garantizada<\/strong><br \/>\nCada pieza se fabrica bajo estrictas normas de control de calidad para garantizar la uniformidad del acabado, la durabilidad y la idoneidad para su instalaci\u00f3n a largo plazo tanto en espacios comerciales como residenciales.<br \/>\n<strong>Potenciaci\u00f3n del dise\u00f1o<\/strong><br \/>\nLa obra, impregnada de expresivas texturas naturales, ofrece a dise\u00f1adores de interiores y arquitectos una convincente herramienta visual para elevar la narrativa espacial y crear impactantes puntos focales.<br \/>\n<strong>Potencial de personalizaci\u00f3n<\/strong><br \/>\n(Si procede) Las opciones personalizadas -incluidas dimensiones, paletas de tonos y combinaciones de texturas- est\u00e1n disponibles previa consulta para adaptarse a requisitos de dise\u00f1o espec\u00edficos o necesidades de proyectos a gran escala.<\/p>\n<h2>Especificaci\u00f3n del producto<\/h2>\n<p><strong>Dimensiones:<\/strong>58 cm (alto) \u00d758 cm (ancho)<br \/>\n<strong>Material:<\/strong> Papel<br \/>\n<strong>Peso:\u00a0 <\/strong>g<\/p>","protected":false},"excerpt":{"rendered":"<p><span data-slate-node=\"text\"><span class=\"\" data-slate-leaf=\"true\" data-sent-id=\"eJLLx22Dwz\" data-para-id=\"1\">Transforme su espacio vital con esta encantadora impresi\u00f3n art\u00edstica sin marco, que muestra un dise\u00f1o de estilo impresionante.<\/span><\/span><span data-slate-node=\"text\"><span class=\"\" data-slate-leaf=\"true\" data-sent-id=\"BXnnb88Y6V\" data-para-id=\"1\"> Elaborado como un delicado encaje, sus intrincados motivos de inspiraci\u00f3n floral irradian una sensaci\u00f3n de calma y belleza.<\/span><\/span><span data-slate-node=\"text\" data-slate-fragment=\"JTVCJTdCJTIydHlwZSUyMiUzQSUyMnBhcmFncmFwaCUyMiUyQyUyMmNoaWxkcmVuJTIyJTNBJTVCJTdCJTIyaWQlMjIlM0ElMjJlSkxMeDIyRHd6JTIyJTJDJTIycGFyYUlkeCUyMiUzQTElMkMlMjJzcmMlMjIlM0ElMjJUcmFuc2Zvcm0lMjB5b3VyJTIwbGl2aW5nJTIwc3BhY2UlMjB3aXRoJTIwdGhpcyUyMGVuY2hhbnRpbmclMjB1bmZyYW1lZCUyMGFydCUyMHByaW50JTJDJTIwc2hvd2Nhc2luZyUyMGElMjBzdHVubmluZyUyMHN0eWxlJTIwZGVzaWduLiUyMiUyQyUyMmRzdCUyMiUzQSUyMiVFOCVCRiU5OSVFNiVBQyVCRSVFOCVCRiVCNyVFNCVCQSVCQSVFNyU5QSU4NCVFNiU5NyVBMCVFNiVBMSU4NiVFOCU4OSVCQSVFNiU5QyVBRiVFNSU4RCVCMCVFOCU4QSVCMSVFNSVCMSU5NSVFNyVBNCVCQSVFNCVCQSU4NiVFNCVCQiVBNCVFNCVCQSVCQSVFNiU4MyU4QSVFNSU4RiVCOSVFNyU5QSU4NCVFOSVBMyU4RSVFNiVBMCVCQyVFOCVBRSVCRSVFOCVBRSVBMSVFRiVCQyU4QyVFNiU5NCVCOSVFNSU4RiU5OCVFNCVCQSU4NiVFNiU4MiVBOCVFNyU5QSU4NCVFNyU5NCU5RiVFNiVCNCVCQiVFNyVBOSVCQSVFOSU5NyVCNCVFMyU4MCU4MiUyMiUyQyUyMm1ldGFkYXRhJTIyJTNBJTIyJTIyJTJDJTIybWF0Y2hlcyUyMiUzQW51bGwlMkMlMjJ0cmFuc2xhdGVkQnklMjIlM0FudWxsJTJDJTIybWV0YURhdGElMjIlM0ElNUIlNUQlMkMlMjJ0ZXh0JTIyJTNBJTIyVHJhbnNmb3JtJTIweW91ciUyMGxpdmluZyUyMHNwYWNlJTIwd2l0aCUyMHRoaXMlMjBlbmNoYW50aW5nJTIwdW5mcmFtZWQlMjBhcnQlMjBwcmludCUyQyUyMHNob3djYXNpbmclMjBhJTIwc3R1bm5pbmclMjBzdHlsZSUyMGRlc2lnbi4lMjIlN0QlMkMlN0IlMjJpZCUyMiUzQSUyMkJYbm5iODhZNlYlMjIlMkMlMjJwYXJhSWR4JTIyJTNBMSUyQyUyMnNyYyUyMiUzQSUyMiUyMENyYWZ0ZWQlMjB0byUyMHJlc2VtYmxlJTIwYSUyMGRlbGljYXRlJTIwbGFjZXdvcmslMkMlMjBpdHMlMjBpbnRyaWNhdGUlMjBmbG9yYWwlMjAtJTIwaW5zcGlyZWQlMjBwYXR0ZXJucyUyMHJhZGlhdGUlMjBhJTIwc2Vuc2UlMjBvZiUyMGNhbG0lMjBhbmQlMjBiZWF1dHkuJTIyJTJDJTIyZHN0JTIyJTNBJTIyJUU1JTg1JUI2JUU3JUIyJUJFJUU4JTg3JUI0JUU3JTlBJTg0JUU4JThBJUIxJUU4JUJFJUI5JUU1JTlCJUJFJUU2JUExJTg4JUU2JTk1JUEzJUU1JThGJTkxJUU1JTg3JUJBJUU1JUI5JUIzJUU5JTlEJTk5JUU1JTkyJThDJUU3JUJFJThFJUU0JUI4JUJEJUU3JTlBJTg0JUU2JUIwJTk0JUU2JTgxJUFGJUUzJTgwJTgyJTIyJTJDJTIybWV0YWRhdGElMjIlM0ElMjIlMjIlMkMlMjJtYXRjaGVzJTIyJTNBbnVsbCUyQyUyMnRyYW5zbGF0ZWRCeSUyMiUzQW51bGwlMkMlMjJtZXRhRGF0YSUyMiUzQSU1QiU1RCUyQyUyMnRleHQlMjIlM0ElMjIlMjBDcmFmdGVkJTIwdG8lMjByZXNlbWJsZSUyMGElMjBkZWxpY2F0ZSUyMGxhY2V3b3JrJTJDJTIwaXRzJTIwaW50cmljYXRlJTIwZmxvcmFsJTIwLSUyMGluc3BpcmVkJTIwcGF0dGVybnMlMjByYWRpYXRlJTIwYSUyMHNlbnNlJTIwb2YlMjBjYWxtJTIwYW5kJTIwYmVhdXR5LiUyMiU3RCUyQyU3QiUyMmlkJTIyJTNBJTIyZXgyMnBMTG04eiUyMiUyQyUyMnBhcmFJZHglMjIlM0ExJTJDJTIyc3JjJTIyJTNBJTIyJTIwSWRlYWwlMjBmb3IlMjB0aG9zZSUyMHdobyUyMGFwcHJlY2lhdGUlMjBkZXRhaWxlZCUyQyUyMHNwaXJpdHVhbCUyMC0lMjBhZXN0aGV0aWMlMjBkZWNvciUyQyUyMGFuZCUyMHdpc2glMjB0byUyMHBlcnNvbmFsaXplJTIwdGhlJTIwZnJhbWluZyUyMHRvJTIwbWF0Y2glMjB0aGVpciUyMHVuaXF1ZSUyMGludGVyaW9yJTIwc3R5bGUuJTIwJTIyJTJDJTIyZHN0JTIyJTNBJTIyJUU5JTlEJTlFJUU1JUI4JUI4JUU5JTgwJTgyJUU1JTkwJTg4JUU5JTgyJUEzJUU0JUJBJTlCJUU2JUFDJUEzJUU4JUI1JThGJUU3JUJCJTg2JUU4JThBJTgyJUUzJTgwJTgxJUU3JUIyJUJFJUU3JUE1JTlFJUU3JUJFJThFJUU1JUFEJUE2JUU4JUEzJTg1JUU5JUE1JUIwJUVGJUJDJThDJUU1JUI5JUI2JUU1JUI4JThDJUU2JTlDJTlCJUU0JUI4JUFBJUU2JTgwJUE3JUU1JThDJTk2JUU2JUExJTg2JUU2JTlFJUI2JUU0JUJCJUE1JUU1JThDJUI5JUU5JTg1JThEJUU1JTg1JUI2JUU3JThCJUFDJUU3JTg5JUI5JUU1JUFFJUE0JUU1JTg2JTg1JUU5JUEzJThFJUU2JUEwJUJDJUU3JTlBJTg0JUU0JUJBJUJBJUUzJTgwJTgyJTIyJTJDJTIybWV0YWRhdGElMjIlM0ElMjIlMjIlMkMlMjJtYXRjaGVzJTIyJTNBbnVsbCUyQyUyMnRyYW5zbGF0ZWRCeSUyMiUzQW51bGwlMkMlMjJtZXRhRGF0YSUyMiUzQSU1QiU1RCUyQyUyMnRleHQlMjIlM0ElMjIlMjBJZGVhbCUyMGZvciUyMHRob3NlJTIwd2hvJTIwYXBwcmVjaWF0ZSUyMGRldGFpbGVkJTJDJTIwc3Bpcml0dWFsJTIwLSUyMGFlc3RoZXRpYyUyMGRlY29yJTJDJTIwYW5kJTIwd2lzaCUyMHRvJTIwcGVyc29uYWxpemUlMjB0aGUlMjBmcmFtaW5nJTIwdG8lMjBtYXRjaCUyMHRoZWlyJTIwdW5pcXVlJTIwaW50ZXJpb3IlMjBzdHlsZS4lMjAlMjIlN0QlNUQlN0QlNUQ=\"><span class=\"\" data-slate-leaf=\"true\" data-sent-id=\"ex22pLLm8z\" data-para-id=\"1\"> Ideal para quienes aprecian la decoraci\u00f3n detallada, espiritual y est\u00e9tica, y desean personalizar el marco para que coincida con su estilo interior \u00fanico. <\/span><\/span><\/p>","protected":false},"featured_media":1829,"comment_status":"open","ping_status":"closed","template":"","meta":[],"product_brand":[],"product_cat":[34,39],"product_tag":[],"class_list":{"0":"post-1843","1":"product","2":"type-product","3":"status-publish","4":"has-post-thumbnail","6":"product_cat-art-core-unframed","7":"product_cat-paper-art-core","8":"pa_size-m4080w-4080h","9":"pa_style-floral-botanical","11":"first","12":"instock","13":"shipping-taxable","14":"product-type-simple"},"_links":{"self":[{"href":"https:\/\/tengyaart.com\/es\/wp-json\/wp\/v2\/product\/1843","targetHints":{"allow":["GET"]}}],"collection":[{"href":"https:\/\/tengyaart.com\/es\/wp-json\/wp\/v2\/product"}],"about":[{"href":"https:\/\/tengyaart.com\/es\/wp-json\/wp\/v2\/types\/product"}],"replies":[{"embeddable":true,"href":"https:\/\/tengyaart.com\/es\/wp-json\/wp\/v2\/comments?post=1843"}],"wp:featuredmedia":[{"embeddable":true,"href":"https:\/\/tengyaart.com\/es\/wp-json\/wp\/v2\/media\/1829"}],"wp:attachment":[{"href":"https:\/\/tengyaart.com\/es\/wp-json\/wp\/v2\/media?parent=1843"}],"wp:term":[{"taxonomy":"product_brand","embeddable":true,"href":"https:\/\/tengyaart.com\/es\/wp-json\/wp\/v2\/product_brand?post=1843"},{"taxonomy":"product_cat","embeddable":true,"href":"https:\/\/tengyaart.com\/es\/wp-json\/wp\/v2\/product_cat?post=1843"},{"taxonomy":"product_tag","embeddable":true,"href":"https:\/\/tengyaart.com\/es\/wp-json\/wp\/v2\/product_tag?post=1843"}],"curies":[{"name":"wp","href":"https:\/\/api.w.org\/{rel}","templated":true}]}}