{"id":1842,"date":"2025-09-04T07:18:23","date_gmt":"2025-09-04T07:18:23","guid":{"rendered":"https:\/\/tengyaart.com\/?post_type=product&#038;p=1842"},"modified":"2025-09-04T07:18:23","modified_gmt":"2025-09-04T07:18:23","slug":"tejido-estilo-etnico-obra-de-arte-sin-marco","status":"publish","type":"product","link":"https:\/\/tengyaart.com\/es\/tejido-estilo-etnico-obra-de-arte-sin-marco\/","title":{"rendered":"Tejido Estilo \u00c9tnico Obra de Arte sin marco"},"content":{"rendered":"<p><strong>Atractivo visual distintivo<\/strong><br \/>\nTomando los materiales naturales como n\u00facleo, respetuosos con el medio ambiente y renovables, los dise\u00f1os innovadores aportan un lenguaje est\u00e9tico \u00fanico a las obras de arte, ayudando a que su proyecto destaque en un entorno de dise\u00f1o ferozmente competitivo.<br \/>\n<strong>Artesan\u00eda garantizada<\/strong><br \/>\nCada pieza se fabrica bajo estrictas normas de control de calidad para garantizar la uniformidad del acabado, la durabilidad y la idoneidad para su instalaci\u00f3n a largo plazo tanto en espacios comerciales como residenciales.<br \/>\n<strong>Potenciaci\u00f3n del dise\u00f1o<\/strong><br \/>\nLa obra, impregnada de expresivas texturas naturales, ofrece a dise\u00f1adores de interiores y arquitectos una convincente herramienta visual para elevar la narrativa espacial y crear impactantes puntos focales.<br \/>\n<strong>Potencial de personalizaci\u00f3n<\/strong><br \/>\n(Si procede) Las opciones personalizadas -incluidas dimensiones, paletas de tonos y combinaciones de texturas- est\u00e1n disponibles previa consulta para adaptarse a requisitos de dise\u00f1o espec\u00edficos o necesidades de proyectos a gran escala.<\/p>\n<h2>Especificaci\u00f3n del producto<\/h2>\n<p><strong>Dimensiones:<\/strong>47 cm (alto) \u00d747 cm (ancho)<br \/>\n<strong>Material:<\/strong> Papel<br \/>\n<strong>Peso:<\/strong>50g<\/p>","protected":false},"excerpt":{"rendered":"<p><span data-slate-node=\"text\"><span class=\"\" data-slate-leaf=\"true\" data-sent-id=\"eLLLxb8QEe\" data-para-id=\"0\">Con un cautivador estampado geom\u00e9trico con formas tipo chevron y motivos \u00fanicos de inspiraci\u00f3n bot\u00e1nica, ofrece una mezcla de encanto moderno y r\u00fastico.<\/span><\/span><span data-slate-node=\"text\" data-slate-fragment=\"JTVCJTdCJTIydHlwZSUyMiUzQSUyMnBhcmFncmFwaCUyMiUyQyUyMmNoaWxkcmVuJTIyJTNBJTVCJTdCJTIyaWQlMjIlM0ElMjJlTExMeGI4UUVlJTIyJTJDJTIycGFyYUlkeCUyMiUzQTAlMkMlMjJzcmMlMjIlM0ElMjJGZWF0dXJpbmclMjBhJTIwY2FwdGl2YXRpbmclMjBnZW9tZXRyaWMlMjBwYXR0ZXJuJTIwd2l0aCUyMGNoZXZyb24lMjAtJTIwbGlrZSUyMHNoYXBlcyUyMGFuZCUyMHVuaXF1ZSUyMGJvdGFuaWNhbCUyMC0lMjBpbnNwaXJlZCUyMG1vdGlmcyUyQyUyMGl0JTIwb2ZmZXJzJTIwYSUyMGJsZW5kJTIwb2YlMjBtb2Rlcm4lMjBhbmQlMjBydXN0aWMlMjBjaGFybS4lMjIlMkMlMjJkc3QlMjIlM0ElMjIlRTUlQUUlODMlRTQlQkIlQTUlRTglQkYlQjclRTQlQkElQkElRTclOUElODQlRTUlODclQTAlRTQlQkQlOTUlRTUlOUIlQkUlRTYlQTElODglRTMlODAlODFWJUU1JUJEJUEyJUU1JUJEJUEyJUU3JThBJUI2JUU1JTkyJThDJUU3JThCJUFDJUU3JTg5JUI5JUU3JTlBJTg0JUU2JUE0JThEJUU3JTg5JUE5JUU3JTgxJUI1JUU2JTg0JTlGJUU1JTlCJUJFJUU2JUExJTg4JUU0JUI4JUJBJUU3JTg5JUI5JUU4JTg5JUIyJUVGJUJDJThDJUU4JTlFJThEJUU1JTkwJTg4JUU0JUJBJTg2JUU3JThFJUIwJUU0JUJCJUEzJUU1JTkyJThDJUU0JUI5JUExJUU2JTlEJTkxJUU3JTlBJTg0JUU5JUFEJTg1JUU1JThBJTlCJUUzJTgwJTgyJTIyJTJDJTIybWV0YWRhdGElMjIlM0ElMjIlMjIlMkMlMjJtYXRjaGVzJTIyJTNBbnVsbCUyQyUyMnRyYW5zbGF0ZWRCeSUyMiUzQW51bGwlMkMlMjJtZXRhRGF0YSUyMiUzQSU1QiU1RCUyQyUyMnRleHQlMjIlM0ElMjJGZWF0dXJpbmclMjBhJTIwY2FwdGl2YXRpbmclMjBnZW9tZXRyaWMlMjBwYXR0ZXJuJTIwd2l0aCUyMGNoZXZyb24lMjAtJTIwbGlrZSUyMHNoYXBlcyUyMGFuZCUyMHVuaXF1ZSUyMGJvdGFuaWNhbCUyMC0lMjBpbnNwaXJlZCUyMG1vdGlmcyUyQyUyMGl0JTIwb2ZmZXJzJTIwYSUyMGJsZW5kJTIwb2YlMjBtb2Rlcm4lMjBhbmQlMjBydXN0aWMlMjBjaGFybS4lMjIlN0QlMkMlN0IlMjJpZCUyMiUzQSUyMlZkb29rWlhKd2UlMjIlMkMlMjJwYXJhSWR4JTIyJTNBMCUyQyUyMnNyYyUyMiUzQSUyMiUyMElkZWFsJTIwZm9yJTIwdGhvc2UlMjB3aG8lMjBsb3ZlJTIwdG8lMjBjcmVhdGUlMjBhJTIwd2FybSUyQyUyMGVjbGVjdGljJTIwbGl2aW5nJTIwc3BhY2UlMjBhbmQlMjB3YW50JTIwdG8lMjBjaG9vc2UlMjBhJTIwZnJhbWUlMjB0aGF0JTIwc3VpdHMlMjB0aGVpciUyMHBlcnNvbmFsJTIwc3R5bGUuJTIyJTJDJTIyZHN0JTIyJTNBJTIyJUU5JTlEJTlFJUU1JUI4JUI4JUU5JTgwJTgyJUU1JTkwJTg4JUU5JTgyJUEzJUU0JUJBJTlCJUU1JTk2JTlDJUU2JUFDJUEyJUU1JTg4JTlCJUU5JTgwJUEwJUU0JUI4JTgwJUU0JUI4JUFBJUU2JUI4JUE5JUU2JTlBJTk2JUUzJTgwJTgxJUU2JThBJTk4JUU4JUExJUI3JUU3JTlBJTg0JUU3JTk0JTlGJUU2JUI0JUJCJUU3JUE5JUJBJUU5JTk3JUI0JUVGJUJDJThDJUU1JUI5JUI2JUU1JUI4JThDJUU2JTlDJTlCJUU5JTgwJTg5JUU2JThCJUE5JUU5JTgwJTgyJUU1JTkwJTg4JUU4JTg3JUFBJUU1JUI3JUIxJUU0JUI4JUFBJUU0JUJBJUJBJUU5JUEzJThFJUU2JUEwJUJDJUU3JTlBJTg0JUU2JUExJTg2JUU2JTlFJUI2JUU3JTlBJTg0JUU0JUJBJUJBJUUzJTgwJTgyJTIyJTJDJTIybWV0YWRhdGElMjIlM0ElMjIlMjIlMkMlMjJtYXRjaGVzJTIyJTNBbnVsbCUyQyUyMnRyYW5zbGF0ZWRCeSUyMiUzQW51bGwlMkMlMjJtZXRhRGF0YSUyMiUzQSU1QiU1RCUyQyUyMnRleHQlMjIlM0ElMjIlMjBJZGVhbCUyMGZvciUyMHRob3NlJTIwd2hvJTIwbG92ZSUyMHRvJTIwY3JlYXRlJTIwYSUyMHdhcm0lMkMlMjBlY2xlY3RpYyUyMGxpdmluZyUyMHNwYWNlJTIwYW5kJTIwd2FudCUyMHRvJTIwY2hvb3NlJTIwYSUyMGZyYW1lJTIwdGhhdCUyMHN1aXRzJTIwdGhlaXIlMjBwZXJzb25hbCUyMHN0eWxlLiUyMiU3RCU1RCU3RCU1RA==\"><span class=\"\" data-slate-leaf=\"true\" data-sent-id=\"VdookZXJwe\" data-para-id=\"0\"> Ideal para aquellos a los que les gusta crear un espacio c\u00e1lido y ecl\u00e9ctico y quieren elegir un marco que se adapte a su estilo personal.<\/span><\/span><\/p>","protected":false},"featured_media":1828,"comment_status":"open","ping_status":"closed","template":"","meta":[],"product_brand":[],"product_cat":[34,39],"product_tag":[],"class_list":{"0":"post-1842","1":"product","2":"type-product","3":"status-publish","4":"has-post-thumbnail","6":"product_cat-art-core-unframed","7":"product_cat-paper-art-core","8":"pa_size-m4080w-4080h","9":"pa_style-line","10":"pa_style-woven-stacked-patchwork","12":"first","13":"instock","14":"shipping-taxable","15":"product-type-simple"},"_links":{"self":[{"href":"https:\/\/tengyaart.com\/es\/wp-json\/wp\/v2\/product\/1842","targetHints":{"allow":["GET"]}}],"collection":[{"href":"https:\/\/tengyaart.com\/es\/wp-json\/wp\/v2\/product"}],"about":[{"href":"https:\/\/tengyaart.com\/es\/wp-json\/wp\/v2\/types\/product"}],"replies":[{"embeddable":true,"href":"https:\/\/tengyaart.com\/es\/wp-json\/wp\/v2\/comments?post=1842"}],"wp:featuredmedia":[{"embeddable":true,"href":"https:\/\/tengyaart.com\/es\/wp-json\/wp\/v2\/media\/1828"}],"wp:attachment":[{"href":"https:\/\/tengyaart.com\/es\/wp-json\/wp\/v2\/media?parent=1842"}],"wp:term":[{"taxonomy":"product_brand","embeddable":true,"href":"https:\/\/tengyaart.com\/es\/wp-json\/wp\/v2\/product_brand?post=1842"},{"taxonomy":"product_cat","embeddable":true,"href":"https:\/\/tengyaart.com\/es\/wp-json\/wp\/v2\/product_cat?post=1842"},{"taxonomy":"product_tag","embeddable":true,"href":"https:\/\/tengyaart.com\/es\/wp-json\/wp\/v2\/product_tag?post=1842"}],"curies":[{"name":"wp","href":"https:\/\/api.w.org\/{rel}","templated":true}]}}