{"id":1841,"date":"2025-09-04T07:12:03","date_gmt":"2025-09-04T07:12:03","guid":{"rendered":"https:\/\/tengyaart.com\/?post_type=product&#038;p=1841"},"modified":"2025-09-04T07:12:04","modified_gmt":"2025-09-04T07:12:04","slug":"obra-de-arte-paper-line-conch-weaving-sin-marco","status":"publish","type":"product","link":"https:\/\/tengyaart.com\/es\/obra-de-arte-paper-line-conch-weaving-sin-marco\/","title":{"rendered":"Paper Line Concha Tejido Obra de arte sin marco"},"content":{"rendered":"<p><strong>Atractivo visual distintivo<\/strong><br \/>\nTomando los materiales naturales como n\u00facleo, respetuosos con el medio ambiente y renovables, los dise\u00f1os innovadores aportan un lenguaje est\u00e9tico \u00fanico a las obras de arte, ayudando a que su proyecto destaque en un entorno de dise\u00f1o ferozmente competitivo.<br \/>\n<strong>Artesan\u00eda garantizada<\/strong><br \/>\nCada pieza se fabrica bajo estrictas normas de control de calidad para garantizar la uniformidad del acabado, la durabilidad y la idoneidad para su instalaci\u00f3n a largo plazo tanto en espacios comerciales como residenciales.<br \/>\n<strong>Potenciaci\u00f3n del dise\u00f1o<\/strong><br \/>\nLa obra, impregnada de expresivas texturas naturales, ofrece a dise\u00f1adores de interiores y arquitectos una convincente herramienta visual para elevar la narrativa espacial y crear impactantes puntos focales.<br \/>\n<strong>Potencial de personalizaci\u00f3n<\/strong><br \/>\n(Si procede) Las opciones personalizadas -incluidas dimensiones, paletas de tonos y combinaciones de texturas- est\u00e1n disponibles previa consulta para adaptarse a requisitos de dise\u00f1o espec\u00edficos o necesidades de proyectos a gran escala.<\/p>\n<h2>Especificaci\u00f3n del producto<\/h2>\n<p><strong>Dimensiones:<\/strong>19 cm (alto) \u00d7 24 cm (ancho)<br \/>\n<strong>Material:<\/strong> Papel<br \/>\n<strong>Peso:<\/strong>45g<\/p>","protected":false},"excerpt":{"rendered":"<p><span data-slate-fragment=\"JTVCJTdCJTIydHlwZSUyMiUzQSUyMnBhcmFncmFwaCUyMiUyQyUyMmNoaWxkcmVuJTIyJTNBJTVCJTdCJTIyaWQlMjIlM0ElMjJlR0pKM2Faa21CJTIyJTJDJTIycGFyYUlkeCUyMiUzQTElMkMlMjJzcmMlMjIlM0ElMjJBZGQlMjBhJTIwdG91Y2glMjBvZiUyMGRlbGljYXRlJTIwZWxlZ2FuY2UlMjB0byUyMHlvdXIlMjBzcGFjZSUyMHdpdGglMjB0aGlzJTIwd2hpdGUlMjBsYWNlJTIwLSUyMHN0eWxlJTIwdW5mcmFtZWQlMjBhcnQlMjBwcmludC4lMjBJdHMlMjBpbnRyaWNhdGUlMkMlMjBjaXJjdWxhciUyMHBhdHRlcm4lMjBleHVkZXMlMjBhJTIwdmludGFnZSUyMGNoYXJtJTJDJTIwcGVyZmVjdCUyMGZvciUyMHRob3NlJTIwc2Vla2luZyUyMHRvJTIwaW5mdXNlJTIwYSUyMHN1YnRsZSUyQyUyMHJlZmluZWQlMjBhZXN0aGV0aWMlMjBpbnRvJTIwdGhlaXIlMjBkZWNvciUyMHdoaWxlJTIwaGF2aW5nJTIwdGhlJTIwZnJlZWRvbSUyMHRvJTIwZnJhbWUlMjBpdCUyMGFzJTIwZGVzaXJlZC4lMjIlMkMlMjJkc3QlMjIlM0ElMjIlRTglQkYlOTklRTYlQUMlQkUlRTclOTklQkQlRTglODklQjIlRTglOTUlQkUlRTQlQjglOUQlRTklQTMlOEUlRTYlQTAlQkMlRTclOUElODQlRTYlOTclQTAlRTYlQTElODYlRTglODklQkElRTYlOUMlQUYlRTUlOEQlQjAlRTglOEElQjElRTQlQjglQkElRTYlODIlQTglRTclOUElODQlRTclQTklQkElRTklOTclQjQlRTUlQTIlOUUlRTYlQjclQkIlRTQlQkElODYlRTQlQjglODAlRTQlQjglOUQlRTclQjIlQkUlRTglODclQjQlRTQlQkMlOTglRTklOUIlODUlRTMlODAlODIlRTUlODUlQjYlRTUlQTQlOEQlRTYlOUQlODIlRTclOUElODQlRTUlOUMlODYlRTUlQkQlQTIlRTUlOUIlQkUlRTYlQTElODglRTYlOTUlQTMlRTUlOEYlOTElRTclOUQlODAlRTUlQTQlOEQlRTUlOEYlQTQlRTclOUElODQlRTklQUQlODUlRTUlOEElOUIlRUYlQkMlOEMlRTklOUQlOUUlRTUlQjglQjglRTklODAlODIlRTUlOTAlODglRTklODIlQTMlRTQlQkElOUIlRTUlQUYlQkIlRTYlQjElODIlRTUlOUMlQTglRTglQTMlODUlRTklQTUlQjAlRTQlQjglQUQlRTYlQjMlQTglRTUlODUlQTUlRTUlQkUlQUUlRTUlQTYlOTklRTclQjIlQkUlRTglODclQjQlRTclQkUlOEUlRTUlQUQlQTYlRTclOUElODQlRTQlQkElQkElRUYlQkMlOEMlRTUlOTAlOEMlRTYlOTclQjYlRTUlOEYlQUYlRTQlQkIlQTUlRTglODclQUElRTclOTQlQjElRTUlOUMlQjAlRTYlQTAlQjklRTYlOEQlQUUlRTklOUMlODAlRTglQTYlODElRTglQkYlOUIlRTglQTElOEMlRTYlQTElODYlRTYlOUUlQjYlRTMlODAlODIlMjIlMkMlMjJtZXRhZGF0YSUyMiUzQSUyMiUyMiUyQyUyMm1hdGNoZXMlMjIlM0FudWxsJTJDJTIydHJhbnNsYXRlZEJ5JTIyJTNBbnVsbCUyQyUyMm1ldGFEYXRhJTIyJTNBJTVCJTVEJTJDJTIydGV4dCUyMiUzQSUyMkFkZCUyMGElMjB0b3VjaCUyMG9mJTIwZGVsaWNhdGUlMjBlbGVnYW5jZSUyMHRvJTIweW91ciUyMHNwYWNlJTIwd2l0aCUyMHRoaXMlMjB3aGl0ZSUyMGxhY2UlMjAtJTIwc3R5bGUlMjB1bmZyYW1lZCUyMGFydCUyMHByaW50LiUyMEl0cyUyMGludHJpY2F0ZSUyQyUyMGNpcmN1bGFyJTIwcGF0dGVybiUyMGV4dWRlcyUyMGElMjB2aW50YWdlJTIwY2hhcm0lMkMlMjBwZXJmZWN0JTIwZm9yJTIwdGhvc2UlMjBzZWVraW5nJTIwdG8lMjBpbmZ1c2UlMjBhJTIwc3VidGxlJTJDJTIwcmVmaW5lZCUyMGFlc3RoZXRpYyUyMGludG8lMjB0aGVpciUyMGRlY29yJTIwd2hpbGUlMjBoYXZpbmclMjB0aGUlMjBmcmVlZG9tJTIwdG8lMjBmcmFtZSUyMGl0JTIwYXMlMjBkZXNpcmVkLiUyMiU3RCU1RCU3RCU1RA==\">A\u00f1ade un toque de delicada elegancia a tu espacio con esta l\u00e1mina de encaje blanco sin enmarcar. Su intrincado patr\u00f3n circular desprende un encanto vintage, perfecto para aquellos que buscan infundir una est\u00e9tica sutil y refinada en su decoraci\u00f3n, al tiempo que tienen la libertad de enmarcarlo como deseen.<\/span><\/p>","protected":false},"featured_media":1827,"comment_status":"open","ping_status":"closed","template":"","meta":[],"product_brand":[],"product_cat":[34,39],"product_tag":[],"class_list":{"0":"post-1841","1":"product","2":"type-product","3":"status-publish","4":"has-post-thumbnail","6":"product_cat-art-core-unframed","7":"product_cat-paper-art-core","8":"pa_size-s40w-40hcm","9":"pa_style-animals","11":"first","12":"instock","13":"shipping-taxable","14":"product-type-simple"},"_links":{"self":[{"href":"https:\/\/tengyaart.com\/es\/wp-json\/wp\/v2\/product\/1841","targetHints":{"allow":["GET"]}}],"collection":[{"href":"https:\/\/tengyaart.com\/es\/wp-json\/wp\/v2\/product"}],"about":[{"href":"https:\/\/tengyaart.com\/es\/wp-json\/wp\/v2\/types\/product"}],"replies":[{"embeddable":true,"href":"https:\/\/tengyaart.com\/es\/wp-json\/wp\/v2\/comments?post=1841"}],"wp:featuredmedia":[{"embeddable":true,"href":"https:\/\/tengyaart.com\/es\/wp-json\/wp\/v2\/media\/1827"}],"wp:attachment":[{"href":"https:\/\/tengyaart.com\/es\/wp-json\/wp\/v2\/media?parent=1841"}],"wp:term":[{"taxonomy":"product_brand","embeddable":true,"href":"https:\/\/tengyaart.com\/es\/wp-json\/wp\/v2\/product_brand?post=1841"},{"taxonomy":"product_cat","embeddable":true,"href":"https:\/\/tengyaart.com\/es\/wp-json\/wp\/v2\/product_cat?post=1841"},{"taxonomy":"product_tag","embeddable":true,"href":"https:\/\/tengyaart.com\/es\/wp-json\/wp\/v2\/product_tag?post=1841"}],"curies":[{"name":"wp","href":"https:\/\/api.w.org\/{rel}","templated":true}]}}