{"id":1817,"date":"2025-09-03T09:04:31","date_gmt":"2025-09-03T09:04:31","guid":{"rendered":"https:\/\/tengyaart.com\/?post_type=product&#038;p=1817"},"modified":"2025-09-03T09:04:31","modified_gmt":"2025-09-03T09:04:31","slug":"bark-wave-texture-obra-de-arte-sin-marco","status":"publish","type":"product","link":"https:\/\/tengyaart.com\/es\/bark-wave-texture-obra-de-arte-sin-marco\/","title":{"rendered":"Obra de Arte Textura de Olas de Corteza sin marco"},"content":{"rendered":"<p><strong>Atractivo visual distintivo<\/strong><br \/>\nTomando los materiales naturales como n\u00facleo, respetuosos con el medio ambiente y renovables, los dise\u00f1os innovadores aportan un lenguaje est\u00e9tico \u00fanico a las obras de arte, ayudando a que su proyecto destaque en un entorno de dise\u00f1o ferozmente competitivo.<br \/>\n<strong>Artesan\u00eda garantizada<\/strong><br \/>\nCada pieza se fabrica bajo estrictas normas de control de calidad para garantizar la uniformidad del acabado, la durabilidad y la idoneidad para su instalaci\u00f3n a largo plazo tanto en espacios comerciales como residenciales.<br \/>\n<strong>Potenciaci\u00f3n del dise\u00f1o<\/strong><br \/>\nLa obra, impregnada de expresivas texturas naturales, ofrece a dise\u00f1adores de interiores y arquitectos una convincente herramienta visual para elevar la narrativa espacial y crear impactantes puntos focales.<br \/>\n<strong>Potencial de personalizaci\u00f3n<\/strong><br \/>\n(Si procede) Las opciones personalizadas -incluidas dimensiones, paletas de tonos y combinaciones de texturas- est\u00e1n disponibles previa consulta para adaptarse a requisitos de dise\u00f1o espec\u00edficos o necesidades de proyectos a gran escala.<\/p>\n<h2>Especificaci\u00f3n del producto<\/h2>\n<p><strong>Dimensiones:<\/strong>40 m (alto) \u00d7 61 cm (ancho)<br \/>\n<strong>Material:<\/strong>\u00a0 Corteza<br \/>\n<strong>Peso:<\/strong>71g<\/p>","protected":false},"excerpt":{"rendered":"<p><span data-slate-node=\"text\"><span class=\"\" data-slate-leaf=\"true\" data-sent-id=\"V5ooNkZAPB\" data-para-id=\"0\">Presenta delicadas capas de textura ondulada en un tono suave y neutro, creando una sensaci\u00f3n de suave movimiento y flujo org\u00e1nico.<\/span><\/span><span data-slate-node=\"text\"><span class=\"\" data-slate-leaf=\"true\" data-sent-id=\"zyLL0Ox29V\" data-para-id=\"0\"> Elaborada con todo lujo de detalles, esta pieza aporta un toque de elegancia natural y profundidad art\u00edstica.<\/span><\/span><span data-slate-node=\"text\" data-slate-fragment=\"JTVCJTdCJTIydHlwZSUyMiUzQSUyMnBhcmFncmFwaCUyMiUyQyUyMmNoaWxkcmVuJTIyJTNBJTVCJTdCJTIyaWQlMjIlM0ElMjJWNW9vTmtaQVBCJTIyJTJDJTIycGFyYUlkeCUyMiUzQTAlMkMlMjJzcmMlMjIlM0ElMjJJdCUyMGZlYXR1cmVzJTIwZGVsaWNhdGUlMkMlMjB3YXZlJTIwLSUyMGxpa2UlMjB0ZXh0dXJlZCUyMGxheWVycyUyMGluJTIwYSUyMHNvZnQlMkMlMjBuZXV0cmFsJTIwaHVlJTJDJTIwY3JlYXRpbmclMjBhJTIwc2Vuc2UlMjBvZiUyMGdlbnRsZSUyMG1vdmVtZW50JTIwYW5kJTIwb3JnYW5pYyUyMGZsb3cuJTIyJTJDJTIyZHN0JTIyJTNBJTIyJUU1JUFFJTgzJUU0JUJCJUE1JUU2JTlGJTk0JUU4JUJEJUFGJUUzJTgwJTgxJUU0JUI4JUFEJUU2JTgwJUE3JUU4JTg5JUIyJUU4JUIwJTgzJUU3JTlBJTg0JUU3JUIyJUJFJUU4JTg3JUI0JUU2JUIzJUEyJUU2JUI1JUFBJUU3JThBJUI2JUU3JUJBJUI5JUU3JTkwJTg2JUU1JUIxJTgyJUU0JUI4JUJBJUU3JTg5JUI5JUU4JTg5JUIyJUVGJUJDJThDJUU4JTkwJUE1JUU5JTgwJUEwJUU1JTg3JUJBJUU2JTlGJTk0JUU1JTkyJThDJUU3JTlBJTg0JUU4JUJGJTkwJUU1JThBJUE4JUU2JTg0JTlGJUU1JTkyJThDJUU2JTlDJTg5JUU2JTlDJUJBJUU2JUI1JTgxJUU1JThBJUE4JUU2JTg0JTlGJUUzJTgwJTgyJTIyJTJDJTIybWV0YWRhdGElMjIlM0ElMjIlMjIlMkMlMjJtYXRjaGVzJTIyJTNBbnVsbCUyQyUyMnRyYW5zbGF0ZWRCeSUyMiUzQW51bGwlMkMlMjJtZXRhRGF0YSUyMiUzQSU1QiU1RCUyQyUyMnRleHQlMjIlM0ElMjJJdCUyMGZlYXR1cmVzJTIwZGVsaWNhdGUlMkMlMjB3YXZlJTIwLSUyMGxpa2UlMjB0ZXh0dXJlZCUyMGxheWVycyUyMGluJTIwYSUyMHNvZnQlMkMlMjBuZXV0cmFsJTIwaHVlJTJDJTIwY3JlYXRpbmclMjBhJTIwc2Vuc2UlMjBvZiUyMGdlbnRsZSUyMG1vdmVtZW50JTIwYW5kJTIwb3JnYW5pYyUyMGZsb3cuJTIyJTdEJTJDJTdCJTIyaWQlMjIlM0ElMjJ6eUxMME94MjlWJTIyJTJDJTIycGFyYUlkeCUyMiUzQTAlMkMlMjJzcmMlMjIlM0ElMjIlMjBDcmFmdGVkJTIwd2l0aCUyMGludHJpY2F0ZSUyMGRldGFpbCUyQyUyMHRoaXMlMjBwaWVjZSUyMGJyaW5ncyUyMGElMjB0b3VjaCUyMG9mJTIwbmF0dXJhbCUyMGVsZWdhbmNlJTIwYW5kJTIwYXJ0aXN0aWMlMjBkZXB0aC4lMjIlMkMlMjJkc3QlMjIlM0ElMjIlRTglQkYlOTklRTQlQkIlQjYlRTQlQkQlOUMlRTUlOTMlODElRTclQkIlODYlRTglOEElODIlRTclQjIlQkUlRTglODclQjQlRUYlQkMlOEMlRTclQkIlOTklRTQlQkElQkElRTQlQjglODAlRTclQTclOEQlRTglODclQUElRTclODQlQjYlRTQlQkMlOTglRTklOUIlODUlRTUlOTIlOEMlRTglODklQkElRTYlOUMlQUYlRTYlQjclQjElRTUlQkElQTYlRTclOUElODQlRTYlODQlOUYlRTglQTclODklRTMlODAlODIlMjIlMkMlMjJtZXRhZGF0YSUyMiUzQSUyMiUyMiUyQyUyMm1hdGNoZXMlMjIlM0FudWxsJTJDJTIydHJhbnNsYXRlZEJ5JTIyJTNBbnVsbCUyQyUyMm1ldGFEYXRhJTIyJTNBJTVCJTVEJTJDJTIydGV4dCUyMiUzQSUyMiUyMENyYWZ0ZWQlMjB3aXRoJTIwaW50cmljYXRlJTIwZGV0YWlsJTJDJTIwdGhpcyUyMHBpZWNlJTIwYnJpbmdzJTIwYSUyMHRvdWNoJTIwb2YlMjBuYXR1cmFsJTIwZWxlZ2FuY2UlMjBhbmQlMjBhcnRpc3RpYyUyMGRlcHRoLiUyMiU3RCUyQyU3QiUyMmlkJTIyJTNBJTIyZTJKSnFObWxRZSUyMiUyQyUyMnBhcmFJZHglMjIlM0EwJTJDJTIyc3JjJTIyJTNBJTIyJTIwUGVyZmVjdCUyMGZvciUyMHRob3NlJTIwd2hvJTIwbG92ZSUyMG1pbmltYWxpc3QlMjBvciUyMG5hdHVyZSUyMC0lMjBpbnNwaXJlZCUyMGFydCUyQyUyMG9yJTIwd2lzaCUyMHRvJTIwY3VzdG9taXplJTIwZnJhbWluZyUyMHRvJTIwc3VpdCUyMHRoZWlyJTIwc3R5bGUlMkMlMjBpdCVFMiU4MCU5OXMlMjBhJTIwc3RhbmRvdXQlMjBhZGRpdGlvbiUyMHRvJTIwYW55JTIwcm9vbS4lMjIlMkMlMjJkc3QlMjIlM0ElMjIlRTklOUQlOUUlRTUlQjglQjglRTklODAlODIlRTUlOTAlODglRTklODIlQTMlRTQlQkElOUIlRTUlOTYlOUMlRTYlQUMlQTIlRTYlOUUlODElRTclQUUlODAlRTQlQjglQkIlRTQlQjklODklRTYlODglOTYlRTglODclQUElRTclODQlQjYlRTglODklQkElRTYlOUMlQUYlRUYlQkMlOEMlRTYlODglOTYlRTUlQjglOEMlRTYlOUMlOUIlRTUlQUUlOUElRTUlODglQjYlRTYlQTElODYlRTYlOUUlQjYlRTQlQkIlQTUlRTklODAlODIlRTUlQkElOTQlRTglODclQUElRTUlQjclQjElRTklQTMlOEUlRTYlQTAlQkMlRTclOUElODQlRTQlQkElQkElRUYlQkMlOEMlRTUlQUUlODMlRTYlOTglQUYlRTQlQkIlQkIlRTQlQkQlOTUlRTYlODglQkYlRTklOTclQjQlRTclOUElODQlRTYlOUQlQjAlRTUlODclQkElRTglQTElQTUlRTUlODUlODUlRTMlODAlODIlMjIlMkMlMjJtZXRhZGF0YSUyMiUzQSUyMiUyMiUyQyUyMm1hdGNoZXMlMjIlM0FudWxsJTJDJTIydHJhbnNsYXRlZEJ5JTIyJTNBbnVsbCUyQyUyMm1ldGFEYXRhJTIyJTNBJTVCJTVEJTJDJTIydGV4dCUyMiUzQSUyMiUyMFBlcmZlY3QlMjBmb3IlMjB0aG9zZSUyMHdobyUyMGxvdmUlMjBtaW5pbWFsaXN0JTIwb3IlMjBuYXR1cmUlMjAtJTIwaW5zcGlyZWQlMjBhcnQlMkMlMjBvciUyMHdpc2glMjB0byUyMGN1c3RvbWl6ZSUyMGZyYW1pbmclMjB0byUyMHN1aXQlMjB0aGVpciUyMHN0eWxlJTJDJTIwaXQlRTIlODAlOTlzJTIwYSUyMHN0YW5kb3V0JTIwYWRkaXRpb24lMjB0byUyMGFueSUyMHJvb20uJTIyJTdEJTVEJTdEJTVE\"><span class=\"\" data-slate-leaf=\"true\" data-sent-id=\"e2JJqNmlQe\" data-para-id=\"0\"> Perfecto para los amantes del arte minimalista o inspirado en la naturaleza, o para quienes deseen personalizar el marco para adaptarlo a su estilo, es un complemento que destaca en cualquier habitaci\u00f3n.<\/span><\/span><\/p>","protected":false},"featured_media":1818,"comment_status":"open","ping_status":"closed","template":"","meta":[],"product_brand":[],"product_cat":[34,40],"product_tag":[],"class_list":{"0":"post-1817","1":"product","2":"type-product","3":"status-publish","4":"has-post-thumbnail","6":"product_cat-art-core-unframed","7":"product_cat-bark-paper-art-core","8":"pa_size-m4080w-4080h","9":"pa_style-abstract","10":"pa_style-minimalist","12":"first","13":"instock","14":"shipping-taxable","15":"product-type-simple"},"_links":{"self":[{"href":"https:\/\/tengyaart.com\/es\/wp-json\/wp\/v2\/product\/1817","targetHints":{"allow":["GET"]}}],"collection":[{"href":"https:\/\/tengyaart.com\/es\/wp-json\/wp\/v2\/product"}],"about":[{"href":"https:\/\/tengyaart.com\/es\/wp-json\/wp\/v2\/types\/product"}],"replies":[{"embeddable":true,"href":"https:\/\/tengyaart.com\/es\/wp-json\/wp\/v2\/comments?post=1817"}],"wp:featuredmedia":[{"embeddable":true,"href":"https:\/\/tengyaart.com\/es\/wp-json\/wp\/v2\/media\/1818"}],"wp:attachment":[{"href":"https:\/\/tengyaart.com\/es\/wp-json\/wp\/v2\/media?parent=1817"}],"wp:term":[{"taxonomy":"product_brand","embeddable":true,"href":"https:\/\/tengyaart.com\/es\/wp-json\/wp\/v2\/product_brand?post=1817"},{"taxonomy":"product_cat","embeddable":true,"href":"https:\/\/tengyaart.com\/es\/wp-json\/wp\/v2\/product_cat?post=1817"},{"taxonomy":"product_tag","embeddable":true,"href":"https:\/\/tengyaart.com\/es\/wp-json\/wp\/v2\/product_tag?post=1817"}],"curies":[{"name":"wp","href":"https:\/\/api.w.org\/{rel}","templated":true}]}}