{"id":1816,"date":"2025-09-03T08:59:29","date_gmt":"2025-09-03T08:59:29","guid":{"rendered":"https:\/\/tengyaart.com\/?post_type=product&#038;p=1816"},"modified":"2025-09-03T08:59:30","modified_gmt":"2025-09-03T08:59:30","slug":"geometric-weaving-of-bark-unframed-artwork","status":"publish","type":"product","link":"https:\/\/tengyaart.com\/es\/geometric-weaving-of-bark-unframed-artwork\/","title":{"rendered":"Tejido Geom\u00e9trico De Corteza Obra De Arte Sin Marco"},"content":{"rendered":"<p><strong>Atractivo visual distintivo<\/strong><br \/>\nTomando los materiales naturales como n\u00facleo, respetuosos con el medio ambiente y renovables, los dise\u00f1os innovadores aportan un lenguaje est\u00e9tico \u00fanico a las obras de arte, ayudando a que su proyecto destaque en un entorno de dise\u00f1o ferozmente competitivo.<br \/>\n<strong>Artesan\u00eda garantizada<\/strong><br \/>\nCada pieza se fabrica bajo estrictas normas de control de calidad para garantizar la uniformidad del acabado, la durabilidad y la idoneidad para su instalaci\u00f3n a largo plazo tanto en espacios comerciales como residenciales.<br \/>\n<strong>Potenciaci\u00f3n del dise\u00f1o<\/strong><br \/>\nLa obra, impregnada de expresivas texturas naturales, ofrece a dise\u00f1adores de interiores y arquitectos una convincente herramienta visual para elevar la narrativa espacial y crear impactantes puntos focales.<br \/>\n<strong>Potencial de personalizaci\u00f3n<\/strong><br \/>\n(Si procede) Las opciones personalizadas -incluidas dimensiones, paletas de tonos y combinaciones de texturas- est\u00e1n disponibles previa consulta para adaptarse a requisitos de dise\u00f1o espec\u00edficos o necesidades de proyectos a gran escala.<\/p>\n<h2>Especificaci\u00f3n del producto<\/h2>\n<p><strong>Dimensiones:<\/strong>30 m (alto) \u00d7 30 cm (ancho)<br \/>\n<strong>Material:<\/strong>\u00a0 Corteza<br \/>\n<strong>Peso:<\/strong>75g<\/p>","protected":false},"excerpt":{"rendered":"<p><span data-slate-node=\"text\"><span class=\"\" data-slate-leaf=\"true\" data-sent-id=\"eqrrKLEopV\" data-para-id=\"0\">Elevate your space with the &#8220;Textured Weave&#8221; unframed art core.<\/span><\/span><span data-slate-node=\"text\"><span class=\"\" data-slate-leaf=\"true\" data-sent-id=\"Bw22AWqZlz\" data-para-id=\"0\"> Featuring an intricate interlacing of natural &#8211; hued fibers, it creates a rich, tactile pattern with fringe details that add organic charm.<\/span><\/span><span data-slate-node=\"text\" data-slate-fragment=\"JTVCJTdCJTIydHlwZSUyMiUzQSUyMnBhcmFncmFwaCUyMiUyQyUyMmNoaWxkcmVuJTIyJTNBJTVCJTdCJTIyaWQlMjIlM0ElMjJlcXJyS0xFb3BWJTIyJTJDJTIycGFyYUlkeCUyMiUzQTAlMkMlMjJzcmMlMjIlM0ElMjJFbGV2YXRlJTIweW91ciUyMHNwYWNlJTIwd2l0aCUyMHRoZSUyMCU1QyUyMlRleHR1cmVkJTIwV2VhdmUlNUMlMjIlMjB1bmZyYW1lZCUyMGFydCUyMGNvcmUuJTIyJTJDJTIyZHN0JTIyJTNBJTIyJUU3JTk0JUE4JUUyJTgwJTlDJUU3JUJBJUI5JUU3JTkwJTg2JUU3JUJDJTk2JUU3JUJCJTg3JUUyJTgwJTlEJUU2JTk3JUEwJUU2JUExJTg2JUU4JTg5JUJBJUU2JTlDJUFGJUU2JUEwJUI4JUU1JUJGJTgzJUU2JThGJTkwJUU1JThEJTg3JUU0JUJEJUEwJUU3JTlBJTg0JUU3JUE5JUJBJUU5JTk3JUI0JUUzJTgwJTgyJTIyJTJDJTIybWV0YWRhdGElMjIlM0ElMjIlMjIlMkMlMjJtYXRjaGVzJTIyJTNBbnVsbCUyQyUyMnRyYW5zbGF0ZWRCeSUyMiUzQW51bGwlMkMlMjJtZXRhRGF0YSUyMiUzQSU1QiU1RCUyQyUyMnRleHQlMjIlM0ElMjJFbGV2YXRlJTIweW91ciUyMHNwYWNlJTIwd2l0aCUyMHRoZSUyMCU1QyUyMlRleHR1cmVkJTIwV2VhdmUlNUMlMjIlMjB1bmZyYW1lZCUyMGFydCUyMGNvcmUuJTIyJTdEJTJDJTdCJTIyaWQlMjIlM0ElMjJCdzIyQVdxWmx6JTIyJTJDJTIycGFyYUlkeCUyMiUzQTAlMkMlMjJzcmMlMjIlM0ElMjIlMjBGZWF0dXJpbmclMjBhbiUyMGludHJpY2F0ZSUyMGludGVybGFjaW5nJTIwb2YlMjBuYXR1cmFsJTIwLSUyMGh1ZWQlMjBmaWJlcnMlMkMlMjBpdCUyMGNyZWF0ZXMlMjBhJTIwcmljaCUyQyUyMHRhY3RpbGUlMjBwYXR0ZXJuJTIwd2l0aCUyMGZyaW5nZSUyMGRldGFpbHMlMjB0aGF0JTIwYWRkJTIwb3JnYW5pYyUyMGNoYXJtLiUyMiUyQyUyMmRzdCUyMiUzQSUyMiVFNSVBRSU4MyVFOSU4NyU4NyVFNyU5NCVBOCVFNSVBNCVBOSVFNyU4NCVCNiVFOCU4OSVCMiVFOCVCMCU4MyVFNyVCQSVBNCVFNyVCQiVCNCVFNyU5QSU4NCVFNSVBNCU4RCVFNiU5RCU4MiVFNCVCQSVBNCVFNyVCQiU4NyVFRiVCQyU4QyVFNSU4OCU5QiVFOSU4MCVBMCVFNSU4NyVCQSVFNCVCOCVCMCVFNSVBRiU4QyVFNyU5QSU4NCVFOCVBNyVBNiVFOCVBNyU4OSVFNSU5QiVCRSVFNiVBMSU4OCVFRiVCQyU4QyVFOCVCRSVCOSVFNyVCQyU5OCVFNyVCQiU4NiVFOCU4QSU4MiVFNSVBMiU5RSVFNiVCNyVCQiVFNCVCQSU4NiVFNiU5QyU4OSVFNiU5QyVCQSVFOSVBRCU4NSVFNSU4QSU5QiVFMyU4MCU4MiUyMiUyQyUyMm1ldGFkYXRhJTIyJTNBJTIyJTIyJTJDJTIybWF0Y2hlcyUyMiUzQW51bGwlMkMlMjJ0cmFuc2xhdGVkQnklMjIlM0FudWxsJTJDJTIybWV0YURhdGElMjIlM0ElNUIlNUQlMkMlMjJ0ZXh0JTIyJTNBJTIyJTIwRmVhdHVyaW5nJTIwYW4lMjBpbnRyaWNhdGUlMjBpbnRlcmxhY2luZyUyMG9mJTIwbmF0dXJhbCUyMC0lMjBodWVkJTIwZmliZXJzJTJDJTIwaXQlMjBjcmVhdGVzJTIwYSUyMHJpY2glMkMlMjB0YWN0aWxlJTIwcGF0dGVybiUyMHdpdGglMjBmcmluZ2UlMjBkZXRhaWxzJTIwdGhhdCUyMGFkZCUyMG9yZ2FuaWMlMjBjaGFybS4lMjIlN0QlMkMlN0IlMjJpZCUyMiUzQSUyMno5YWFOUTVPWXolMjIlMkMlMjJwYXJhSWR4JTIyJTNBMCUyQyUyMnNyYyUyMiUzQSUyMiUyMEJsZW5kaW5nJTIwYXJ0aXNhbmFsJTIwY3JhZnRzbWFuc2hpcCUyMGFuZCUyMGVhcnRoeSUyMGFlc3RoZXRpY3MlMkMlMjB0aGlzJTIwcGllY2UlMjBpcyUyMHBlcmZlY3QlMjBmb3IlMjB0aG9zZSUyMHNlZWtpbmclMjBhJTIwdW5pcXVlJTJDJTIwYm9oZW1pYW4lMjAtJTIwaW5zcGlyZWQlMjBmb2NhbCUyMHBvaW50JTJDJTIwcmVhZHklMjBmb3IlMjB5b3VyJTIwY3VzdG9tJTIwZnJhbWluZyUyMHRvJTIwbWF0Y2glMjBhbnklMjBkZWNvci4lMjIlMkMlMjJkc3QlMjIlM0ElMjIlRTglQkYlOTklRTQlQkIlQjYlRTQlQkQlOUMlRTUlOTMlODElRTglOUUlOEQlRTUlOTAlODglRTQlQkElODYlRTYlODklOEIlRTUlQjclQTUlRTUlQjclQTUlRTglODklQkElRTUlOTIlOEMlRTYlOUMlQjQlRTUlQUUlOUUlRTclOUElODQlRTclQkUlOEUlRTUlQUQlQTYlRUYlQkMlOEMlRTklOUQlOUUlRTUlQjglQjglRTklODAlODIlRTUlOTAlODglRTklODIlQTMlRTQlQkElOUIlRTUlQUYlQkIlRTYlQjElODIlRTclOEIlQUMlRTclODklQjklRTMlODAlODElRTYlQjMlQTIlRTglQTUlQkYlRTclQjElQjMlRTQlQkElOUElRTklQTMlOEUlRTYlQTAlQkMlRTclODQlQTYlRTclODIlQjklRTclOUElODQlRTQlQkElQkElRUYlQkMlOEMlRTklOUElOEYlRTYlOTclQjYlRTUlODclODYlRTUlQTQlODclRTQlQjglQkElRTYlODIlQTglRTUlQUUlOUElRTUlODglQjYlRTYlQTElODYlRTYlOUUlQjYlRUYlQkMlOEMlRTQlQkIlQTUlRTUlOEMlQjklRTklODUlOEQlRTQlQkIlQkIlRTQlQkQlOTUlRTglQTMlODUlRTklQTUlQjAlRTMlODAlODIlMjIlMkMlMjJtZXRhZGF0YSUyMiUzQSUyMiUyMiUyQyUyMm1hdGNoZXMlMjIlM0FudWxsJTJDJTIydHJhbnNsYXRlZEJ5JTIyJTNBbnVsbCUyQyUyMm1ldGFEYXRhJTIyJTNBJTVCJTVEJTJDJTIydGV4dCUyMiUzQSUyMiUyMEJsZW5kaW5nJTIwYXJ0aXNhbmFsJTIwY3JhZnRzbWFuc2hpcCUyMGFuZCUyMGVhcnRoeSUyMGFlc3RoZXRpY3MlMkMlMjB0aGlzJTIwcGllY2UlMjBpcyUyMHBlcmZlY3QlMjBmb3IlMjB0aG9zZSUyMHNlZWtpbmclMjBhJTIwdW5pcXVlJTJDJTIwYm9oZW1pYW4lMjAtJTIwaW5zcGlyZWQlMjBmb2NhbCUyMHBvaW50JTJDJTIwcmVhZHklMjBmb3IlMjB5b3VyJTIwY3VzdG9tJTIwZnJhbWluZyUyMHRvJTIwbWF0Y2glMjBhbnklMjBkZWNvci4lMjIlN0QlNUQlN0QlNUQ=\"><span class=\"\" data-slate-leaf=\"true\" data-sent-id=\"z9aaNQ5OYz\" data-para-id=\"0\"> Blending artisanal craftsmanship and earthy aesthetics, this piece is perfect for those seeking a unique, bohemian &#8211; inspired focal point, ready for your custom framing to match any decor.<\/span><\/span><\/p>","protected":false},"featured_media":1806,"comment_status":"open","ping_status":"closed","template":"","meta":[],"product_brand":[],"product_cat":[34,40],"product_tag":[],"class_list":{"0":"post-1816","1":"product","2":"type-product","3":"status-publish","4":"has-post-thumbnail","6":"product_cat-art-core-unframed","7":"product_cat-bark-paper-art-core","8":"pa_size-s40w-40hcm","9":"pa_style-woven-stacked-patchwork","11":"first","12":"instock","13":"shipping-taxable","14":"product-type-simple"},"_links":{"self":[{"href":"https:\/\/tengyaart.com\/es\/wp-json\/wp\/v2\/product\/1816","targetHints":{"allow":["GET"]}}],"collection":[{"href":"https:\/\/tengyaart.com\/es\/wp-json\/wp\/v2\/product"}],"about":[{"href":"https:\/\/tengyaart.com\/es\/wp-json\/wp\/v2\/types\/product"}],"replies":[{"embeddable":true,"href":"https:\/\/tengyaart.com\/es\/wp-json\/wp\/v2\/comments?post=1816"}],"wp:featuredmedia":[{"embeddable":true,"href":"https:\/\/tengyaart.com\/es\/wp-json\/wp\/v2\/media\/1806"}],"wp:attachment":[{"href":"https:\/\/tengyaart.com\/es\/wp-json\/wp\/v2\/media?parent=1816"}],"wp:term":[{"taxonomy":"product_brand","embeddable":true,"href":"https:\/\/tengyaart.com\/es\/wp-json\/wp\/v2\/product_brand?post=1816"},{"taxonomy":"product_cat","embeddable":true,"href":"https:\/\/tengyaart.com\/es\/wp-json\/wp\/v2\/product_cat?post=1816"},{"taxonomy":"product_tag","embeddable":true,"href":"https:\/\/tengyaart.com\/es\/wp-json\/wp\/v2\/product_tag?post=1816"}],"curies":[{"name":"wp","href":"https:\/\/api.w.org\/{rel}","templated":true}]}}