{"id":1815,"date":"2025-09-03T08:55:21","date_gmt":"2025-09-03T08:55:21","guid":{"rendered":"https:\/\/tengyaart.com\/?post_type=product&#038;p=1815"},"modified":"2025-09-03T08:55:22","modified_gmt":"2025-09-03T08:55:22","slug":"corteza-tejida-anillo-circular-obra-de-arte-sin-marco","status":"publish","type":"product","link":"https:\/\/tengyaart.com\/es\/corteza-tejida-anillo-circular-obra-de-arte-sin-marco\/","title":{"rendered":"Anillo Circular Tejido a la Corteza Obra de Arte sin Marco"},"content":{"rendered":"<p><strong>Atractivo visual distintivo<\/strong><br \/>\nTomando los materiales naturales como n\u00facleo, respetuosos con el medio ambiente y renovables, los dise\u00f1os innovadores aportan un lenguaje est\u00e9tico \u00fanico a las obras de arte, ayudando a que su proyecto destaque en un entorno de dise\u00f1o ferozmente competitivo.<br \/>\n<strong>Artesan\u00eda garantizada<\/strong><br \/>\nCada pieza se fabrica bajo estrictas normas de control de calidad para garantizar la uniformidad del acabado, la durabilidad y la idoneidad para su instalaci\u00f3n a largo plazo tanto en espacios comerciales como residenciales.<br \/>\n<strong>Potenciaci\u00f3n del dise\u00f1o<\/strong><br \/>\nLa obra, impregnada de expresivas texturas naturales, ofrece a dise\u00f1adores de interiores y arquitectos una convincente herramienta visual para elevar la narrativa espacial y crear impactantes puntos focales.<br \/>\n<strong>Potencial de personalizaci\u00f3n<\/strong><br \/>\n(Si procede) Las opciones personalizadas -incluidas dimensiones, paletas de tonos y combinaciones de texturas- est\u00e1n disponibles previa consulta para adaptarse a requisitos de dise\u00f1o espec\u00edficos o necesidades de proyectos a gran escala.<\/p>\n<h2>Especificaci\u00f3n del producto<\/h2>\n<p><strong>Dimensiones:<\/strong>30 cm (alto) \u00d7 30 cm (ancho)<br \/>\n<strong>Material:<\/strong>\u00a0 Corteza<br \/>\n<strong>Peso:<\/strong>50g<\/p>","protected":false},"excerpt":{"rendered":"<p><span data-slate-node=\"text\"><span class=\"\" data-slate-leaf=\"true\" data-sent-id=\"eboo438a9V\" data-para-id=\"0\">Presenta un cautivador tejido circular en el centro, con hilos texturizados y deshilachados que se extienden hacia fuera como rayos.<\/span><\/span><span data-slate-node=\"text\"> Combinando el tejido artesanal con elementos org\u00e1nicos y fluidos, esta pieza ofrece una mezcla \u00fanica de estructura y fantas\u00eda.<\/span><span data-slate-node=\"text\" data-slate-fragment=\"JTVCJTdCJTIydHlwZSUyMiUzQSUyMnBhcmFncmFwaCUyMiUyQyUyMmNoaWxkcmVuJTIyJTNBJTVCJTdCJTIyaWQlMjIlM0ElMjIxJTIyJTJDJTIyc3JjJTIyJTNBJTIyJTIwJTIyJTJDJTIyZHN0JTIyJTNBJTIyJTIyJTJDJTIycGFyYUlkeCUyMiUzQTAlMkMlMjJ0ZXh0JTIyJTNBJTIyJTIwJTIyJTdEJTJDJTdCJTIyaWQlMjIlM0ElMjJlYm9vNDM4YTlWJTIyJTJDJTIycGFyYUlkeCUyMiUzQTAlMkMlMjJzcmMlMjIlM0ElMjJJdCUyMHNob3djYXNlcyUyMGElMjBjYXB0aXZhdGluZyUyMGNpcmN1bGFyJTIwd2VhdmUlMjBhdCUyMGl0cyUyMGNlbnRlciUyQyUyMHdpdGglMjB0ZXh0dXJlZCUyQyUyMGZyYXllZCUyMHRocmVhZHMlMjBleHRlbmRpbmclMjBvdXR3YXJkJTIwbGlrZSUyMHJheXMuJTIyJTJDJTIyZHN0JTIyJTNBJTIyJUU1JUFFJTgzJUU3JTlBJTg0JUU0JUI4JUFEJUU1JUJGJTgzJUU1JUIxJTk1JUU3JUE0JUJBJUU0JUJBJTg2JUU0JUI4JTgwJUU3JUE3JThEJUU4JUJGJUI3JUU0JUJBJUJBJUU3JTlBJTg0JUU1JTlDJTg2JUU1JUJEJUEyJUU3JUJDJTk2JUU3JUJCJTg3JUVGJUJDJThDJUU2JTlDJTg5JUU3JUJBJUI5JUU3JTkwJTg2JUU3JTlBJTg0JUU3JUEzJUE4JUU2JThEJTlGJUU3JUJBJUJGJUU1JTgzJThGJUU1JTg1JTg5JUU3JUJBJUJGJUU0JUI4JTgwJUU2JUEwJUI3JUU1JTkwJTkxJUU1JUE0JTk2JUU1JUJCJUI2JUU0JUJDJUI4JUUzJTgwJTgyJTIyJTJDJTIybWV0YWRhdGElMjIlM0ElMjIlMjIlMkMlMjJtYXRjaGVzJTIyJTNBbnVsbCUyQyUyMnRyYW5zbGF0ZWRCeSUyMiUzQW51bGwlMkMlMjJtZXRhRGF0YSUyMiUzQSU1QiU1RCUyQyUyMnRleHQlMjIlM0ElMjJJdCUyMHNob3djYXNlcyUyMGElMjBjYXB0aXZhdGluZyUyMGNpcmN1bGFyJTIwd2VhdmUlMjBhdCUyMGl0cyUyMGNlbnRlciUyQyUyMHdpdGglMjB0ZXh0dXJlZCUyQyUyMGZyYXllZCUyMHRocmVhZHMlMjBleHRlbmRpbmclMjBvdXR3YXJkJTIwbGlrZSUyMHJheXMuJTIyJTdEJTJDJTdCJTIyaWQlMjIlM0ElMjJCUDk5bURrNWplJTIyJTJDJTIycGFyYUlkeCUyMiUzQTAlMkMlMjJzcmMlMjIlM0ElMjIlMjBCbGVuZGluZyUyMGFydGlzYW5hbCUyMHdlYXZpbmclMjB3aXRoJTIwb3JnYW5pYyUyQyUyMGZyZWUlMjAtJTIwZmxvd2luZyUyMGVsZW1lbnRzJTJDJTIwdGhpcyUyMHBpZWNlJTIwb2ZmZXJzJTIwYSUyMHVuaXF1ZSUyMG1peCUyMG9mJTIwc3RydWN0dXJlJTIwYW5kJTIwd2hpbXN5LiUyMiUyQyUyMmRzdCUyMiUzQSUyMiVFOCVCRiU5OSVFNCVCQiVCNiVFNCVCRCU5QyVFNSU5MyU4MSVFNSVCMCU4NiVFNiU4OSU4QiVFNSVCNyVBNSVFNyVCQyU5NiVFNyVCQiU4NyVFNCVCOCU4RSVFNiU5QyU4OSVFNiU5QyVCQSVFMyU4MCU4MSVFOCU4NyVBQSVFNyU5NCVCMSVFNiVCNSU4MSVFNSU4QSVBOCVFNyU5QSU4NCVFNSU4NSU4MyVFNyVCNCVBMCVFOCU5RSU4RCVFNCVCOCVCQSVFNCVCOCU4MCVFNCVCRCU5MyVFRiVCQyU4QyVFNSVCMCU4NiVFNyVCQiU5MyVFNiU5RSU4NCVFNSU5MiU4QyVFNSVBNSU4NyVFNiU4MCU5RCVFNSVBNiU5OSVFNiU4MyVCMyVFOCU5RSU4RCVFNCVCOCVCQSVFNCVCOCU4MCVFNCVCRCU5MyVFMyU4MCU4MiUyMiUyQyUyMm1ldGFkYXRhJTIyJTNBJTIyJTIyJTJDJTIybWF0Y2hlcyUyMiUzQW51bGwlMkMlMjJ0cmFuc2xhdGVkQnklMjIlM0FudWxsJTJDJTIybWV0YURhdGElMjIlM0ElNUIlNUQlMkMlMjJ0ZXh0JTIyJTNBJTIyJTIwQmxlbmRpbmclMjBhcnRpc2FuYWwlMjB3ZWF2aW5nJTIwd2l0aCUyMG9yZ2FuaWMlMkMlMjBmcmVlJTIwLSUyMGZsb3dpbmclMjBlbGVtZW50cyUyQyUyMHRoaXMlMjBwaWVjZSUyMG9mZmVycyUyMGElMjB1bmlxdWUlMjBtaXglMjBvZiUyMHN0cnVjdHVyZSUyMGFuZCUyMHdoaW1zeS4lMjIlN0QlMkMlN0IlMjJpZCUyMiUzQSUyMlZRYWFLTG03NFYlMjIlMkMlMjJwYXJhSWR4JTIyJTNBMCUyQyUyMnNyYyUyMiUzQSUyMiUyMFBlcmZlY3QlMjBmb3IlMjB0aG9zZSUyMGRyYXduJTIwdG8lMjBib2hlbWlhbiUyMG9yJTIwbmF0dXJlJTIwLSUyMGluc3BpcmVkJTIwYXJ0JTJDJTIwaXQlMjBicmluZ3MlMjBhJTIwaGFuZGNyYWZ0ZWQlMkMlMjBlYXJ0aHklMjBjaGFybSUyMHRvJTIwYW55JTIwcm9vbSUyQyUyMHJlYWR5JTIwZm9yJTIweW91ciUyMGN1c3RvbSUyMGZyYW1pbmclMjB0b3VjaC4lMjIlMkMlMjJkc3QlMjIlM0ElMjIlRTklOUQlOUUlRTUlQjglQjglRTklODAlODIlRTUlOTAlODglRTklODIlQTMlRTQlQkElOUIlRTglQTIlQUIlRTYlQjMlQTIlRTglQTUlQkYlRTclQjElQjMlRTQlQkElOUElRTYlODglOTYlRTglODclQUElRTclODQlQjYlRTglODklQkElRTYlOUMlQUYlRTYlODklODAlRTUlOTAlQjglRTUlQkMlOTUlRTclOUElODQlRTQlQkElQkElRUYlQkMlOEMlRTUlQUUlODMlRTQlQjglQkElRTQlQkIlQkIlRTQlQkQlOTUlRTYlODglQkYlRTklOTclQjQlRTUlQjglQTYlRTYlOUQlQTUlRTQlQkElODYlRTYlODklOEIlRTUlQjclQTUlRTUlODglQjYlRTQlQkQlOUMlRTclOUElODQlRTYlQjMlQTUlRTUlOUMlOUYlRTklQUQlODUlRTUlOEElOUIlRUYlQkMlOEMlRTklOUElOEYlRTYlOTclQjYlRTUlODclODYlRTUlQTQlODclRTQlQjglQkElRTYlODIlQTglRTUlQUUlOUElRTUlODglQjYlRTYlQTElODYlRTYlOUUlQjYlRTMlODAlODIlMjIlMkMlMjJtZXRhZGF0YSUyMiUzQSUyMiUyMiUyQyUyMm1hdGNoZXMlMjIlM0FudWxsJTJDJTIydHJhbnNsYXRlZEJ5JTIyJTNBbnVsbCUyQyUyMm1ldGFEYXRhJTIyJTNBJTVCJTVEJTJDJTIydGV4dCUyMiUzQSUyMiUyMFBlcmZlY3QlMjBmb3IlMjB0aG9zZSUyMGRyYXduJTIwdG8lMjBib2hlbWlhbiUyMG9yJTIwbmF0dXJlJTIwLSUyMGluc3BpcmVkJTIwYXJ0JTJDJTIwaXQlMjBicmluZ3MlMjBhJTIwaGFuZGNyYWZ0ZWQlMkMlMjBlYXJ0aHklMjBjaGFybSUyMHRvJTIwYW55JTIwcm9vbSUyQyUyMHJlYWR5JTIwZm9yJTIweW91ciUyMGN1c3RvbSUyMGZyYW1pbmclMjB0b3VjaC4lMjIlN0QlNUQlN0QlNUQ=\"><span class=\"\" data-slate-leaf=\"true\" data-sent-id=\"VQaaKLm74V\" data-para-id=\"0\"> Perfecto para aquellos que se sienten atra\u00eddos por el arte bohemio o inspirado en la naturaleza, aporta un encanto artesanal y terrenal a cualquier habitaci\u00f3n, listo para su toque de enmarcado personalizado.<\/span><\/span><\/p>","protected":false},"featured_media":1805,"comment_status":"open","ping_status":"closed","template":"","meta":[],"product_brand":[],"product_cat":[34,40],"product_tag":[],"class_list":{"0":"post-1815","1":"product","2":"type-product","3":"status-publish","4":"has-post-thumbnail","6":"product_cat-art-core-unframed","7":"product_cat-bark-paper-art-core","8":"pa_size-m4080w-4080h","9":"pa_style-woven-stacked-patchwork","11":"first","12":"instock","13":"shipping-taxable","14":"product-type-simple"},"_links":{"self":[{"href":"https:\/\/tengyaart.com\/es\/wp-json\/wp\/v2\/product\/1815","targetHints":{"allow":["GET"]}}],"collection":[{"href":"https:\/\/tengyaart.com\/es\/wp-json\/wp\/v2\/product"}],"about":[{"href":"https:\/\/tengyaart.com\/es\/wp-json\/wp\/v2\/types\/product"}],"replies":[{"embeddable":true,"href":"https:\/\/tengyaart.com\/es\/wp-json\/wp\/v2\/comments?post=1815"}],"wp:featuredmedia":[{"embeddable":true,"href":"https:\/\/tengyaart.com\/es\/wp-json\/wp\/v2\/media\/1805"}],"wp:attachment":[{"href":"https:\/\/tengyaart.com\/es\/wp-json\/wp\/v2\/media?parent=1815"}],"wp:term":[{"taxonomy":"product_brand","embeddable":true,"href":"https:\/\/tengyaart.com\/es\/wp-json\/wp\/v2\/product_brand?post=1815"},{"taxonomy":"product_cat","embeddable":true,"href":"https:\/\/tengyaart.com\/es\/wp-json\/wp\/v2\/product_cat?post=1815"},{"taxonomy":"product_tag","embeddable":true,"href":"https:\/\/tengyaart.com\/es\/wp-json\/wp\/v2\/product_tag?post=1815"}],"curies":[{"name":"wp","href":"https:\/\/api.w.org\/{rel}","templated":true}]}}