{"id":1813,"date":"2025-09-03T08:46:14","date_gmt":"2025-09-03T08:46:14","guid":{"rendered":"https:\/\/tengyaart.com\/?post_type=product&#038;p=1813"},"modified":"2025-09-03T08:46:14","modified_gmt":"2025-09-03T08:46:14","slug":"tejiendo-lineas-de-corteza-obra-de-arte-sin-marco","status":"publish","type":"product","link":"https:\/\/tengyaart.com\/es\/tejiendo-lineas-de-corteza-obra-de-arte-sin-marco\/","title":{"rendered":"Tejiendo L\u00edneas de Corteza Obra de Arte sin Marco"},"content":{"rendered":"<p><strong>Atractivo visual distintivo<\/strong><br \/>\nTomando los materiales naturales como n\u00facleo, respetuosos con el medio ambiente y renovables, los dise\u00f1os innovadores aportan un lenguaje est\u00e9tico \u00fanico a las obras de arte, ayudando a que su proyecto destaque en un entorno de dise\u00f1o ferozmente competitivo.<br \/>\n<strong>Artesan\u00eda garantizada<\/strong><br \/>\nCada pieza se fabrica bajo estrictas normas de control de calidad para garantizar la uniformidad del acabado, la durabilidad y la idoneidad para su instalaci\u00f3n a largo plazo tanto en espacios comerciales como residenciales.<br \/>\n<strong>Potenciaci\u00f3n del dise\u00f1o<\/strong><br \/>\nLa obra, impregnada de expresivas texturas naturales, ofrece a dise\u00f1adores de interiores y arquitectos una convincente herramienta visual para elevar la narrativa espacial y crear impactantes puntos focales.<br \/>\n<strong>Potencial de personalizaci\u00f3n<\/strong><br \/>\n(Si procede) Las opciones personalizadas -incluidas dimensiones, paletas de tonos y combinaciones de texturas- est\u00e1n disponibles previa consulta para adaptarse a requisitos de dise\u00f1o espec\u00edficos o necesidades de proyectos a gran escala.<\/p>\n<h2>Especificaci\u00f3n del producto<\/h2>\n<p><strong>Dimensiones:<\/strong>60 cm (alto) \u00d760 cm (ancho)<br \/>\n<strong>Material:<\/strong>\u00a0 Corteza<br \/>\n<strong>Peso:<\/strong>80g<\/p>","protected":false},"excerpt":{"rendered":"<p><span data-slate-node=\"text\"><span class=\"\" data-slate-leaf=\"true\" data-sent-id=\"VdooxAYwwe\" data-para-id=\"0\">Con un fascinante dise\u00f1o circular con intrincadas texturas en forma de red que irradian desde el centro, combina la precisi\u00f3n geom\u00e9trica con el encanto org\u00e1nico.<\/span><\/span><span data-slate-node=\"text\"><span class=\"hover-sent\" data-slate-leaf=\"true\" data-sent-id=\"ebooPMgNrV\" data-para-id=\"0\"> Los motivos contrastados y la delicada artesan\u00eda la convierten en una pieza destacada.<\/span><\/span><span data-slate-node=\"text\" data-slate-fragment=\"JTVCJTdCJTIydHlwZSUyMiUzQSUyMnBhcmFncmFwaCUyMiUyQyUyMmNoaWxkcmVuJTIyJTNBJTVCJTdCJTIyaWQlMjIlM0ElMjJWZG9veEFZd3dlJTIyJTJDJTIycGFyYUlkeCUyMiUzQTAlMkMlMjJzcmMlMjIlM0ElMjJGZWF0dXJpbmclMjBhJTIwbWVzbWVyaXppbmclMjBjaXJjdWxhciUyMGRlc2lnbiUyMHdpdGglMjBpbnRyaWNhdGUlMkMlMjB3ZWIlMjAtJTIwbGlrZSUyMHRleHR1cmVzJTIwcmFkaWF0aW5nJTIwZnJvbSUyMHRoZSUyMGNlbnRlciUyQyUyMGl0JTIwYmxlbmRzJTIwZ2VvbWV0cmljJTIwcHJlY2lzaW9uJTIwd2l0aCUyMG9yZ2FuaWMlMjBhbGx1cmUuJTIyJTJDJTIyZHN0JTIyJTNBJTIyJUU1JUFFJTgzJUU5JTg3JTg3JUU3JTk0JUE4JUU4JUJGJUI3JUU0JUJBJUJBJUU3JTlBJTg0JUU1JTlDJTg2JUU1JUJEJUEyJUU4JUFFJUJFJUU4JUFFJUExJUVGJUJDJThDJUU0JUJCJThFJUU0JUI4JUFEJUU1JUJGJTgzJUU4JUJFJTkwJUU1JUIwJTg0JUU1JTg3JUJBJUU5JTk0JTk5JUU3JUJCJUJDJUU1JUE0JThEJUU2JTlEJTgyJUU3JTlBJTg0JUU3JUJEJTkxJUU3JThBJUI2JUU3JUJBJUI5JUU3JTkwJTg2JUVGJUJDJThDJUU1JUIwJTg2JUU1JTg3JUEwJUU0JUJEJTk1JUU3JUIyJUJFJUU1JUJBJUE2JUU0JUI4JThFJUU2JTlDJTg5JUU2JTlDJUJBJUU5JUFEJTg1JUU1JThBJTlCJUU4JTlFJThEJUU0JUI4JUJBJUU0JUI4JTgwJUU0JUJEJTkzJUUzJTgwJTgyJTIyJTJDJTIybWV0YWRhdGElMjIlM0ElMjIlMjIlMkMlMjJtYXRjaGVzJTIyJTNBbnVsbCUyQyUyMnRyYW5zbGF0ZWRCeSUyMiUzQW51bGwlMkMlMjJtZXRhRGF0YSUyMiUzQSU1QiU1RCUyQyUyMnRleHQlMjIlM0ElMjJGZWF0dXJpbmclMjBhJTIwbWVzbWVyaXppbmclMjBjaXJjdWxhciUyMGRlc2lnbiUyMHdpdGglMjBpbnRyaWNhdGUlMkMlMjB3ZWIlMjAtJTIwbGlrZSUyMHRleHR1cmVzJTIwcmFkaWF0aW5nJTIwZnJvbSUyMHRoZSUyMGNlbnRlciUyQyUyMGl0JTIwYmxlbmRzJTIwZ2VvbWV0cmljJTIwcHJlY2lzaW9uJTIwd2l0aCUyMG9yZ2FuaWMlMjBhbGx1cmUuJTIyJTdEJTJDJTdCJTIyaWQlMjIlM0ElMjJlYm9vUE1nTnJWJTIyJTJDJTIycGFyYUlkeCUyMiUzQTAlMkMlMjJzcmMlMjIlM0ElMjIlMjBUaGUlMjBjb250cmFzdGluZyUyMHBhdHRlcm5zJTIwYW5kJTIwZGVsaWNhdGUlMjBjcmFmdHNtYW5zaGlwJTIwbWFrZSUyMGl0JTIwYSUyMHN0YW5kb3V0JTIwcGllY2UuJTIyJTJDJTIyZHN0JTIyJTNBJTIyJUU1JUFGJUI5JUU2JUFGJTk0JUU5JUIyJTlDJUU2JTk4JThFJUU3JTlBJTg0JUU1JTlCJUJFJUU2JUExJTg4JUU1JTkyJThDJUU3JUIyJUJFJUU4JTg3JUI0JUU3JTlBJTg0JUU1JUI3JUE1JUU4JTg5JUJBJUU0JUJEJUJGJUU1JTg1JUI2JUU2JTg4JTkwJUU0JUI4JUJBJUU0JUI4JTgwJUU0JUJCJUI2JUU2JTlEJUIwJUU1JTg3JUJBJUU3JTlBJTg0JUU0JUJEJTlDJUU1JTkzJTgxJUUzJTgwJTgyJTIyJTJDJTIybWV0YWRhdGElMjIlM0ElMjIlMjIlMkMlMjJtYXRjaGVzJTIyJTNBbnVsbCUyQyUyMnRyYW5zbGF0ZWRCeSUyMiUzQW51bGwlMkMlMjJtZXRhRGF0YSUyMiUzQSU1QiU1RCUyQyUyMnRleHQlMjIlM0ElMjIlMjBUaGUlMjBjb250cmFzdGluZyUyMHBhdHRlcm5zJTIwYW5kJTIwZGVsaWNhdGUlMjBjcmFmdHNtYW5zaGlwJTIwbWFrZSUyMGl0JTIwYSUyMHN0YW5kb3V0JTIwcGllY2UuJTIyJTdEJTJDJTdCJTIyaWQlMjIlM0ElMjJCUDk5Z1JyTWRlJTIyJTJDJTIycGFyYUlkeCUyMiUzQTAlMkMlMjJzcmMlMjIlM0ElMjIlMjBJZGVhbCUyMGZvciUyMGFydCUyMGxvdmVycyUyMHNlZWtpbmclMjBhJTIwdW5pcXVlJTIwZm9jYWwlMjBwb2ludCUyMG9yJTIwdGhvc2UlMjB3YW50aW5nJTIwdG8lMjBwZXJzb25hbGl6ZSUyMGZyYW1pbmclMkMlMjB0aGlzJTIwYXJ0JTIwY29yZSUyMGJyaW5ncyUyMGElMjB0b3VjaCUyMG9mJTIwbW9kZXJuJTIwYXJ0aXN0aWMlMjBjaGFybSUyMHRvJTIwYW55JTIwcm9vbS4lMjIlMkMlMjJkc3QlMjIlM0ElMjIlRTUlQUYlQjklRTQlQkElOEUlRTUlQUYlQkIlRTYlQjElODIlRTclOEIlQUMlRTclODklQjklRTclODQlQTYlRTclODIlQjklRTclOUElODQlRTglODklQkElRTYlOUMlQUYlRTclODglQjElRTUlQTUlQkQlRTglODAlODUlRTYlODglOTYlRTYlODMlQjMlRTglQTYlODElRTQlQjglQUElRTYlODAlQTclRTUlOEMlOTYlRTYlQTElODYlRTYlOUUlQjYlRTclOUElODQlRTQlQkElQkElRTYlOUQlQTUlRTglQUYlQjQlRUYlQkMlOEMlRTglQkYlOTklRTQlQjglQUElRTglODklQkElRTYlOUMlQUYlRTYlQTAlQjglRTUlQkYlODMlRTQlQjglQkElRTQlQkIlQkIlRTQlQkQlOTUlRTYlODglQkYlRTklOTclQjQlRTUlQjglQTYlRTYlOUQlQTUlRTQlQkElODYlRTQlQjglODAlRTQlQjglOUQlRTclOEUlQjAlRTQlQkIlQTMlRTglODklQkElRTYlOUMlQUYlRTklQUQlODUlRTUlOEElOUIlRTMlODAlODIlMjIlMkMlMjJtZXRhZGF0YSUyMiUzQSUyMiUyMiUyQyUyMm1hdGNoZXMlMjIlM0FudWxsJTJDJTIydHJhbnNsYXRlZEJ5JTIyJTNBbnVsbCUyQyUyMm1ldGFEYXRhJTIyJTNBJTVCJTVEJTJDJTIydGV4dCUyMiUzQSUyMiUyMElkZWFsJTIwZm9yJTIwYXJ0JTIwbG92ZXJzJTIwc2Vla2luZyUyMGElMjB1bmlxdWUlMjBmb2NhbCUyMHBvaW50JTIwb3IlMjB0aG9zZSUyMHdhbnRpbmclMjB0byUyMHBlcnNvbmFsaXplJTIwZnJhbWluZyUyQyUyMHRoaXMlMjBhcnQlMjBjb3JlJTIwYnJpbmdzJTIwYSUyMHRvdWNoJTIwb2YlMjBtb2Rlcm4lMjBhcnRpc3RpYyUyMGNoYXJtJTIwdG8lMjBhbnklMjByb29tLiUyMiU3RCU1RCU3RCU1RA==\"> Ideal para los amantes del arte que buscan un punto focal \u00fanico o para aquellos que desean personalizar el enmarcado, este n\u00facleo de arte aporta un toque de encanto art\u00edstico moderno a cualquier habitaci\u00f3n.<\/span><\/p>","protected":false},"featured_media":1803,"comment_status":"open","ping_status":"closed","template":"","meta":[],"product_brand":[],"product_cat":[34,40],"product_tag":[],"class_list":{"0":"post-1813","1":"product","2":"type-product","3":"status-publish","4":"has-post-thumbnail","6":"product_cat-art-core-unframed","7":"product_cat-bark-paper-art-core","8":"pa_size-m4080w-4080h","9":"pa_style-line","10":"pa_style-woven-stacked-patchwork","12":"first","13":"instock","14":"shipping-taxable","15":"product-type-simple"},"_links":{"self":[{"href":"https:\/\/tengyaart.com\/es\/wp-json\/wp\/v2\/product\/1813","targetHints":{"allow":["GET"]}}],"collection":[{"href":"https:\/\/tengyaart.com\/es\/wp-json\/wp\/v2\/product"}],"about":[{"href":"https:\/\/tengyaart.com\/es\/wp-json\/wp\/v2\/types\/product"}],"replies":[{"embeddable":true,"href":"https:\/\/tengyaart.com\/es\/wp-json\/wp\/v2\/comments?post=1813"}],"wp:featuredmedia":[{"embeddable":true,"href":"https:\/\/tengyaart.com\/es\/wp-json\/wp\/v2\/media\/1803"}],"wp:attachment":[{"href":"https:\/\/tengyaart.com\/es\/wp-json\/wp\/v2\/media?parent=1813"}],"wp:term":[{"taxonomy":"product_brand","embeddable":true,"href":"https:\/\/tengyaart.com\/es\/wp-json\/wp\/v2\/product_brand?post=1813"},{"taxonomy":"product_cat","embeddable":true,"href":"https:\/\/tengyaart.com\/es\/wp-json\/wp\/v2\/product_cat?post=1813"},{"taxonomy":"product_tag","embeddable":true,"href":"https:\/\/tengyaart.com\/es\/wp-json\/wp\/v2\/product_tag?post=1813"}],"curies":[{"name":"wp","href":"https:\/\/api.w.org\/{rel}","templated":true}]}}