{"id":1812,"date":"2025-09-03T08:41:04","date_gmt":"2025-09-03T08:41:04","guid":{"rendered":"https:\/\/tengyaart.com\/?post_type=product&#038;p=1812"},"modified":"2025-09-03T08:41:05","modified_gmt":"2025-09-03T08:41:05","slug":"interwoven-bark-obra-de-arte-sin-enmarcar","status":"publish","type":"product","link":"https:\/\/tengyaart.com\/es\/interwoven-bark-obra-de-arte-sin-enmarcar\/","title":{"rendered":"Corteza entretejida Obra de arte sin marco"},"content":{"rendered":"<p><strong>Atractivo visual distintivo<\/strong><br \/>\nTomando los materiales naturales como n\u00facleo, respetuosos con el medio ambiente y renovables, los dise\u00f1os innovadores aportan un lenguaje est\u00e9tico \u00fanico a las obras de arte, ayudando a que su proyecto destaque en un entorno de dise\u00f1o ferozmente competitivo.<br \/>\n<strong>Artesan\u00eda garantizada<\/strong><br \/>\nCada pieza se fabrica bajo estrictas normas de control de calidad para garantizar la uniformidad del acabado, la durabilidad y la idoneidad para su instalaci\u00f3n a largo plazo tanto en espacios comerciales como residenciales.<br \/>\n<strong>Potenciaci\u00f3n del dise\u00f1o<\/strong><br \/>\nLa obra, impregnada de expresivas texturas naturales, ofrece a dise\u00f1adores de interiores y arquitectos una convincente herramienta visual para elevar la narrativa espacial y crear impactantes puntos focales.<br \/>\n<strong>Potencial de personalizaci\u00f3n<\/strong><br \/>\n(Si procede) Las opciones personalizadas -incluidas dimensiones, paletas de tonos y combinaciones de texturas- est\u00e1n disponibles previa consulta para adaptarse a requisitos de dise\u00f1o espec\u00edficos o necesidades de proyectos a gran escala.<\/p>\n<h2>Especificaci\u00f3n del producto<\/h2>\n<p><strong>Dimensiones:<\/strong>28 cm (alto) \u00d7 28 cm (ancho)<br \/>\n<strong>Material:<\/strong>\u00a0 Corteza<br \/>\n<strong>Peso:<\/strong>27g<\/p>","protected":false},"excerpt":{"rendered":"<p><span data-slate-node=\"text\"><span class=\"\" data-slate-leaf=\"true\" data-sent-id=\"BZRRgK3QMB\" data-para-id=\"0\">Elaborada con delicadas texturas que imitan la gracia de las ra\u00edces, esta pieza combina la inspiraci\u00f3n org\u00e1nica con la artesan\u00eda art\u00edstica.<\/span><\/span><span data-slate-node=\"text\" data-slate-fragment=\"JTVCJTdCJTIydHlwZSUyMiUzQSUyMnBhcmFncmFwaCUyMiUyQyUyMmNoaWxkcmVuJTIyJTNBJTVCJTdCJTIyaWQlMjIlM0ElMjJCWlJSZ0szUU1CJTIyJTJDJTIycGFyYUlkeCUyMiUzQTAlMkMlMjJzcmMlMjIlM0ElMjJDcmFmdGVkJTIwd2l0aCUyMGRlbGljYXRlJTJDJTIwdGhyZWFkJTIwLSUyMGxpa2UlMjB0ZXh0dXJlcyUyMHRoYXQlMjBtaW1pYyUyMHRoZSUyMHNwcmF3bGluZyUyMGdyYWNlJTIwb2YlMjByb290cyUyQyUyMHRoaXMlMjBwaWVjZSUyMGJsZW5kcyUyMG9yZ2FuaWMlMjBpbnNwaXJhdGlvbiUyMHdpdGglMjBhcnRpc3RpYyUyMGNyYWZ0c21hbnNoaXAuJTIyJTJDJTIyZHN0JTIyJTNBJTIyJUU4JUJGJTk5JUU0JUJCJUI2JUU0JUJEJTlDJUU1JTkzJTgxJUU5JTg3JTg3JUU3JTk0JUE4JUU3JUIyJUJFJUU4JTg3JUI0JUU3JTlBJTg0JUU3JUJBJUJGJUU3JThBJUI2JUU3JUJBJUI5JUU3JTkwJTg2JUVGJUJDJThDJUU2JUE4JUExJUU0JUJCJUJGJUU2JUEwJTkxJUU2JUEwJUI5JUU3JTlBJTg0JUU4JTk0JTkzJUU1JUJCJUI2JUU0JUJDJTk4JUU5JTlCJTg1JUVGJUJDJThDJUU1JUIwJTg2JUU2JTlDJTg5JUU2JTlDJUJBJUU3JTgxJUI1JUU2JTg0JTlGJUU0JUI4JThFJUU4JTg5JUJBJUU2JTlDJUFGJUU1JUI3JUE1JUU4JTg5JUJBJUU4JTlFJThEJUU0JUI4JUJBJUU0JUI4JTgwJUU0JUJEJTkzJUUzJTgwJTgyJTIyJTJDJTIybWV0YWRhdGElMjIlM0ElMjIlMjIlMkMlMjJtYXRjaGVzJTIyJTNBbnVsbCUyQyUyMnRyYW5zbGF0ZWRCeSUyMiUzQW51bGwlMkMlMjJtZXRhRGF0YSUyMiUzQSU1QiU1RCUyQyUyMnRleHQlMjIlM0ElMjJDcmFmdGVkJTIwd2l0aCUyMGRlbGljYXRlJTJDJTIwdGhyZWFkJTIwLSUyMGxpa2UlMjB0ZXh0dXJlcyUyMHRoYXQlMjBtaW1pYyUyMHRoZSUyMHNwcmF3bGluZyUyMGdyYWNlJTIwb2YlMjByb290cyUyQyUyMHRoaXMlMjBwaWVjZSUyMGJsZW5kcyUyMG9yZ2FuaWMlMjBpbnNwaXJhdGlvbiUyMHdpdGglMjBhcnRpc3RpYyUyMGNyYWZ0c21hbnNoaXAuJTIyJTdEJTJDJTdCJTIyaWQlMjIlM0ElMjJ6bHh4NWJ2cTV6JTIyJTJDJTIycGFyYUlkeCUyMiUzQTAlMkMlMjJzcmMlMjIlM0ElMjIlMjBQZXJmZWN0JTIwZm9yJTIwdGhvc2UlMjB3aG8lMjBsb3ZlJTIwdW5pcXVlJTJDJTIwbmF0dXJlJTIwLSUyMHRoZW1lZCUyMGFydCUyMG9yJTIwd2lzaCUyMHRvJTIwY3VzdG9taXplJTIwZnJhbWluZyUyMHRvJTIwbWF0Y2glMjB0aGVpciUyMHNwYWNlJTJDJTIwaXQlMjBicmluZ3MlMjBhJTIwdG91Y2glMjBvZiUyMG5hdHVyYWwlMjBlbGVnYW5jZSUyMGFuZCUyMGNyZWF0aXZlJTIwZGVwdGglMjB0byUyMGFueSUyMHJvb20uJTIyJTJDJTIyZHN0JTIyJTNBJTIyJUU5JTlEJTlFJUU1JUI4JUI4JUU5JTgwJTgyJUU1JTkwJTg4JUU5JTgyJUEzJUU0JUJBJTlCJUU1JTk2JTlDJUU2JUFDJUEyJUU3JThCJUFDJUU3JTg5JUI5JUU3JTlBJTg0JUU4JTg3JUFBJUU3JTg0JUI2JUU0JUI4JUJCJUU5JUEyJTk4JUU4JTg5JUJBJUU2JTlDJUFGJUU2JTg4JTk2JUU1JUI4JThDJUU2JTlDJTlCJUU1JUFFJTlBJUU1JTg4JUI2JUU2JUExJTg2JUU2JTlFJUI2JUU0JUJCJUE1JUU1JThDJUI5JUU5JTg1JThEJUU0JUJCJTk2JUU0JUJCJUFDJUU3JTlBJTg0JUU3JUE5JUJBJUU5JTk3JUI0JUU3JTlBJTg0JUU0JUJBJUJBJUVGJUJDJThDJUU1JUFFJTgzJUU0JUI4JUJBJUU0JUJCJUJCJUU0JUJEJTk1JUU2JTg4JUJGJUU5JTk3JUI0JUU1JUI4JUE2JUU2JTlEJUE1JUU0JUJBJTg2JUU0JUI4JTgwJUU0JUI4JTlEJUU4JTg3JUFBJUU3JTg0JUI2JUU0JUJDJTk4JUU5JTlCJTg1JUU1JTkyJThDJUU1JTg4JTlCJUU2JTg0JThGJUU2JUI3JUIxJUU1JUJBJUE2JUUzJTgwJTgyJTIyJTJDJTIybWV0YWRhdGElMjIlM0ElMjIlMjIlMkMlMjJtYXRjaGVzJTIyJTNBbnVsbCUyQyUyMnRyYW5zbGF0ZWRCeSUyMiUzQW51bGwlMkMlMjJtZXRhRGF0YSUyMiUzQSU1QiU1RCUyQyUyMnRleHQlMjIlM0ElMjIlMjBQZXJmZWN0JTIwZm9yJTIwdGhvc2UlMjB3aG8lMjBsb3ZlJTIwdW5pcXVlJTJDJTIwbmF0dXJlJTIwLSUyMHRoZW1lZCUyMGFydCUyMG9yJTIwd2lzaCUyMHRvJTIwY3VzdG9taXplJTIwZnJhbWluZyUyMHRvJTIwbWF0Y2glMjB0aGVpciUyMHNwYWNlJTJDJTIwaXQlMjBicmluZ3MlMjBhJTIwdG91Y2glMjBvZiUyMG5hdHVyYWwlMjBlbGVnYW5jZSUyMGFuZCUyMGNyZWF0aXZlJTIwZGVwdGglMjB0byUyMGFueSUyMHJvb20uJTIyJTdEJTVEJTdEJTVE\"><span class=\"\" data-slate-leaf=\"true\" data-sent-id=\"zlxx5bvq5z\" data-para-id=\"0\"> Perfecto para los amantes del arte \u00fanico con tem\u00e1tica de la naturaleza o que deseen personalizar el marco para adaptarlo a su espacio, aporta un toque de elegancia natural y profundidad creativa a cualquier habitaci\u00f3n.<\/span><\/span><\/p>","protected":false},"featured_media":1802,"comment_status":"open","ping_status":"closed","template":"","meta":[],"product_brand":[],"product_cat":[34,40],"product_tag":[],"class_list":{"0":"post-1812","1":"product","2":"type-product","3":"status-publish","4":"has-post-thumbnail","6":"product_cat-art-core-unframed","7":"product_cat-bark-paper-art-core","8":"pa_size-s40w-40hcm","9":"pa_style-minimalist","11":"first","12":"instock","13":"shipping-taxable","14":"product-type-simple"},"_links":{"self":[{"href":"https:\/\/tengyaart.com\/es\/wp-json\/wp\/v2\/product\/1812","targetHints":{"allow":["GET"]}}],"collection":[{"href":"https:\/\/tengyaart.com\/es\/wp-json\/wp\/v2\/product"}],"about":[{"href":"https:\/\/tengyaart.com\/es\/wp-json\/wp\/v2\/types\/product"}],"replies":[{"embeddable":true,"href":"https:\/\/tengyaart.com\/es\/wp-json\/wp\/v2\/comments?post=1812"}],"wp:featuredmedia":[{"embeddable":true,"href":"https:\/\/tengyaart.com\/es\/wp-json\/wp\/v2\/media\/1802"}],"wp:attachment":[{"href":"https:\/\/tengyaart.com\/es\/wp-json\/wp\/v2\/media?parent=1812"}],"wp:term":[{"taxonomy":"product_brand","embeddable":true,"href":"https:\/\/tengyaart.com\/es\/wp-json\/wp\/v2\/product_brand?post=1812"},{"taxonomy":"product_cat","embeddable":true,"href":"https:\/\/tengyaart.com\/es\/wp-json\/wp\/v2\/product_cat?post=1812"},{"taxonomy":"product_tag","embeddable":true,"href":"https:\/\/tengyaart.com\/es\/wp-json\/wp\/v2\/product_tag?post=1812"}],"curies":[{"name":"wp","href":"https:\/\/api.w.org\/{rel}","templated":true}]}}