{"id":1810,"date":"2025-09-03T08:28:34","date_gmt":"2025-09-03T08:28:34","guid":{"rendered":"https:\/\/tengyaart.com\/?post_type=product&#038;p=1810"},"modified":"2025-09-03T08:28:34","modified_gmt":"2025-09-03T08:28:34","slug":"circulo-geometrico-sin-marco","status":"publish","type":"product","link":"https:\/\/tengyaart.com\/es\/circulo-geometrico-sin-marco\/","title":{"rendered":"C\u00edrculo geom\u00e9trico Patr\u00f3n Obra de arte sin marco"},"content":{"rendered":"<p><strong>Atractivo visual distintivo<\/strong><br \/>\nTomando los materiales naturales como n\u00facleo, respetuosos con el medio ambiente y renovables, los dise\u00f1os innovadores aportan un lenguaje est\u00e9tico \u00fanico a las obras de arte, ayudando a que su proyecto destaque en un entorno de dise\u00f1o ferozmente competitivo.<br \/>\n<strong>Artesan\u00eda garantizada<\/strong><br \/>\nCada pieza se fabrica bajo estrictas normas de control de calidad para garantizar la uniformidad del acabado, la durabilidad y la idoneidad para su instalaci\u00f3n a largo plazo tanto en espacios comerciales como residenciales.<br \/>\n<strong>Potenciaci\u00f3n del dise\u00f1o<\/strong><br \/>\nLa obra, impregnada de expresivas texturas naturales, ofrece a dise\u00f1adores de interiores y arquitectos una convincente herramienta visual para elevar la narrativa espacial y crear impactantes puntos focales.<br \/>\n<strong>Potencial de personalizaci\u00f3n<\/strong><br \/>\n(Si procede) Las opciones personalizadas -incluidas dimensiones, paletas de tonos y combinaciones de texturas- est\u00e1n disponibles previa consulta para adaptarse a requisitos de dise\u00f1o espec\u00edficos o necesidades de proyectos a gran escala.<\/p>\n<h2>Especificaci\u00f3n del producto<\/h2>\n<p><strong>Dimensiones:<\/strong>52 cm (alto) \u00d752 cm (ancho)<br \/>\n<strong>Material:<\/strong> Corteza<br \/>\n<strong>Peso:<\/strong>77g<\/p>","protected":false},"excerpt":{"rendered":"<p><span data-slate-node=\"text\"><span class=\"\" data-slate-leaf=\"true\" data-sent-id=\"Baxxn9DpYz\" data-para-id=\"1\">Eleva tu espacio con este exclusivo lienzo sin marco con un intrincado dise\u00f1o geom\u00e9trico circular.<\/span><\/span><span data-slate-node=\"text\" data-slate-fragment=\"JTVCJTdCJTIydHlwZSUyMiUzQSUyMnBhcmFncmFwaCUyMiUyQyUyMmNoaWxkcmVuJTIyJTNBJTVCJTdCJTIyaWQlMjIlM0ElMjJCYXh4bjlEcFl6JTIyJTJDJTIycGFyYUlkeCUyMiUzQTElMkMlMjJzcmMlMjIlM0ElMjJFbGV2YXRlJTIweW91ciUyMHNwYWNlJTIwd2l0aCUyMHRoaXMlMjB1bmlxdWUlMjB1bmZyYW1lZCUyMGNhbnZhcyUyMGFydCUyMGZlYXR1cmluZyUyMGFuJTIwaW50cmljYXRlJTIwZ2VvbWV0cmljJTIwY2lyY2xlJTIwcGF0dGVybi4lMjIlMkMlMjJkc3QlMjIlM0ElMjIlRTglQkYlOTklRTYlQUMlQkUlRTclOEIlQUMlRTclODklQjklRTclOUElODQlRTYlOTclQTAlRTYlQTElODYlRTclOTQlQkIlRTUlQjglODMlRTglODklQkElRTYlOUMlQUYlRTQlQkIlQTUlRTUlQTQlOEQlRTYlOUQlODIlRTclOUElODQlRTUlODclQTAlRTQlQkQlOTUlRTUlOUMlODYlRTUlQkQlQTIlRTUlOUIlQkUlRTYlQTElODglRTQlQjglQkElRTclODklQjklRTglODklQjIlRUYlQkMlOEMlRTYlOEYlOTAlRTUlOEQlODclRTYlODIlQTglRTclOUElODQlRTclQTklQkElRTklOTclQjQlRTMlODAlODIlMjIlMkMlMjJtZXRhZGF0YSUyMiUzQSUyMiUyMiUyQyUyMm1hdGNoZXMlMjIlM0FudWxsJTJDJTIydHJhbnNsYXRlZEJ5JTIyJTNBbnVsbCUyQyUyMm1ldGFEYXRhJTIyJTNBJTVCJTVEJTJDJTIydGV4dCUyMiUzQSUyMkVsZXZhdGUlMjB5b3VyJTIwc3BhY2UlMjB3aXRoJTIwdGhpcyUyMHVuaXF1ZSUyMHVuZnJhbWVkJTIwY2FudmFzJTIwYXJ0JTIwZmVhdHVyaW5nJTIwYW4lMjBpbnRyaWNhdGUlMjBnZW9tZXRyaWMlMjBjaXJjbGUlMjBwYXR0ZXJuLiUyMiU3RCUyQyU3QiUyMmlkJTIyJTNBJTIyemc1NTdEcEVkZSUyMiUyQyUyMnBhcmFJZHglMjIlM0ExJTJDJTIyc3JjJTIyJTNBJTIyJTIwQ3JhZnRlZCUyMHdpdGglMjBjYXJlJTJDJTIwdGhlJTIwZGVzaWduJTIwYmxlbmRzJTIwYXJ0aXN0aWMlMjBmbGFpciUyMGFuZCUyMHZpc3VhbCUyMHJoeXRobSUyQyUyMG9mZmVyaW5nJTIwZW5kbGVzcyUyMHBvc3NpYmlsaXRpZXMlMjBmb3IlMjBmcmFtaW5nJTIwYW5kJTIwc3R5bGluZyUyMHRvJTIwbWF0Y2glMjB5b3VyJTIwZGVjb3IuJTIyJTJDJTIyZHN0JTIyJTNBJTIyJUU3JUIyJUJFJUU1JUJGJTgzJUU1JTg4JUI2JUU0JUJEJTlDJUVGJUJDJThDJUU4JUFGJUE1JUU4JUFFJUJFJUU4JUFFJUExJUU4JTlFJThEJUU1JTkwJTg4JUU0JUJBJTg2JUU4JTg5JUJBJUU2JTlDJUFGJUU1JUE0JUE5JUU4JUI1JThCJUU1JTkyJThDJUU4JUE3JTg2JUU4JUE3JTg5JUU4JThBJTgyJUU1JUE1JThGJUVGJUJDJThDJUU0JUI4JUJBJUU2JUExJTg2JUU2JTlFJUI2JUU1JTkyJThDJUU5JTgwJUEwJUU1JTlFJThCJUU2JThGJTkwJUU0JUJFJTlCJUU0JUJBJTg2JUU2JTk3JUEwJUU5JTk5JTkwJUU3JTlBJTg0JUU1JThGJUFGJUU4JTgzJUJEJUU2JTgwJUE3JUVGJUJDJThDJUU0JUJCJUE1JUU1JThDJUI5JUU5JTg1JThEJUU2JTgyJUE4JUU3JTlBJTg0JUU4JUEzJTg1JUU5JUE1JUIwJUUzJTgwJTgyJTIyJTJDJTIybWV0YWRhdGElMjIlM0ElMjIlMjIlMkMlMjJtYXRjaGVzJTIyJTNBbnVsbCUyQyUyMnRyYW5zbGF0ZWRCeSUyMiUzQW51bGwlMkMlMjJtZXRhRGF0YSUyMiUzQSU1QiU1RCUyQyUyMnRleHQlMjIlM0ElMjIlMjBDcmFmdGVkJTIwd2l0aCUyMGNhcmUlMkMlMjB0aGUlMjBkZXNpZ24lMjBibGVuZHMlMjBhcnRpc3RpYyUyMGZsYWlyJTIwYW5kJTIwdmlzdWFsJTIwcmh5dGhtJTJDJTIwb2ZmZXJpbmclMjBlbmRsZXNzJTIwcG9zc2liaWxpdGllcyUyMGZvciUyMGZyYW1pbmclMjBhbmQlMjBzdHlsaW5nJTIwdG8lMjBtYXRjaCUyMHlvdXIlMjBkZWNvci4lMjIlN0QlMkMlN0IlMjJpZCUyMiUzQSUyMnpyWlprRU1Sb3olMjIlMkMlMjJwYXJhSWR4JTIyJTNBMSUyQyUyMnNyYyUyMiUzQSUyMiUyMEElMjBwZXJmZWN0JTIwcGljayUyMGZvciUyMGFydCUyMGxvdmVycyUyMHNlZWtpbmclMjBhJTIwZGlzdGluY3RpdmUlMjB0b3VjaCUyMGZvciUyMHRoZWlyJTIwd2FsbHMuJTIyJTJDJTIyZHN0JTIyJTNBJTIyJUU1JUFGJUI5JUU0JUJBJThFJUU1JUFGJUJCJUU2JUIxJTgyJUU1JUEyJTk5JUU1JUEzJTgxJUU3JThCJUFDJUU3JTg5JUI5JUU4JUE3JUE2JUU2JTg0JTlGJUU3JTlBJTg0JUU4JTg5JUJBJUU2JTlDJUFGJUU3JTg4JUIxJUU1JUE1JUJEJUU4JTgwJTg1JUU2JTlEJUE1JUU4JUFGJUI0JUVGJUJDJThDJUU4JUJGJTk5JUU2JTk4JUFGJUU0JUI4JTgwJUU0JUI4JUFBJUU1JUFFJThDJUU3JUJFJThFJUU3JTlBJTg0JUU5JTgwJTg5JUU2JThCJUE5JUUzJTgwJTgyJTIyJTJDJTIybWV0YWRhdGElMjIlM0ElMjIlMjIlMkMlMjJtYXRjaGVzJTIyJTNBbnVsbCUyQyUyMnRyYW5zbGF0ZWRCeSUyMiUzQW51bGwlMkMlMjJtZXRhRGF0YSUyMiUzQSU1QiU1RCUyQyUyMnRleHQlMjIlM0ElMjIlMjAlMjIlN0QlNUQlN0QlNUQ=\"><span class=\"hover-sent\" data-slate-leaf=\"true\" data-sent-id=\"zg557DpEde\" data-para-id=\"1\"> Elaborado con esmero, el dise\u00f1o combina estilo art\u00edstico y ritmo visual, ofreciendo infinitas posibilidades para enmarcarlo y estilizarlo a juego con su decoraci\u00f3n.<\/span><\/span><\/p>","protected":false},"featured_media":1800,"comment_status":"open","ping_status":"closed","template":"","meta":[],"product_brand":[],"product_cat":[34,40],"product_tag":[],"class_list":{"0":"post-1810","1":"product","2":"type-product","3":"status-publish","4":"has-post-thumbnail","6":"product_cat-art-core-unframed","7":"product_cat-bark-paper-art-core","9":"first","10":"instock","11":"shipping-taxable","12":"product-type-simple"},"_links":{"self":[{"href":"https:\/\/tengyaart.com\/es\/wp-json\/wp\/v2\/product\/1810","targetHints":{"allow":["GET"]}}],"collection":[{"href":"https:\/\/tengyaart.com\/es\/wp-json\/wp\/v2\/product"}],"about":[{"href":"https:\/\/tengyaart.com\/es\/wp-json\/wp\/v2\/types\/product"}],"replies":[{"embeddable":true,"href":"https:\/\/tengyaart.com\/es\/wp-json\/wp\/v2\/comments?post=1810"}],"wp:featuredmedia":[{"embeddable":true,"href":"https:\/\/tengyaart.com\/es\/wp-json\/wp\/v2\/media\/1800"}],"wp:attachment":[{"href":"https:\/\/tengyaart.com\/es\/wp-json\/wp\/v2\/media?parent=1810"}],"wp:term":[{"taxonomy":"product_brand","embeddable":true,"href":"https:\/\/tengyaart.com\/es\/wp-json\/wp\/v2\/product_brand?post=1810"},{"taxonomy":"product_cat","embeddable":true,"href":"https:\/\/tengyaart.com\/es\/wp-json\/wp\/v2\/product_cat?post=1810"},{"taxonomy":"product_tag","embeddable":true,"href":"https:\/\/tengyaart.com\/es\/wp-json\/wp\/v2\/product_tag?post=1810"}],"curies":[{"name":"wp","href":"https:\/\/api.w.org\/{rel}","templated":true}]}}