{"id":1797,"date":"2025-09-03T08:04:58","date_gmt":"2025-09-03T08:04:58","guid":{"rendered":"https:\/\/tengyaart.com\/?post_type=product&#038;p=1797"},"modified":"2025-09-03T08:04:58","modified_gmt":"2025-09-03T08:04:58","slug":"handcrafted-paper-bark-wall-hanging-art","status":"publish","type":"product","link":"https:\/\/tengyaart.com\/es\/handcrafted-paper-bark-wall-hanging-art\/","title":{"rendered":"Colgante artesanal de papel y corteza de \u00e1rbol"},"content":{"rendered":"<p><strong>Atractivo visual distintivo<\/strong><br \/>\nTomando los materiales naturales como n\u00facleo, respetuosos con el medio ambiente y renovables, los dise\u00f1os innovadores aportan un lenguaje est\u00e9tico \u00fanico a las obras de arte, ayudando a que su proyecto destaque en un entorno de dise\u00f1o ferozmente competitivo.<br \/>\n<strong>Artesan\u00eda garantizada<\/strong><br \/>\nCada pieza se fabrica bajo estrictas normas de control de calidad para garantizar la uniformidad del acabado, la durabilidad y la idoneidad para su instalaci\u00f3n a largo plazo tanto en espacios comerciales como residenciales.<br \/>\n<strong>Potenciaci\u00f3n del dise\u00f1o<\/strong><br \/>\nLa obra, impregnada de expresivas texturas naturales, ofrece a dise\u00f1adores de interiores y arquitectos una convincente herramienta visual para elevar la narrativa espacial y crear impactantes puntos focales.<br \/>\n<strong>Potencial de personalizaci\u00f3n<\/strong><br \/>\n(Si procede) Las opciones personalizadas -incluidas dimensiones, paletas de tonos y combinaciones de texturas- est\u00e1n disponibles previa consulta para adaptarse a requisitos de dise\u00f1o espec\u00edficos o necesidades de proyectos a gran escala.<\/p>\n<h2>Especificaci\u00f3n del producto<\/h2>\n<p><strong>Material:<\/strong>\u00a0 Pape &amp; Bark<\/p>","protected":false},"excerpt":{"rendered":"<p><span data-slate-fragment=\"JTVCJTdCJTIydHlwZSUyMiUzQSUyMnBhcmFncmFwaCUyMiUyQyUyMmNoaWxkcmVuJTIyJTNBJTVCJTdCJTIyaWQlMjIlM0ElMjJCdzIybDd4cjV6JTIyJTJDJTIycGFyYUlkeCUyMiUzQTAlMkMlMjJzcmMlMjIlM0ElMjJFbGV2YXRlJTIweW91ciUyMHNwYWNlJTIwd2l0aCUyMHRoaXMlMjB1bmlxdWUlMjBoYW5kY3JhZnRlZCUyMHdhbGwlMjBhcnQlMkMlMjBtZXRpY3Vsb3VzbHklMjBtYWRlJTIwZnJvbSUyMHBhcGVyJTIwYW5kJTIwbmF0dXJhbCUyMGJhcmsuJTIwRmVhdHVyaW5nJTIwYW4lMjBvcmdhbmljJTIwdGV4dHVyZSUyMHdpdGglMjBmbG93aW5nJTIwbGluZXMlMjBhbmQlMjBlYXJ0aHklMjB0b25lcyUyQyUyMHBsdXMlMjBkZWxpY2F0ZSUyMGZyaW5nZXMlMkMlMjBpdCUyMGJyaW5ncyUyMGElMjB0b3VjaCUyMG9mJTIwbmF0dXJlJ3MlMjBhcnRpc3RyeSUyMGFuZCUyMGJvaGVtaWFuJTIwY2hhcm0lMjB0byUyMGFueSUyMHJvb20lMkMlMjBtYWtpbmclMjBpdCUyMGElMjBzdGFuZG91dCUyMGRlY29yJTIwcGllY2UlMjBmb3IlMjB5b3VyJTIwaG9tZSUyMG9yJTIwb2ZmaWNlLiUyMiUyQyUyMmRzdCUyMiUzQSUyMiVFOCVCRiU5OSVFNiVBQyVCRSVFNyU4QiVBQyVFNyU4OSVCOSVFNyU5QSU4NCVFNiU4OSU4QiVFNSVCNyVBNSVFNSVBMiU5OSVFNSVBMyU4MSVFOCU4OSVCQSVFNiU5QyVBRiVFRiVCQyU4QyVFNyU5NCVCMSVFNyVCQSVCOCVFNSVCQyVBMCVFNSU5MiU4QyVFNSVBNCVBOSVFNyU4NCVCNiVFNiVBMCU5MSVFNyU5QSVBRSVFNyVCMiVCRSVFNSVCRiU4MyVFNSU4OCVCNiVFNCVCRCU5QyVFOCU4MCU4QyVFNiU4OCU5MCVFRiVCQyU4QyVFNiU4RiU5MCVFNSU4RCU4NyVFNiU4MiVBOCVFNyU5QSU4NCVFNyVBOSVCQSVFOSU5NyVCNCVFMyU4MCU4MiVFNSU4NSVCNiVFNiU5QyU4OSVFNiU5QyVCQSVFNyVCQSVCOSVFNyU5MCU4NiVFMyU4MCU4MSVFNiVCNSU4MSVFNyU5NSU4NSVFNyU5QSU4NCVFNyVCQSVCRiVFNiU5RCVBMSVFNSU5MiU4QyVFNiVCMyVBNSVFNSU5QyU5RiVFOCU4OSVCMiVFOCVCMCU4MyVFRiVCQyU4QyVFNSU4NiU4RCVFNSU4QSVBMCVFNCVCOCU4QSVFNyVCMiVCRSVFOCU4NyVCNCVFNyU5QSU4NCVFOCVCRSVCOSVFNyVCQyU5OCVFRiVCQyU4QyVFNCVCOCVCQSVFNCVCQiVCQiVFNCVCRCU5NSVFNiU4OCVCRiVFOSU5NyVCNCVFNSVCOCVBNiVFNiU5RCVBNSVFNCVCQSU4NiVFNSVBNCVBNyVFOCU4NyVBQSVFNyU4NCVCNiVFNyU5QSU4NCVFOCU4OSVCQSVFNiU5QyVBRiVFNiU4MCVBNyVFNSU5MiU4QyVFNiVCMyVBMiVFOCVBNSVCRiVFNyVCMSVCMyVFNCVCQSU5QSVFOSVBRCU4NSVFNSU4QSU5QiVFRiVCQyU4QyVFNCVCRCVCRiVFNSU4NSVCNiVFNiU4OCU5MCVFNCVCOCVCQSVFNiU4MiVBOCVFNSVBRSVCNiVFNiU4OCU5NiVFNSU4QSU5RSVFNSU4NSVBQyVFNSVBRSVBNCVFNyU5QSU4NCVFNiU5RCVCMCVFNSU4NyVCQSVFOCVBMyU4NSVFOSVBNSVCMCVFMyU4MCU4MiUyMiUyQyUyMm1ldGFkYXRhJTIyJTNBJTIyJTIyJTJDJTIybWF0Y2hlcyUyMiUzQW51bGwlMkMlMjJ0cmFuc2xhdGVkQnklMjIlM0FudWxsJTJDJTIybWV0YURhdGElMjIlM0ElNUIlNUQlMkMlMjJ0ZXh0JTIyJTNBJTIyRWxldmF0ZSUyMHlvdXIlMjBzcGFjZSUyMHdpdGglMjB0aGlzJTIwdW5pcXVlJTIwaGFuZGNyYWZ0ZWQlMjB3YWxsJTIwYXJ0JTJDJTIwbWV0aWN1bG91c2x5JTIwbWFkZSUyMGZyb20lMjBwYXBlciUyMGFuZCUyMG5hdHVyYWwlMjBiYXJrLiUyMEZlYXR1cmluZyUyMGFuJTIwb3JnYW5pYyUyMHRleHR1cmUlMjB3aXRoJTIwZmxvd2luZyUyMGxpbmVzJTIwYW5kJTIwZWFydGh5JTIwdG9uZXMlMkMlMjBwbHVzJTIwZGVsaWNhdGUlMjBmcmluZ2VzJTJDJTIwaXQlMjBicmluZ3MlMjBhJTIwdG91Y2glMjBvZiUyMG5hdHVyZSdzJTIwYXJ0aXN0cnklMjBhbmQlMjBib2hlbWlhbiUyMGNoYXJtJTIwdG8lMjBhbnklMjByb29tJTJDJTIwbWFraW5nJTIwaXQlMjBhJTIwc3RhbmRvdXQlMjBkZWNvciUyMHBpZWNlJTIwZm9yJTIweW91ciUyMGhvbWUlMjBvciUyMG9mZmljZS4lMjIlN0QlNUQlN0QlNUQ=\">Elevate your space with this unique handcrafted wall art, meticulously made from paper and natural bark. Featuring an organic texture with flowing lines and earthy tones, plus delicate fringes, it brings a touch of nature&#8217;s artistry and bohemian charm to any room, making it a standout decor piece for your home or office.<\/span><\/p>","protected":false},"featured_media":1798,"comment_status":"open","ping_status":"closed","template":"","meta":[],"product_brand":[],"product_cat":[34],"product_tag":[],"class_list":{"0":"post-1797","1":"product","2":"type-product","3":"status-publish","4":"has-post-thumbnail","6":"product_cat-art-core-unframed","7":"pa_size-m4080w-4080h","8":"pa_style-woven-stacked-patchwork","10":"first","11":"instock","12":"shipping-taxable","13":"product-type-simple"},"_links":{"self":[{"href":"https:\/\/tengyaart.com\/es\/wp-json\/wp\/v2\/product\/1797","targetHints":{"allow":["GET"]}}],"collection":[{"href":"https:\/\/tengyaart.com\/es\/wp-json\/wp\/v2\/product"}],"about":[{"href":"https:\/\/tengyaart.com\/es\/wp-json\/wp\/v2\/types\/product"}],"replies":[{"embeddable":true,"href":"https:\/\/tengyaart.com\/es\/wp-json\/wp\/v2\/comments?post=1797"}],"wp:featuredmedia":[{"embeddable":true,"href":"https:\/\/tengyaart.com\/es\/wp-json\/wp\/v2\/media\/1798"}],"wp:attachment":[{"href":"https:\/\/tengyaart.com\/es\/wp-json\/wp\/v2\/media?parent=1797"}],"wp:term":[{"taxonomy":"product_brand","embeddable":true,"href":"https:\/\/tengyaart.com\/es\/wp-json\/wp\/v2\/product_brand?post=1797"},{"taxonomy":"product_cat","embeddable":true,"href":"https:\/\/tengyaart.com\/es\/wp-json\/wp\/v2\/product_cat?post=1797"},{"taxonomy":"product_tag","embeddable":true,"href":"https:\/\/tengyaart.com\/es\/wp-json\/wp\/v2\/product_tag?post=1797"}],"curies":[{"name":"wp","href":"https:\/\/api.w.org\/{rel}","templated":true}]}}