{"id":1494,"date":"2025-08-25T08:01:38","date_gmt":"2025-08-25T08:01:38","guid":{"rendered":"https:\/\/tengyaart.com\/?post_type=product&#038;p=1494"},"modified":"2025-08-25T08:01:38","modified_gmt":"2025-08-25T08:01:38","slug":"papel-simple-y-fresco-flor-arte-de-la-pared","status":"publish","type":"product","link":"https:\/\/tengyaart.com\/es\/papel-simple-y-fresco-flor-arte-de-la-pared\/","title":{"rendered":"Papel de pared con flores frescas y sencillas"},"content":{"rendered":"<p><strong>Atractivo visual distintivo<\/strong><br \/>\nTomando los materiales naturales como n\u00facleo, respetuosos con el medio ambiente y renovables, los dise\u00f1os innovadores aportan un lenguaje est\u00e9tico \u00fanico a las obras de arte, ayudando a que su proyecto destaque en un entorno de dise\u00f1o ferozmente competitivo.<br \/>\n<strong>Artesan\u00eda garantizada<\/strong><br \/>\nCada pieza se fabrica bajo estrictas normas de control de calidad para garantizar la uniformidad del acabado, la durabilidad y la idoneidad para su instalaci\u00f3n a largo plazo tanto en espacios comerciales como residenciales.<br \/>\n<strong>Potenciaci\u00f3n del dise\u00f1o<\/strong><br \/>\nLa obra, impregnada de expresivas texturas naturales, ofrece a dise\u00f1adores de interiores y arquitectos una convincente herramienta visual para elevar la narrativa espacial y crear impactantes puntos focales.<br \/>\n<strong>Potencial de personalizaci\u00f3n<\/strong><br \/>\n(Si procede) Las opciones personalizadas -incluidas dimensiones, paletas de tonos y combinaciones de texturas- est\u00e1n disponibles previa consulta para adaptarse a requisitos de dise\u00f1o espec\u00edficos o necesidades de proyectos a gran escala.<\/p>\n<h2>Especificaci\u00f3n del producto<\/h2>\n<p><strong>Dimensiones:<\/strong>40 cm (alto) \u00d7 40 cm (ancho) \u00d7 3 cm (fondo)<br \/>\n<strong>Material:<\/strong>\u00a0 Papel<br \/>\n<strong>Marco:<\/strong> Marco de PS (poliestireno)<br \/>\n<strong>Tapa de cristal:<\/strong> Incluido (cristal protector transparente)<br \/>\n<strong>Peso:<\/strong>0,8 kg<\/p>","protected":false},"excerpt":{"rendered":"<p>Una decoraci\u00f3n de pared de arte en papel muy sencilla, con una base circular tejida de papel artesanal de color original, decorada con flores de papel blanco hechas a mano en el c\u00edrculo. El sencillo y elegante marco blanco es perfecto para a\u00f1adir un toque de elegancia bohemia y r\u00fastica a cualquier espacio.<\/p>","protected":false},"featured_media":1489,"comment_status":"open","ping_status":"closed","template":"","meta":[],"product_brand":[],"product_cat":[33,36],"product_tag":[],"class_list":{"0":"post-1494","1":"product","2":"type-product","3":"status-publish","4":"has-post-thumbnail","6":"product_cat-finished-wall-art","7":"product_cat-paper-wall-art","8":"pa_size-m4080w-4080h","9":"pa_style-floral-botanical","11":"first","12":"instock","13":"shipping-taxable","14":"product-type-simple"},"_links":{"self":[{"href":"https:\/\/tengyaart.com\/es\/wp-json\/wp\/v2\/product\/1494","targetHints":{"allow":["GET"]}}],"collection":[{"href":"https:\/\/tengyaart.com\/es\/wp-json\/wp\/v2\/product"}],"about":[{"href":"https:\/\/tengyaart.com\/es\/wp-json\/wp\/v2\/types\/product"}],"replies":[{"embeddable":true,"href":"https:\/\/tengyaart.com\/es\/wp-json\/wp\/v2\/comments?post=1494"}],"wp:featuredmedia":[{"embeddable":true,"href":"https:\/\/tengyaart.com\/es\/wp-json\/wp\/v2\/media\/1489"}],"wp:attachment":[{"href":"https:\/\/tengyaart.com\/es\/wp-json\/wp\/v2\/media?parent=1494"}],"wp:term":[{"taxonomy":"product_brand","embeddable":true,"href":"https:\/\/tengyaart.com\/es\/wp-json\/wp\/v2\/product_brand?post=1494"},{"taxonomy":"product_cat","embeddable":true,"href":"https:\/\/tengyaart.com\/es\/wp-json\/wp\/v2\/product_cat?post=1494"},{"taxonomy":"product_tag","embeddable":true,"href":"https:\/\/tengyaart.com\/es\/wp-json\/wp\/v2\/product_tag?post=1494"}],"curies":[{"name":"wp","href":"https:\/\/api.w.org\/{rel}","templated":true}]}}