{"id":1459,"date":"2025-08-24T08:50:10","date_gmt":"2025-08-24T08:50:10","guid":{"rendered":"https:\/\/tengyaart.com\/?post_type=product&#038;p=1459"},"modified":"2025-08-24T08:50:11","modified_gmt":"2025-08-24T08:50:11","slug":"lineas-de-arte-de-papel-hoja-de-arce-arte-de-la-pared","status":"publish","type":"product","link":"https:\/\/tengyaart.com\/es\/lineas-de-arte-de-papel-hoja-de-arce-arte-de-la-pared\/","title":{"rendered":"Paper Art Lines Hoja de arce de pared"},"content":{"rendered":"<p><strong>Atractivo visual distintivo<\/strong><br \/>\nTomando los materiales naturales como n\u00facleo, respetuosos con el medio ambiente y renovables, los dise\u00f1os innovadores aportan un lenguaje est\u00e9tico \u00fanico a las obras de arte, ayudando a que su proyecto destaque en un entorno de dise\u00f1o ferozmente competitivo.<br \/>\n<strong>Artesan\u00eda garantizada<\/strong><br \/>\nCada pieza se fabrica bajo estrictas normas de control de calidad para garantizar la uniformidad del acabado, la durabilidad y la idoneidad para su instalaci\u00f3n a largo plazo tanto en espacios comerciales como residenciales.<br \/>\n<strong>Potenciaci\u00f3n del dise\u00f1o<\/strong><br \/>\nLa obra, impregnada de expresivas texturas naturales, ofrece a dise\u00f1adores de interiores y arquitectos una convincente herramienta visual para elevar la narrativa espacial y crear impactantes puntos focales.<br \/>\n<strong>Potencial de personalizaci\u00f3n<\/strong><br \/>\n(Si procede) Las opciones personalizadas -incluidas dimensiones, paletas de tonos y combinaciones de texturas- est\u00e1n disponibles previa consulta para adaptarse a requisitos de dise\u00f1o espec\u00edficos o necesidades de proyectos a gran escala.<\/p>\n<h2>Especificaci\u00f3n del producto<\/h2>\n<p><strong>Dimensiones:<\/strong>50 cm (alto) \u00d7 50 cm (ancho) \u00d7 3 cm (fondo)<br \/>\n<strong>Material: <\/strong>Papel\u3001Alambre<br \/>\n<strong>Marco:<\/strong> Marco de PS (poliestireno)<br \/>\n<strong>Tapa de cristal:<\/strong> Incluido (cristal protector transparente)<br \/>\n<strong>Peso:<\/strong>2,2 kg<\/p>","protected":false},"excerpt":{"rendered":"<p>Cree motivos de hojas de arce con materiales de papel. Las hojas de arce, de gran calidad y realistas, est\u00e1n ingeniosamente montadas en un moderno marco de madera oscura, combinado con un fondo de tonos neutros. Lleva la belleza de la naturaleza al interior, por lo que es la elecci\u00f3n perfecta para hogares, oficinas o cualquier espacio que requiera una decoraci\u00f3n elegante y \u00fanica.<\/p>","protected":false},"featured_media":1384,"comment_status":"open","ping_status":"closed","template":"","meta":[],"product_brand":[],"product_cat":[33,36],"product_tag":[],"class_list":{"0":"post-1459","1":"product","2":"type-product","3":"status-publish","4":"has-post-thumbnail","6":"product_cat-finished-wall-art","7":"product_cat-paper-wall-art","8":"pa_size-m4080w-4080h","9":"pa_style-floral-botanical","11":"first","12":"instock","13":"shipping-taxable","14":"product-type-simple"},"_links":{"self":[{"href":"https:\/\/tengyaart.com\/es\/wp-json\/wp\/v2\/product\/1459","targetHints":{"allow":["GET"]}}],"collection":[{"href":"https:\/\/tengyaart.com\/es\/wp-json\/wp\/v2\/product"}],"about":[{"href":"https:\/\/tengyaart.com\/es\/wp-json\/wp\/v2\/types\/product"}],"replies":[{"embeddable":true,"href":"https:\/\/tengyaart.com\/es\/wp-json\/wp\/v2\/comments?post=1459"}],"wp:featuredmedia":[{"embeddable":true,"href":"https:\/\/tengyaart.com\/es\/wp-json\/wp\/v2\/media\/1384"}],"wp:attachment":[{"href":"https:\/\/tengyaart.com\/es\/wp-json\/wp\/v2\/media?parent=1459"}],"wp:term":[{"taxonomy":"product_brand","embeddable":true,"href":"https:\/\/tengyaart.com\/es\/wp-json\/wp\/v2\/product_brand?post=1459"},{"taxonomy":"product_cat","embeddable":true,"href":"https:\/\/tengyaart.com\/es\/wp-json\/wp\/v2\/product_cat?post=1459"},{"taxonomy":"product_tag","embeddable":true,"href":"https:\/\/tengyaart.com\/es\/wp-json\/wp\/v2\/product_tag?post=1459"}],"curies":[{"name":"wp","href":"https:\/\/api.w.org\/{rel}","templated":true}]}}