{"id":1326,"date":"2025-08-14T09:16:32","date_gmt":"2025-08-14T09:16:32","guid":{"rendered":"https:\/\/tengyaart.com\/?post_type=product&#038;p=1326"},"modified":"2025-08-14T09:16:32","modified_gmt":"2025-08-14T09:16:32","slug":"arte-mural-con-textura-de-tejido-de-lineas-de-papel","status":"publish","type":"product","link":"https:\/\/tengyaart.com\/es\/arte-mural-con-textura-de-tejido-de-lineas-de-papel\/","title":{"rendered":"Textura de tejido de l\u00edneas de papel"},"content":{"rendered":"<p><strong>Atractivo visual distintivo<\/strong><br \/>\nTomando los materiales naturales como n\u00facleo, respetuosos con el medio ambiente y renovables, los dise\u00f1os innovadores aportan un lenguaje est\u00e9tico \u00fanico a las obras de arte, ayudando a que su proyecto destaque en un entorno de dise\u00f1o ferozmente competitivo.<br \/>\n<strong>Artesan\u00eda garantizada<\/strong><br \/>\nCada pieza se fabrica bajo estrictas normas de control de calidad para garantizar la uniformidad del acabado, la durabilidad y la idoneidad para su instalaci\u00f3n a largo plazo tanto en espacios comerciales como residenciales.<br \/>\n<strong>Potenciaci\u00f3n del dise\u00f1o<\/strong><br \/>\nLa obra, impregnada de expresivas texturas naturales, ofrece a dise\u00f1adores de interiores y arquitectos una convincente herramienta visual para elevar la narrativa espacial y crear impactantes puntos focales.<br \/>\n<strong>Potencial de personalizaci\u00f3n<\/strong><br \/>\n(Si procede) Las opciones personalizadas -incluidas dimensiones, paletas de tonos y combinaciones de texturas- est\u00e1n disponibles previa consulta para adaptarse a requisitos de dise\u00f1o espec\u00edficos o necesidades de proyectos a gran escala.<\/p>\n<h2>Especificaci\u00f3n del producto<\/h2>\n<p><strong>Dimensiones:<\/strong>64 cm (alto) \u00d7 64 cm (ancho) \u00d7 4,6 cm (fondo)<br \/>\n<strong>Material:<\/strong>\u00a0 Papel<br \/>\nMarco: Marco de PS (poliestireno)<br \/>\nCubierta de cristal: Incluida (cristal protector transparente)<br \/>\nPeso: 5,6 kg<\/p>","protected":false},"excerpt":{"rendered":"<p>Textura de tejido tridimensional visual hecha a mano, forma geom\u00e9trica simple, inyectando atm\u00f3sfera art\u00edstica al espacio con textura simple y textura \u00fanica, adapt\u00e1ndose a estilos modernos, wabi sabi y otros diversos, iluminando la est\u00e9tica de la pared.<\/p>","protected":false},"featured_media":1341,"comment_status":"open","ping_status":"closed","template":"","meta":[],"product_brand":[],"product_cat":[33,36],"product_tag":[],"class_list":{"0":"post-1326","1":"product","2":"type-product","3":"status-publish","4":"has-post-thumbnail","6":"product_cat-finished-wall-art","7":"product_cat-paper-wall-art","8":"pa_size-m4080w-4080h","9":"pa_style-abstract","11":"first","12":"instock","13":"shipping-taxable","14":"product-type-simple"},"_links":{"self":[{"href":"https:\/\/tengyaart.com\/es\/wp-json\/wp\/v2\/product\/1326","targetHints":{"allow":["GET"]}}],"collection":[{"href":"https:\/\/tengyaart.com\/es\/wp-json\/wp\/v2\/product"}],"about":[{"href":"https:\/\/tengyaart.com\/es\/wp-json\/wp\/v2\/types\/product"}],"replies":[{"embeddable":true,"href":"https:\/\/tengyaart.com\/es\/wp-json\/wp\/v2\/comments?post=1326"}],"wp:featuredmedia":[{"embeddable":true,"href":"https:\/\/tengyaart.com\/es\/wp-json\/wp\/v2\/media\/1341"}],"wp:attachment":[{"href":"https:\/\/tengyaart.com\/es\/wp-json\/wp\/v2\/media?parent=1326"}],"wp:term":[{"taxonomy":"product_brand","embeddable":true,"href":"https:\/\/tengyaart.com\/es\/wp-json\/wp\/v2\/product_brand?post=1326"},{"taxonomy":"product_cat","embeddable":true,"href":"https:\/\/tengyaart.com\/es\/wp-json\/wp\/v2\/product_cat?post=1326"},{"taxonomy":"product_tag","embeddable":true,"href":"https:\/\/tengyaart.com\/es\/wp-json\/wp\/v2\/product_tag?post=1326"}],"curies":[{"name":"wp","href":"https:\/\/api.w.org\/{rel}","templated":true}]}}